{"id":265,"date":"2017-11-01T09:36:25","date_gmt":"2017-11-01T08:36:25","guid":{"rendered":"http:\/\/www.aeroclub-avranches.org\/wp2\/?page_id=265"},"modified":"2025-09-10T10:12:21","modified_gmt":"2025-09-10T08:12:21","slug":"partenaires","status":"publish","type":"page","link":"https:\/\/www.aeroclub-avranches.org\/wp2\/partenaires\/","title":{"rendered":"Partenaires"},"content":{"rendered":"<p>Ci dessous, vous trouverez la liste de partenaires de l&rsquo;a\u00e9roclub :<\/p>\n<p><a name=\"professionnels\"><\/a><\/p>\n<h5><strong>Professionnels proposant des prestations autres que les vols d\u00e9couverte en avion sur l&rsquo;a\u00e9rodrome d&rsquo;Avranches.<\/strong><\/h5>\n<h5>Vols en ULM<\/h5>\n<p><em>Class\u00e9s par ordre alphab\u00e9tique<\/em><\/p>\n<ul>\n<li style=\"list-style-type: none;\">\n<ul>\n<li>Didier HULIN, <a href=\"mailto:ulm50@wanadoo.fr\">contact<\/a>, 02 33 48 67 48 &#8211; ULM Mont Saint Michel<\/li>\n<li>R\u00e9gis MAO, <a href=\"mailto:regis.mao@wanadoo.fr\">contact<\/a>, 06 81 99 24 79 &#8211; <a href=\"http:\/\/www.normandie-ulm.com\/\">Normandie ULM<\/a><\/li>\n<li>Laurent PAPILLON, <a href=\"mailto:papillonl@wanadoo.fr\">contact<\/a>, 06 68 28 02 83 &#8211; <a href=\"https:\/\/www.manche-ulm-evasion.com\/\">Manche ULM Evasion<\/a><\/li>\n<\/ul>\n<\/li>\n<\/ul>\n<h5>Sauts en parachute<\/h5>\n<ul>\n<li style=\"list-style-type: none;\">\n<ul>\n<li>Abeille PARACHUTISME Normandie, <a href=\"mailto:contact@abeilleparachutisme.fr\">contact<\/a>, 02 31 89 89 66 &#8211; <a href=\"https:\/\/www.abeilleparachutisme.fr\/\">https:\/\/www.abeilleparachutisme.fr\/<\/a><\/li>\n<\/ul>\n<\/li>\n<\/ul>\n<h5>Vols en montgolfi\u00e8re<\/h5>\n<ul>\n<li style=\"list-style-type: none;\">\n<ul>\n<li>Normandie Montgolfi\u00e8re, 06 52 63 86 24, \u00a0<a href=\"mailto:normandiemontgolfiere@hotmail.com\">contact<\/a><\/li>\n<li>Montgolfi\u00e8re de la Manche , 07 85 63 18 16, <a href=\"mailto:montgolfieredelamanche@gmail.com\">contact<\/a><\/li>\n<\/ul>\n<\/li>\n<\/ul>\n<p style=\"text-align: center;\">&#8212;&#8212;&#8212;&#8212;&#8212;-<\/p>\n<h4>Institutionnels<\/h4>\n<p><a href=\"https:\/\/www.manche.fr\/\" target=\"_blank\" rel=\"noopener noreferrer\"><img loading=\"lazy\" decoding=\"async\" class=\"alignleft wp-image-576\" title=\"Conseil G\u00e9n\u00e9ral de la Manche\" src=\"https:\/\/www.aeroclub-avranches.org\/wp2\/wp-content\/uploads\/2012\/08\/logo_cg50_v2.gif\" alt=\"Conseil G\u00e9n\u00e9ral de la Manche\" width=\"97\" height=\"86\" \/>Le Conseil G\u00e9n\u00e9ral de la Manche<\/a><\/p>\n<p>&nbsp;<\/p>\n<p>&nbsp;<\/p>\n<p><a href=\"http:\/\/www.msm-normandie.fr\/\" target=\"_blank\" rel=\"noopener noreferrer\"><img loading=\"lazy\" decoding=\"async\" class=\"alignleft wp-image-1088\" src=\"https:\/\/www.aeroclub-avranches.org\/wp2\/wp-content\/uploads\/2018\/11\/Logo-MSM-150x150.jpg\" alt=\"\" width=\"95\" height=\"95\" srcset=\"https:\/\/www.aeroclub-avranches.org\/wp2\/wp-content\/uploads\/2018\/11\/Logo-MSM-150x150.jpg 150w, https:\/\/www.aeroclub-avranches.org\/wp2\/wp-content\/uploads\/2018\/11\/Logo-MSM-300x300.jpg 300w, https:\/\/www.aeroclub-avranches.org\/wp2\/wp-content\/uploads\/2018\/11\/Logo-MSM-144x144.jpg 144w, https:\/\/www.aeroclub-avranches.org\/wp2\/wp-content\/uploads\/2018\/11\/Logo-MSM-250x250.jpg 250w, https:\/\/www.aeroclub-avranches.org\/wp2\/wp-content\/uploads\/2018\/11\/Logo-MSM-400x400.jpg 400w, https:\/\/www.aeroclub-avranches.org\/wp2\/wp-content\/uploads\/2018\/11\/Logo-MSM-100x100.jpg 100w, https:\/\/www.aeroclub-avranches.org\/wp2\/wp-content\/uploads\/2018\/11\/Logo-MSM.jpg 446w\" sizes=\"auto, (max-width: 95px) 85vw, 95px\" \/><\/a><a href=\"http:\/\/www.msm-normandie.fr\/fr\/\" target=\"_blank\" rel=\"noopener noreferrer\">Communaut\u00e9 d&rsquo;agglom\u00e9ration Avranches Mont Saint Michel<\/a><\/p>\n<p>&nbsp;<\/p>\n<p>&nbsp;<\/p>\n<p><img loading=\"lazy\" decoding=\"async\" class=\"wp-image-1078 alignleft\" src=\"https:\/\/www.aeroclub-avranches.org\/wp2\/wp-content\/uploads\/2018\/11\/Blason-valide-full-227x300.jpg\" alt=\"\" width=\"78\" height=\"103\" srcset=\"https:\/\/www.aeroclub-avranches.org\/wp2\/wp-content\/uploads\/2018\/11\/Blason-valide-full-227x300.jpg 227w, https:\/\/www.aeroclub-avranches.org\/wp2\/wp-content\/uploads\/2018\/11\/Blason-valide-full-768x1016.jpg 768w, https:\/\/www.aeroclub-avranches.org\/wp2\/wp-content\/uploads\/2018\/11\/Blason-valide-full-774x1024.jpg 774w, https:\/\/www.aeroclub-avranches.org\/wp2\/wp-content\/uploads\/2018\/11\/Blason-valide-full-400x529.jpg 400w, https:\/\/www.aeroclub-avranches.org\/wp2\/wp-content\/uploads\/2018\/11\/Blason-valide-full.jpg 962w\" sizes=\"auto, (max-width: 78px) 85vw, 78px\" \/><a href=\"https:\/\/www.avranches.fr\/\" target=\"_blank\" rel=\"noopener\">Ville d&rsquo;Avranches<\/a><\/p>\n<p>&nbsp;<\/p>\n<p>&nbsp;<\/p>\n<p><a href=\"http:\/\/www.manchetourisme.com\/\" target=\"_blank\" rel=\"noopener noreferrer\"><img loading=\"lazy\" decoding=\"async\" class=\"alignleft wp-image-580\" title=\"Manche Tourisme\" src=\"https:\/\/www.aeroclub-avranches.org\/wp2\/wp-content\/uploads\/2012\/08\/logo_manchep.jpg\" alt=\"Manche Tourisme\" width=\"73\" height=\"92\" \/>Manche Tourisme<\/a><\/p>\n<p>&nbsp;<\/p>\n<p style=\"text-align: center;\">&#8212;&#8212;&#8212;&#8212;&#8212;&#8211;<\/p>\n<h4>H\u00e9bergement<\/h4>\n<p><a href=\"https:\/\/www.hotel-bb.com\/en\/hotel\/avranches-baie-du-mont-saint-michel\" target=\"_blank\" rel=\"noopener noreferrer\"><img loading=\"lazy\" decoding=\"async\" class=\"alignLeft size-full wp-image-586\" title=\"Hotel B&amp;B\" src=\"https:\/\/www.aeroclub-avranches.org\/wp2\/wp-content\/uploads\/2012\/08\/logo_bb.gif\" alt=\"Hotel B&amp;B\" width=\"83\" height=\"85\" \/>B&amp;B<\/a><\/p>\n<p>&nbsp;<\/p>\n<p><a title=\"Hotel Mont Saint Michel\" href=\"http:\/\/hotelmontsaintmichel.net\/\" target=\"_blank\" rel=\"noopener noreferrer\"><img loading=\"lazy\" decoding=\"async\" class=\"alignleft wp-image-425\" src=\"https:\/\/www.aeroclub-avranches.org\/wp2\/wp-content\/uploads\/2018\/01\/bandeau_hotel-mont-saint-michel-300x159.png\" alt=\"Hotel Mont Saint Michel\" width=\"205\" height=\"108\" \/><\/a> <a title=\"Hotel Mont Saint Michel\" href=\"https:\/\/hotelmontsaintmichel.net\/\" target=\"_blank\" rel=\"noopener noreferrer\">Hotel Mont Saint Michel<\/a><\/p>\n<p>&nbsp;<\/p>\n<p>&nbsp;<\/p>\n<p>&nbsp;<\/p>\n<p><a href=\"https:\/\/www.hotel-mont-saint-michel.com\/\" target=\"_blank\" rel=\"noopener noreferrer\"><img loading=\"lazy\" decoding=\"async\" class=\"alignleft size-full wp-image-589\" title=\"Hotel Altos\" src=\"https:\/\/www.aeroclub-avranches.org\/wp2\/wp-content\/uploads\/2012\/08\/logo_altos1.gif\" alt=\"Hotel Altos\" width=\"140\" height=\"50\" \/>Hotel Altos<\/a><\/p>\n<p>&nbsp;<\/p>\n<p>&nbsp;<\/p>\n<p><img loading=\"lazy\" decoding=\"async\" class=\"alignleft size-medium wp-image-595\" title=\"Le Moulin de Marcey les Gr\u00e8ves\" src=\"https:\/\/www.aeroclub-avranches.org\/wp2\/wp-content\/uploads\/2012\/09\/logo_moulin_marcey-300x66.gif\" alt=\"\" width=\"300\" height=\"66\" \/>Le Moulin de Marcey les Gr\u00e8ves<\/p>\n<p>&nbsp;<\/p>\n<p>&nbsp;<\/p>\n<p>&nbsp;<\/p>\n<p><a href=\"http:\/\/www.pamphilienne.fr\/\" target=\"_blank\" rel=\"noopener noreferrer\"><img loading=\"lazy\" decoding=\"async\" class=\"alignleft\" title=\"pamphilienne\" src=\"https:\/\/www.aeroclub-avranches.org\/images\/logo_gite_pamphilienne.png\" alt=\"pamphilienne\" width=\"100\" height=\"100\" \/>Pamphilienne<\/a><\/p>\n<p>&nbsp;<\/p>\n<p>&nbsp;<\/p>\n<p>&nbsp;<\/p>\n<p><a href=\"https:\/\/www.gites-de-france-manche.com\/location-vacances-Gite-a-Bacilly-Manche-50G354.html\" target=\"_blank\" rel=\"noopener noreferrer\"><img loading=\"lazy\" decoding=\"async\" class=\"alignleft size-full wp-image-599\" title=\"Gite Rural Le Grand Moulin Le Comte\" src=\"https:\/\/www.aeroclub-avranches.org\/wp2\/wp-content\/uploads\/2012\/09\/logo_le-grand-moulin-lecomte2.jpg\" alt=\"\" width=\"150\" height=\"65\" \/>Gite Rural Le Grand Moulin Le Comte<\/a><\/p>\n<p>&nbsp;<\/p>\n<p>&nbsp;<\/p>\n<p style=\"text-align: center;\">&#8212;&#8212;&#8212;&#8212;&#8212;&#8211;<\/p>\n<h4>Activit\u00e9s &#8211; Tourisme &#8211; Loisirs<\/h4>\n<p><img loading=\"lazy\" decoding=\"async\" class=\"wp-image-1078 alignleft\" src=\"https:\/\/www.aeroclub-avranches.org\/wp2\/wp-content\/uploads\/2018\/11\/Blason-valide-full-227x300.jpg\" alt=\"\" width=\"90\" height=\"119\" srcset=\"https:\/\/www.aeroclub-avranches.org\/wp2\/wp-content\/uploads\/2018\/11\/Blason-valide-full-227x300.jpg 227w, https:\/\/www.aeroclub-avranches.org\/wp2\/wp-content\/uploads\/2018\/11\/Blason-valide-full-768x1016.jpg 768w, https:\/\/www.aeroclub-avranches.org\/wp2\/wp-content\/uploads\/2018\/11\/Blason-valide-full-774x1024.jpg 774w, https:\/\/www.aeroclub-avranches.org\/wp2\/wp-content\/uploads\/2018\/11\/Blason-valide-full-400x529.jpg 400w, https:\/\/www.aeroclub-avranches.org\/wp2\/wp-content\/uploads\/2018\/11\/Blason-valide-full.jpg 962w\" sizes=\"auto, (max-width: 90px) 85vw, 90px\" \/><\/p>\n<p><a href=\"https:\/\/www.avranches.fr\">Office de tourisme de la ville d&rsquo;Avranches<\/a><\/p>\n<p>&nbsp;<\/p>\n<p>&nbsp;<\/p>\n<p><img loading=\"lazy\" decoding=\"async\" class=\"size-full wp-image-1064 alignleft\" src=\"https:\/\/www.aeroclub-avranches.org\/wp2\/wp-content\/uploads\/2018\/11\/dmsm.jpg\" alt=\"\" width=\"282\" height=\"113\" \/><\/p>\n<p>&nbsp;<\/p>\n<p>Toute l&rsquo;information sur le Mont Saint-Michel<\/p>\n<p>&nbsp;<\/p>\n<p><img loading=\"lazy\" decoding=\"async\" class=\"alignleft size-full wp-image-602\" title=\"Travers\u00e9es Lavadoux\" src=\"http:\/\/www.aeroclub-avranches.org\/wp2\/wp-content\/uploads\/2012\/10\/traversees_lavadoux.jpg\" alt=\"\" width=\"207\" height=\"82\" \/><a href=\"http:\/\/www.traversee-baie.com\/\">Travers\u00e9es Lavadoux<\/a><\/p>\n<p>Randonn\u00e9es en baie du Mont Saint-Michel<\/p>\n<p>&nbsp;<\/p>\n<p><img loading=\"lazy\" decoding=\"async\" class=\" wp-image-1061 alignleft\" src=\"https:\/\/www.aeroclub-avranches.org\/wp2\/wp-content\/uploads\/2018\/11\/decouvertebaie-300x96.jpg\" alt=\"\" width=\"216\" height=\"69\" srcset=\"https:\/\/www.aeroclub-avranches.org\/wp2\/wp-content\/uploads\/2018\/11\/decouvertebaie-300x96.jpg 300w, https:\/\/www.aeroclub-avranches.org\/wp2\/wp-content\/uploads\/2018\/11\/decouvertebaie-400x128.jpg 400w, https:\/\/www.aeroclub-avranches.org\/wp2\/wp-content\/uploads\/2018\/11\/decouvertebaie.jpg 401w\" sizes=\"auto, (max-width: 216px) 85vw, 216px\" \/>\u00a0 \u00a0<a href=\"https:\/\/www.decouvertebaie.com\/\">D\u00e9couverte Baie<\/a><\/p>\n<p>Randonn\u00e9es en baie du Mont Saint-Michel<\/p>\n<p>&nbsp;<\/p>\n<p><img loading=\"lazy\" decoding=\"async\" class=\"size-medium wp-image-1062 alignleft\" src=\"https:\/\/www.aeroclub-avranches.org\/wp2\/wp-content\/uploads\/2018\/11\/chemins-de-la-baie-300x51.jpg\" alt=\"\" width=\"300\" height=\"51\" srcset=\"https:\/\/www.aeroclub-avranches.org\/wp2\/wp-content\/uploads\/2018\/11\/chemins-de-la-baie-300x51.jpg 300w, https:\/\/www.aeroclub-avranches.org\/wp2\/wp-content\/uploads\/2018\/11\/chemins-de-la-baie-400x68.jpg 400w, https:\/\/www.aeroclub-avranches.org\/wp2\/wp-content\/uploads\/2018\/11\/chemins-de-la-baie.jpg 690w\" sizes=\"auto, (max-width: 300px) 85vw, 300px\" \/>\u00a0 <a href=\"https:\/\/www.cheminsdelabaie.com\/\">Les chemins de la baie<\/a><\/p>\n<p>Randonn\u00e9es en baie du Mont Saint-Michel<\/p>\n<p>&nbsp;<\/p>\n<p><img loading=\"lazy\" decoding=\"async\" class=\"size-medium wp-image-1063 alignleft\" src=\"https:\/\/www.aeroclub-avranches.org\/wp2\/wp-content\/uploads\/2018\/11\/RB-300x62.jpg\" alt=\"\" width=\"300\" height=\"62\" srcset=\"https:\/\/www.aeroclub-avranches.org\/wp2\/wp-content\/uploads\/2018\/11\/RB-300x62.jpg 300w, https:\/\/www.aeroclub-avranches.org\/wp2\/wp-content\/uploads\/2018\/11\/RB-400x83.jpg 400w, https:\/\/www.aeroclub-avranches.org\/wp2\/wp-content\/uploads\/2018\/11\/RB.jpg 490w\" sizes=\"auto, (max-width: 300px) 85vw, 300px\" \/><\/p>\n<p><a href=\"http:\/\/le-manet-baie.com\/\">Renan Bouvier<\/a><\/p>\n<p>Randonn\u00e9es en baie du Mont Saint-Michel<\/p>\n<p><img loading=\"lazy\" decoding=\"async\" class=\"wp-image-1065 alignleft\" src=\"https:\/\/www.aeroclub-avranches.org\/wp2\/wp-content\/uploads\/2018\/11\/abay-300x224.jpg\" alt=\"\" width=\"137\" height=\"102\" srcset=\"https:\/\/www.aeroclub-avranches.org\/wp2\/wp-content\/uploads\/2018\/11\/abay-300x224.jpg 300w, https:\/\/www.aeroclub-avranches.org\/wp2\/wp-content\/uploads\/2018\/11\/abay-768x574.jpg 768w, https:\/\/www.aeroclub-avranches.org\/wp2\/wp-content\/uploads\/2018\/11\/abay-400x299.jpg 400w, https:\/\/www.aeroclub-avranches.org\/wp2\/wp-content\/uploads\/2018\/11\/abay.jpg 777w\" sizes=\"auto, (max-width: 137px) 85vw, 137px\" \/><\/p>\n<p><a href=\"https:\/\/www.alligator-bay.com\/\">Alligator Bay<\/a><\/p>\n<p>Pour petits et grands, un parc animalier d\u00e9di\u00e9 aux alligators, \u00e0 quelques m\u00e8tres du Mont Saint-Michel.<\/p>\n<p>&nbsp;<\/p>\n<p style=\"text-align: center;\">&#8212;&#8212;&#8212;&#8212;&#8212;&#8211;<\/p>\n<h4>F\u00e9d\u00e9ration<\/h4>\n<p><a href=\"http:\/\/www.ffa-aero.fr\" target=\"_blank\" rel=\"noopener noreferrer\"><img loading=\"lazy\" decoding=\"async\" class=\"alignleft size-full wp-image-581\" title=\"F\u00e9d\u00e9ration Fran\u00e7aise d'A\u00e9ronautique\" src=\"https:\/\/www.aeroclub-avranches.org\/wp2\/wp-content\/uploads\/2012\/08\/fna.gif\" alt=\"F\u00e9d\u00e9ration Fran\u00e7aise d'A\u00e9ronautique\" width=\"81\" height=\"39\" \/>F\u00e9d\u00e9ration Fran\u00e7aise d&rsquo;A\u00e9ronautique<\/a><\/p>\n<p>&nbsp;<\/p>\n<p style=\"text-align: center;\">&#8212;&#8212;&#8212;-<\/p>\n<p>M<span style=\"font-size: 10pt;\"><em>ise \u00e0 jour de cette page le 10\/09\/2025<\/em><\/span><\/p>\n","protected":false},"excerpt":{"rendered":"<p>Ci dessous, vous trouverez la liste de partenaires de l&rsquo;a\u00e9roclub : Professionnels proposant des prestations autres que les vols d\u00e9couverte en avion sur l&rsquo;a\u00e9rodrome d&rsquo;Avranches. Vols en ULM Class\u00e9s par ordre alphab\u00e9tique Didier HULIN, contact, 02 33 48 67 48 &#8211; ULM Mont Saint Michel R\u00e9gis MAO, contact, 06 81 99 24 79 &#8211; Normandie &hellip; <a href=\"https:\/\/www.aeroclub-avranches.org\/wp2\/partenaires\/\" class=\"more-link\">Continuer la lecture<span class=\"screen-reader-text\"> de &laquo;&nbsp;Partenaires&nbsp;&raquo;<\/span><\/a><\/p>\n","protected":false},"author":1,"featured_media":0,"parent":0,"menu_order":0,"comment_status":"closed","ping_status":"closed","template":"","meta":{"footnotes":""},"class_list":["post-265","page","type-page","status-publish","hentry"],"yoast_head":"<!-- This site is optimized with the Yoast SEO plugin v27.3 - https:\/\/yoast.com\/product\/yoast-seo-wordpress\/ -->\n<title>Partenaires - A\u00e9roclub des gr\u00e8ves du Mont Saint Michel<\/title>\n<meta name=\"robots\" content=\"index, follow, max-snippet:-1, max-image-preview:large, max-video-preview:-1\" \/>\n<link rel=\"canonical\" href=\"https:\/\/www.aeroclub-avranches.org\/wp2\/partenaires\/\" \/>\n<meta property=\"og:locale\" content=\"fr_FR\" \/>\n<meta property=\"og:type\" content=\"article\" \/>\n<meta property=\"og:title\" content=\"Partenaires - A\u00e9roclub des gr\u00e8ves du Mont Saint Michel\" \/>\n<meta property=\"og:description\" content=\"Ci dessous, vous trouverez la liste de partenaires de l&rsquo;a\u00e9roclub : Professionnels proposant des prestations autres que les vols d\u00e9couverte en avion sur l&rsquo;a\u00e9rodrome d&rsquo;Avranches. Vols en ULM Class\u00e9s par ordre alphab\u00e9tique Didier HULIN, contact, 02 33 48 67 48 &#8211; ULM Mont Saint Michel R\u00e9gis MAO, contact, 06 81 99 24 79 &#8211; Normandie &hellip; Continuer la lecture de &laquo;&nbsp;Partenaires&nbsp;&raquo;\" \/>\n<meta property=\"og:url\" content=\"https:\/\/www.aeroclub-avranches.org\/wp2\/partenaires\/\" \/>\n<meta property=\"og:site_name\" content=\"A\u00e9roclub des gr\u00e8ves du Mont Saint Michel\" \/>\n<meta property=\"article:publisher\" content=\"https:\/\/www.facebook.com\/people\/Aro-club-des-Grves-du-Mont-Saint-Michel\/100064930290598\/\" \/>\n<meta property=\"article:modified_time\" content=\"2025-09-10T08:12:21+00:00\" \/>\n<meta name=\"twitter:card\" content=\"summary_large_image\" \/>\n<meta name=\"twitter:label1\" content=\"Dur\u00e9e de lecture estim\u00e9e\" \/>\n\t<meta name=\"twitter:data1\" content=\"5 minutes\" \/>\n<script type=\"application\/ld+json\" class=\"yoast-schema-graph\">{\"@context\":\"https:\\\/\\\/schema.org\",\"@graph\":[{\"@type\":\"WebPage\",\"@id\":\"https:\\\/\\\/www.aeroclub-avranches.org\\\/wp2\\\/partenaires\\\/\",\"url\":\"https:\\\/\\\/www.aeroclub-avranches.org\\\/wp2\\\/partenaires\\\/\",\"name\":\"Partenaires - A\u00e9roclub des gr\u00e8ves du Mont Saint Michel\",\"isPartOf\":{\"@id\":\"https:\\\/\\\/www.aeroclub-avranches.org\\\/wp2\\\/#website\"},\"primaryImageOfPage\":{\"@id\":\"https:\\\/\\\/www.aeroclub-avranches.org\\\/wp2\\\/partenaires\\\/#primaryimage\"},\"image\":{\"@id\":\"https:\\\/\\\/www.aeroclub-avranches.org\\\/wp2\\\/partenaires\\\/#primaryimage\"},\"thumbnailUrl\":\"https:\\\/\\\/www.aeroclub-avranches.org\\\/wp2\\\/wp-content\\\/uploads\\\/2012\\\/08\\\/logo_cg50_v2.gif\",\"datePublished\":\"2017-11-01T08:36:25+00:00\",\"dateModified\":\"2025-09-10T08:12:21+00:00\",\"breadcrumb\":{\"@id\":\"https:\\\/\\\/www.aeroclub-avranches.org\\\/wp2\\\/partenaires\\\/#breadcrumb\"},\"inLanguage\":\"fr-FR\",\"potentialAction\":[{\"@type\":\"ReadAction\",\"target\":[\"https:\\\/\\\/www.aeroclub-avranches.org\\\/wp2\\\/partenaires\\\/\"]}]},{\"@type\":\"ImageObject\",\"inLanguage\":\"fr-FR\",\"@id\":\"https:\\\/\\\/www.aeroclub-avranches.org\\\/wp2\\\/partenaires\\\/#primaryimage\",\"url\":\"https:\\\/\\\/www.aeroclub-avranches.org\\\/wp2\\\/wp-content\\\/uploads\\\/2012\\\/08\\\/logo_cg50_v2.gif\",\"contentUrl\":\"https:\\\/\\\/www.aeroclub-avranches.org\\\/wp2\\\/wp-content\\\/uploads\\\/2012\\\/08\\\/logo_cg50_v2.gif\"},{\"@type\":\"BreadcrumbList\",\"@id\":\"https:\\\/\\\/www.aeroclub-avranches.org\\\/wp2\\\/partenaires\\\/#breadcrumb\",\"itemListElement\":[{\"@type\":\"ListItem\",\"position\":1,\"name\":\"Accueil\",\"item\":\"https:\\\/\\\/www.aeroclub-avranches.org\\\/wp2\\\/\"},{\"@type\":\"ListItem\",\"position\":2,\"name\":\"Partenaires\"}]},{\"@type\":\"WebSite\",\"@id\":\"https:\\\/\\\/www.aeroclub-avranches.org\\\/wp2\\\/#website\",\"url\":\"https:\\\/\\\/www.aeroclub-avranches.org\\\/wp2\\\/\",\"name\":\"A\u00e9roclub des gr\u00e8ves du Mont Saint Michel\",\"description\":\"\",\"publisher\":{\"@id\":\"https:\\\/\\\/www.aeroclub-avranches.org\\\/wp2\\\/#organization\"},\"potentialAction\":[{\"@type\":\"SearchAction\",\"target\":{\"@type\":\"EntryPoint\",\"urlTemplate\":\"https:\\\/\\\/www.aeroclub-avranches.org\\\/wp2\\\/?s={search_term_string}\"},\"query-input\":{\"@type\":\"PropertyValueSpecification\",\"valueRequired\":true,\"valueName\":\"search_term_string\"}}],\"inLanguage\":\"fr-FR\"},{\"@type\":\"Organization\",\"@id\":\"https:\\\/\\\/www.aeroclub-avranches.org\\\/wp2\\\/#organization\",\"name\":\"A\u00e9roclub des gr\u00e8ves du Mont Saint Michel\",\"url\":\"https:\\\/\\\/www.aeroclub-avranches.org\\\/wp2\\\/\",\"logo\":{\"@type\":\"ImageObject\",\"inLanguage\":\"fr-FR\",\"@id\":\"https:\\\/\\\/www.aeroclub-avranches.org\\\/wp2\\\/#\\\/schema\\\/logo\\\/image\\\/\",\"url\":\"https:\\\/\\\/www.aeroclub-avranches.org\\\/wp2\\\/wp-content\\\/uploads\\\/2018\\\/03\\\/Logo-ae\u0301roclub_280x280-1-e1542033573298.jpg\",\"contentUrl\":\"https:\\\/\\\/www.aeroclub-avranches.org\\\/wp2\\\/wp-content\\\/uploads\\\/2018\\\/03\\\/Logo-ae\u0301roclub_280x280-1-e1542033573298.jpg\",\"width\":100,\"height\":99,\"caption\":\"A\u00e9roclub des gr\u00e8ves du Mont Saint Michel\"},\"image\":{\"@id\":\"https:\\\/\\\/www.aeroclub-avranches.org\\\/wp2\\\/#\\\/schema\\\/logo\\\/image\\\/\"},\"sameAs\":[\"https:\\\/\\\/www.facebook.com\\\/people\\\/Aro-club-des-Grves-du-Mont-Saint-Michel\\\/100064930290598\\\/\"]}]}<\/script>\n<!-- \/ Yoast SEO plugin. -->","yoast_head_json":{"title":"Partenaires - A\u00e9roclub des gr\u00e8ves du Mont Saint Michel","robots":{"index":"index","follow":"follow","max-snippet":"max-snippet:-1","max-image-preview":"max-image-preview:large","max-video-preview":"max-video-preview:-1"},"canonical":"https:\/\/www.aeroclub-avranches.org\/wp2\/partenaires\/","og_locale":"fr_FR","og_type":"article","og_title":"Partenaires - A\u00e9roclub des gr\u00e8ves du Mont Saint Michel","og_description":"Ci dessous, vous trouverez la liste de partenaires de l&rsquo;a\u00e9roclub : Professionnels proposant des prestations autres que les vols d\u00e9couverte en avion sur l&rsquo;a\u00e9rodrome d&rsquo;Avranches. Vols en ULM Class\u00e9s par ordre alphab\u00e9tique Didier HULIN, contact, 02 33 48 67 48 &#8211; ULM Mont Saint Michel R\u00e9gis MAO, contact, 06 81 99 24 79 &#8211; Normandie &hellip; Continuer la lecture de &laquo;&nbsp;Partenaires&nbsp;&raquo;","og_url":"https:\/\/www.aeroclub-avranches.org\/wp2\/partenaires\/","og_site_name":"A\u00e9roclub des gr\u00e8ves du Mont Saint Michel","article_publisher":"https:\/\/www.facebook.com\/people\/Aro-club-des-Grves-du-Mont-Saint-Michel\/100064930290598\/","article_modified_time":"2025-09-10T08:12:21+00:00","twitter_card":"summary_large_image","twitter_misc":{"Dur\u00e9e de lecture estim\u00e9e":"5 minutes"},"schema":{"@context":"https:\/\/schema.org","@graph":[{"@type":"WebPage","@id":"https:\/\/www.aeroclub-avranches.org\/wp2\/partenaires\/","url":"https:\/\/www.aeroclub-avranches.org\/wp2\/partenaires\/","name":"Partenaires - A\u00e9roclub des gr\u00e8ves du Mont Saint Michel","isPartOf":{"@id":"https:\/\/www.aeroclub-avranches.org\/wp2\/#website"},"primaryImageOfPage":{"@id":"https:\/\/www.aeroclub-avranches.org\/wp2\/partenaires\/#primaryimage"},"image":{"@id":"https:\/\/www.aeroclub-avranches.org\/wp2\/partenaires\/#primaryimage"},"thumbnailUrl":"https:\/\/www.aeroclub-avranches.org\/wp2\/wp-content\/uploads\/2012\/08\/logo_cg50_v2.gif","datePublished":"2017-11-01T08:36:25+00:00","dateModified":"2025-09-10T08:12:21+00:00","breadcrumb":{"@id":"https:\/\/www.aeroclub-avranches.org\/wp2\/partenaires\/#breadcrumb"},"inLanguage":"fr-FR","potentialAction":[{"@type":"ReadAction","target":["https:\/\/www.aeroclub-avranches.org\/wp2\/partenaires\/"]}]},{"@type":"ImageObject","inLanguage":"fr-FR","@id":"https:\/\/www.aeroclub-avranches.org\/wp2\/partenaires\/#primaryimage","url":"https:\/\/www.aeroclub-avranches.org\/wp2\/wp-content\/uploads\/2012\/08\/logo_cg50_v2.gif","contentUrl":"https:\/\/www.aeroclub-avranches.org\/wp2\/wp-content\/uploads\/2012\/08\/logo_cg50_v2.gif"},{"@type":"BreadcrumbList","@id":"https:\/\/www.aeroclub-avranches.org\/wp2\/partenaires\/#breadcrumb","itemListElement":[{"@type":"ListItem","position":1,"name":"Accueil","item":"https:\/\/www.aeroclub-avranches.org\/wp2\/"},{"@type":"ListItem","position":2,"name":"Partenaires"}]},{"@type":"WebSite","@id":"https:\/\/www.aeroclub-avranches.org\/wp2\/#website","url":"https:\/\/www.aeroclub-avranches.org\/wp2\/","name":"A\u00e9roclub des gr\u00e8ves du Mont Saint Michel","description":"","publisher":{"@id":"https:\/\/www.aeroclub-avranches.org\/wp2\/#organization"},"potentialAction":[{"@type":"SearchAction","target":{"@type":"EntryPoint","urlTemplate":"https:\/\/www.aeroclub-avranches.org\/wp2\/?s={search_term_string}"},"query-input":{"@type":"PropertyValueSpecification","valueRequired":true,"valueName":"search_term_string"}}],"inLanguage":"fr-FR"},{"@type":"Organization","@id":"https:\/\/www.aeroclub-avranches.org\/wp2\/#organization","name":"A\u00e9roclub des gr\u00e8ves du Mont Saint Michel","url":"https:\/\/www.aeroclub-avranches.org\/wp2\/","logo":{"@type":"ImageObject","inLanguage":"fr-FR","@id":"https:\/\/www.aeroclub-avranches.org\/wp2\/#\/schema\/logo\/image\/","url":"https:\/\/www.aeroclub-avranches.org\/wp2\/wp-content\/uploads\/2018\/03\/Logo-ae\u0301roclub_280x280-1-e1542033573298.jpg","contentUrl":"https:\/\/www.aeroclub-avranches.org\/wp2\/wp-content\/uploads\/2018\/03\/Logo-ae\u0301roclub_280x280-1-e1542033573298.jpg","width":100,"height":99,"caption":"A\u00e9roclub des gr\u00e8ves du Mont Saint Michel"},"image":{"@id":"https:\/\/www.aeroclub-avranches.org\/wp2\/#\/schema\/logo\/image\/"},"sameAs":["https:\/\/www.facebook.com\/people\/Aro-club-des-Grves-du-Mont-Saint-Michel\/100064930290598\/"]}]}},"_links":{"self":[{"href":"https:\/\/www.aeroclub-avranches.org\/wp2\/wp-json\/wp\/v2\/pages\/265","targetHints":{"allow":["GET"]}}],"collection":[{"href":"https:\/\/www.aeroclub-avranches.org\/wp2\/wp-json\/wp\/v2\/pages"}],"about":[{"href":"https:\/\/www.aeroclub-avranches.org\/wp2\/wp-json\/wp\/v2\/types\/page"}],"author":[{"embeddable":true,"href":"https:\/\/www.aeroclub-avranches.org\/wp2\/wp-json\/wp\/v2\/users\/1"}],"replies":[{"embeddable":true,"href":"https:\/\/www.aeroclub-avranches.org\/wp2\/wp-json\/wp\/v2\/comments?post=265"}],"version-history":[{"count":97,"href":"https:\/\/www.aeroclub-avranches.org\/wp2\/wp-json\/wp\/v2\/pages\/265\/revisions"}],"predecessor-version":[{"id":9929,"href":"https:\/\/www.aeroclub-avranches.org\/wp2\/wp-json\/wp\/v2\/pages\/265\/revisions\/9929"}],"wp:attachment":[{"href":"https:\/\/www.aeroclub-avranches.org\/wp2\/wp-json\/wp\/v2\/media?parent=265"}],"curies":[{"name":"wp","href":"https:\/\/api.w.org\/{rel}","templated":true}]}}