{"id":35,"date":"2017-10-22T23:12:49","date_gmt":"2017-10-22T21:12:49","guid":{"rendered":"http:\/\/www.aeroclub-avranches.org\/wp2\/?page_id=35"},"modified":"2026-04-22T17:10:49","modified_gmt":"2026-04-22T15:10:49","slug":"accueil","status":"publish","type":"page","link":"https:\/\/www.aeroclub-avranches.org\/wp2\/","title":{"rendered":"Accueil"},"content":{"rendered":"<p style=\"text-align: center;\"><span style=\"color: #ff0000; font-size: 14pt;\"><strong>Attention : La DSAC Ouest ne d\u00e9livre plus d\u2019autorisations d\u2019utilisation <\/strong><\/span><br \/>\n<span style=\"color: #ff0000; font-size: 14pt;\"><strong>pour l\u2019a\u00e9rodrome d\u2019Avranches-Le Val-St-P\u00e8re \u00e0 compter du 19\/05\/2025<\/strong><\/span><\/p>\n<p>Le terrain d\u2019Avranches \u2013 Le Val Saint P\u00e8re \u00e9tant \u00e0 usage restreint vous ne pouvez pas l&rsquo;utiliser sauf si votre terrain de rattachement fait partie de la liste ci-dessous extraite de la carte VAC consultable sur le site du SIA : <strong><a href=\"https:\/\/www.sia.aviation-civile.gouv.fr\/media\/dvd\/eAIP_16_APR_2026\/Atlas-VAC\/PDF_AIPparSSection\/VAC\/AD\/AD-2.LFRW.pdf\" target=\"_blank\" rel=\"noopener noreferrer\">LFRW<\/a><\/strong><\/p>\n<p style=\"text-align: center;\">&#8212;-======&#8212;-<\/p>\n<p style=\"text-align: center;\"><span style=\"color: #ff0000;\"><strong><span class=\"HwtZe\" lang=\"en\" style=\"font-size: 14pt;\"><span class=\"jCAhz ChMk0b\"><span class=\"ryNqvb\">Please note: DSAC West will no longer issue operating permits<br \/>\nfor the Avranches-Le Val-St-P\u00e8re aerodrome as of May 19, 2025.<\/span><\/span><\/span><\/strong><\/span><\/p>\n<p><span class=\"HwtZe\" lang=\"en\"><span class=\"jCAhz ChMk0b\"><span class=\"ryNqvb\">The Avranches \u2013 Le Val Saint P\u00e8re land being restricted use, you cannot use it unless your attached land is part of the list below taken from the VAC map available on the SIA website : <strong><a href=\"https:\/\/www.sia.aviation-civile.gouv.fr\/media\/dvd\/eAIP_16_APR_2026\/Atlas-VAC\/PDF_AIPparSSection\/VAC\/AD\/AD-2.LFRW.pdf\" target=\"_blank\" rel=\"noopener noreferrer\">LFRW<\/a><\/strong><\/span><\/span><\/span><\/p>\n<p style=\"text-align: center;\">&#8212;-======&#8212;-<\/p>\n<p>&nbsp;<\/p>\n<p><!---Vous \u00eates les bienvenus sur le site internet de <strong>l'A\u00e9roclub des Gr\u00e8ves du Mont Saint Michel<\/strong>.---><\/p>\n<blockquote><p>Tour a\u00e9rien des jeunes pilote 2024<\/p><\/blockquote>\n<p><img loading=\"lazy\" decoding=\"async\" class=\"alignnone size-full wp-image-9788\" src=\"https:\/\/www.aeroclub-avranches.org\/wp2\/wp-content\/uploads\/2017\/10\/tour-aerien-2024.png\" alt=\"\" width=\"826\" height=\"778\" srcset=\"https:\/\/www.aeroclub-avranches.org\/wp2\/wp-content\/uploads\/2017\/10\/tour-aerien-2024.png 826w, https:\/\/www.aeroclub-avranches.org\/wp2\/wp-content\/uploads\/2017\/10\/tour-aerien-2024-300x283.png 300w, https:\/\/www.aeroclub-avranches.org\/wp2\/wp-content\/uploads\/2017\/10\/tour-aerien-2024-768x723.png 768w, https:\/\/www.aeroclub-avranches.org\/wp2\/wp-content\/uploads\/2017\/10\/tour-aerien-2024-400x377.png 400w\" sizes=\"auto, (max-width: 826px) 85vw, 826px\" \/><\/p>\n<p>L&rsquo;A\u00e9roclub, fort de 130 membres environ, est situ\u00e9 sur <strong>l&rsquo;a\u00e9rodrome d&rsquo;Avranches &#8211; Le Val Saint P\u00e8re<\/strong>. C&rsquo;est une association (Loi 1901) affili\u00e9e \u00e0 la F\u00e9d\u00e9ration Fran\u00e7aise A\u00e9ronautique et DTO depuis 2019.<\/p>\n<p><a href=\"https:\/\/www.aeroclub-avranches.org\/wp2\/wp-content\/uploads\/2021\/03\/vue-ensemble-avions-hangar-clubhouse.jpg\"><img loading=\"lazy\" decoding=\"async\" class=\"aligncenter wp-image-9162\" src=\"https:\/\/www.aeroclub-avranches.org\/wp2\/wp-content\/uploads\/2021\/03\/vue-ensemble-avions-hangar-clubhouse.jpg\" alt=\"\" width=\"629\" height=\"352\" srcset=\"https:\/\/www.aeroclub-avranches.org\/wp2\/wp-content\/uploads\/2021\/03\/vue-ensemble-avions-hangar-clubhouse.jpg 1279w, https:\/\/www.aeroclub-avranches.org\/wp2\/wp-content\/uploads\/2021\/03\/vue-ensemble-avions-hangar-clubhouse-300x168.jpg 300w, https:\/\/www.aeroclub-avranches.org\/wp2\/wp-content\/uploads\/2021\/03\/vue-ensemble-avions-hangar-clubhouse-1024x573.jpg 1024w, https:\/\/www.aeroclub-avranches.org\/wp2\/wp-content\/uploads\/2021\/03\/vue-ensemble-avions-hangar-clubhouse-768x430.jpg 768w, https:\/\/www.aeroclub-avranches.org\/wp2\/wp-content\/uploads\/2021\/03\/vue-ensemble-avions-hangar-clubhouse-1200x672.jpg 1200w, https:\/\/www.aeroclub-avranches.org\/wp2\/wp-content\/uploads\/2021\/03\/vue-ensemble-avions-hangar-clubhouse-400x224.jpg 400w\" sizes=\"auto, (max-width: 629px) 85vw, 629px\" \/><\/a><\/p>\n<p>Situ\u00e9 sur les herbus de la <strong>baie du Mont Saint Michel<\/strong>, l&rsquo;a\u00e9rodrome d&rsquo;Avranches &#8211; Le Val Saint P\u00e8re offre une vue imprenable sur ce monument class\u00e9 au <strong>Patrimoine Mondial de l&rsquo;UNESCO<\/strong>.<\/p>\n<p><a href=\"https:\/\/www.aeroclub-avranches.org\/wp2\/wp-content\/uploads\/2021\/03\/patrouille-SM-KR-Mont.jpg\"><img loading=\"lazy\" decoding=\"async\" class=\"aligncenter wp-image-9161\" src=\"https:\/\/www.aeroclub-avranches.org\/wp2\/wp-content\/uploads\/2021\/03\/patrouille-SM-KR-Mont.jpg\" alt=\"\" width=\"631\" height=\"402\" srcset=\"https:\/\/www.aeroclub-avranches.org\/wp2\/wp-content\/uploads\/2021\/03\/patrouille-SM-KR-Mont.jpg 676w, https:\/\/www.aeroclub-avranches.org\/wp2\/wp-content\/uploads\/2021\/03\/patrouille-SM-KR-Mont-300x191.jpg 300w, https:\/\/www.aeroclub-avranches.org\/wp2\/wp-content\/uploads\/2021\/03\/patrouille-SM-KR-Mont-400x255.jpg 400w\" sizes=\"auto, (max-width: 631px) 85vw, 631px\" \/><\/a><\/p>\n<p>L&rsquo;a\u00e9rodrome, de par sa situation, a la particularit\u00e9 d\u2019\u00eatre parfois envahi par les mar\u00e9es hautes.<\/p>\n<p><a href=\"https:\/\/www.aeroclub-avranches.org\/wp2\/wp-content\/uploads\/2021\/03\/grande-marree.jpg\"><img loading=\"lazy\" decoding=\"async\" class=\"aligncenter size-full wp-image-9160\" src=\"https:\/\/www.aeroclub-avranches.org\/wp2\/wp-content\/uploads\/2021\/03\/grande-marree.jpg\" alt=\"\" width=\"634\" height=\"356\" srcset=\"https:\/\/www.aeroclub-avranches.org\/wp2\/wp-content\/uploads\/2021\/03\/grande-marree.jpg 634w, https:\/\/www.aeroclub-avranches.org\/wp2\/wp-content\/uploads\/2021\/03\/grande-marree-300x168.jpg 300w, https:\/\/www.aeroclub-avranches.org\/wp2\/wp-content\/uploads\/2021\/03\/grande-marree-400x225.jpg 400w\" sizes=\"auto, (max-width: 634px) 85vw, 634px\" \/><\/a><\/p>\n<p>&nbsp;<\/p>\n<p><span style=\"font-size: 8pt;\">Photos : G.Morel, JM Urlacher<\/span><\/p>\n<p>Avant de venir par les airs, <strong>il est important de se renseigner sur les horaires des mar\u00e9es<\/strong>. L&rsquo;eau peut stagner assez longtemps sur les pistes en herbe. Seule la piste en dur (420 x 10m) peut \u00eatre utilis\u00e9e assez rapidement.<\/p>\n<p>Vous trouverez sur ce site l&rsquo;<em><strong><a href=\"https:\/\/www.aeroclub-avranches.org\/wp2\/actualites\/\">actualit\u00e9 li\u00e9e \u00e0 l&rsquo;activit\u00e9 de l&rsquo;a\u00e9roclub.<\/a><\/strong><\/em><\/p>\n<p>Des\u00a0<em><strong><a href=\"https:\/\/www.aeroclub-avranches.org\/wp2\/piloter\/\">informations a\u00e9ronautiques<\/a>\u00a0<\/strong><\/em>sont disponibles.<\/p>\n<p>Pour les plus curieux un peu d&rsquo;<em><strong><a href=\"https:\/\/www.aeroclub-avranches.org\/wp2\/historique\/\">histoire<\/a><\/strong><\/em> et les <a href=\"http:\/\/www.aeroclub-avranches.org\/wp2\/hommage-a-m-lebrun\/\"><em><strong>personnes<\/strong><\/em><\/a> qui l&rsquo;ont \u00e9crite.<\/p>\n<p>Pour vous rendre \u00e0 l&rsquo;a\u00e9roclub c&rsquo;est par <em><strong><a href=\"https:\/\/www.aeroclub-avranches.org\/wp2\/laerodrome\/\">l\u00e0<\/a><\/strong>,<\/em> pour apprendre \u00e0 piloter c&rsquo;est par <a href=\"https:\/\/www.aeroclub-avranches.org\/wp2\/piloter\/\"><strong><em>ici<\/em><\/strong><\/a> et enfin pour faire un <em><strong><a href=\"http:\/\/www.aeroclub-avranches.org\/wp2\/vd\/\">Vol D\u00e9couverte\u00a0(Bapt\u00eame de l&rsquo;air)<\/a>\u00a0<\/strong><\/em>envolez-vous \u00e0 partir de cette <em><strong><a href=\"https:\/\/www.aeroclub-avranches.org\/wp2\/vd\/\">page<\/a><\/strong><\/em> &#8230;!<\/p>\n<p>H\u00e9bergement possible pour les pilotes de passage dans l&rsquo;<a href=\"https:\/\/www.aeroclub-avranches.org\/wp2\/laerodrome\/#hebergement\">appartement ind\u00e9pendant du club house<\/a><\/p>\n<p>L&rsquo;administrateur du site<\/p>\n<p><em><span style=\"font-size: 8pt;\">Mise \u00e0 jour de cette page le 22\/04\/2023<\/span><\/em><\/p>\n","protected":false},"excerpt":{"rendered":"<p>Attention : La DSAC Ouest ne d\u00e9livre plus d\u2019autorisations d\u2019utilisation pour l\u2019a\u00e9rodrome d\u2019Avranches-Le Val-St-P\u00e8re \u00e0 compter du 19\/05\/2025 Le terrain d\u2019Avranches \u2013 Le Val Saint P\u00e8re \u00e9tant \u00e0 usage restreint vous ne pouvez pas l&rsquo;utiliser sauf si votre terrain de rattachement fait partie de la liste ci-dessous extraite de la carte VAC consultable sur le &hellip; <a href=\"https:\/\/www.aeroclub-avranches.org\/wp2\/\" class=\"more-link\">Continuer la lecture<span class=\"screen-reader-text\"> de &laquo;&nbsp;Accueil&nbsp;&raquo;<\/span><\/a><\/p>\n","protected":false},"author":1,"featured_media":0,"parent":0,"menu_order":0,"comment_status":"closed","ping_status":"closed","template":"","meta":{"footnotes":""},"class_list":["post-35","page","type-page","status-publish","hentry"],"yoast_head":"<!-- This site is optimized with the Yoast SEO plugin v27.5 - https:\/\/yoast.com\/product\/yoast-seo-wordpress\/ -->\n<title>Accueil - A\u00e9roclub des gr\u00e8ves du Mont Saint Michel<\/title>\n<meta name=\"robots\" content=\"index, follow, max-snippet:-1, max-image-preview:large, max-video-preview:-1\" \/>\n<link rel=\"canonical\" href=\"https:\/\/www.aeroclub-avranches.org\/wp2\/\" \/>\n<meta property=\"og:locale\" content=\"fr_FR\" \/>\n<meta property=\"og:type\" content=\"article\" \/>\n<meta property=\"og:title\" content=\"Accueil - A\u00e9roclub des gr\u00e8ves du Mont Saint Michel\" \/>\n<meta property=\"og:description\" content=\"Attention : La DSAC Ouest ne d\u00e9livre plus d\u2019autorisations d\u2019utilisation pour l\u2019a\u00e9rodrome d\u2019Avranches-Le Val-St-P\u00e8re \u00e0 compter du 19\/05\/2025 Le terrain d\u2019Avranches \u2013 Le Val Saint P\u00e8re \u00e9tant \u00e0 usage restreint vous ne pouvez pas l&rsquo;utiliser sauf si votre terrain de rattachement fait partie de la liste ci-dessous extraite de la carte VAC consultable sur le &hellip; Continuer la lecture de &laquo;&nbsp;Accueil&nbsp;&raquo;\" \/>\n<meta property=\"og:url\" content=\"https:\/\/www.aeroclub-avranches.org\/wp2\/\" \/>\n<meta property=\"og:site_name\" content=\"A\u00e9roclub des gr\u00e8ves du Mont Saint Michel\" \/>\n<meta property=\"article:publisher\" content=\"https:\/\/www.facebook.com\/people\/Aro-club-des-Grves-du-Mont-Saint-Michel\/100064930290598\/\" \/>\n<meta property=\"article:modified_time\" content=\"2026-04-22T15:10:49+00:00\" \/>\n<meta property=\"og:image\" content=\"https:\/\/www.aeroclub-avranches.org\/wp2\/wp-content\/uploads\/2017\/10\/tour-aerien-2024.png\" \/>\n\t<meta property=\"og:image:width\" content=\"826\" \/>\n\t<meta property=\"og:image:height\" content=\"778\" \/>\n\t<meta property=\"og:image:type\" content=\"image\/png\" \/>\n<meta name=\"twitter:card\" content=\"summary_large_image\" \/>\n<meta name=\"twitter:label1\" content=\"Dur\u00e9e de lecture estim\u00e9e\" \/>\n\t<meta name=\"twitter:data1\" content=\"3 minutes\" \/>\n<script type=\"application\/ld+json\" class=\"yoast-schema-graph\">{\"@context\":\"https:\\\/\\\/schema.org\",\"@graph\":[{\"@type\":\"WebPage\",\"@id\":\"https:\\\/\\\/www.aeroclub-avranches.org\\\/wp2\\\/\",\"url\":\"https:\\\/\\\/www.aeroclub-avranches.org\\\/wp2\\\/\",\"name\":\"Accueil - A\u00e9roclub des gr\u00e8ves du Mont Saint Michel\",\"isPartOf\":{\"@id\":\"https:\\\/\\\/www.aeroclub-avranches.org\\\/wp2\\\/#website\"},\"primaryImageOfPage\":{\"@id\":\"https:\\\/\\\/www.aeroclub-avranches.org\\\/wp2\\\/#primaryimage\"},\"image\":{\"@id\":\"https:\\\/\\\/www.aeroclub-avranches.org\\\/wp2\\\/#primaryimage\"},\"thumbnailUrl\":\"https:\\\/\\\/www.aeroclub-avranches.org\\\/wp2\\\/wp-content\\\/uploads\\\/2017\\\/10\\\/tour-aerien-2024.png\",\"datePublished\":\"2017-10-22T21:12:49+00:00\",\"dateModified\":\"2026-04-22T15:10:49+00:00\",\"breadcrumb\":{\"@id\":\"https:\\\/\\\/www.aeroclub-avranches.org\\\/wp2\\\/#breadcrumb\"},\"inLanguage\":\"fr-FR\",\"potentialAction\":[{\"@type\":\"ReadAction\",\"target\":[\"https:\\\/\\\/www.aeroclub-avranches.org\\\/wp2\\\/\"]}]},{\"@type\":\"ImageObject\",\"inLanguage\":\"fr-FR\",\"@id\":\"https:\\\/\\\/www.aeroclub-avranches.org\\\/wp2\\\/#primaryimage\",\"url\":\"https:\\\/\\\/www.aeroclub-avranches.org\\\/wp2\\\/wp-content\\\/uploads\\\/2017\\\/10\\\/tour-aerien-2024.png\",\"contentUrl\":\"https:\\\/\\\/www.aeroclub-avranches.org\\\/wp2\\\/wp-content\\\/uploads\\\/2017\\\/10\\\/tour-aerien-2024.png\",\"width\":826,\"height\":778},{\"@type\":\"BreadcrumbList\",\"@id\":\"https:\\\/\\\/www.aeroclub-avranches.org\\\/wp2\\\/#breadcrumb\",\"itemListElement\":[{\"@type\":\"ListItem\",\"position\":1,\"name\":\"Accueil\",\"item\":\"https:\\\/\\\/www.aeroclub-avranches.org\\\/wp2\\\/\"},{\"@type\":\"ListItem\",\"position\":2,\"name\":\"Accueil\"}]},{\"@type\":\"WebSite\",\"@id\":\"https:\\\/\\\/www.aeroclub-avranches.org\\\/wp2\\\/#website\",\"url\":\"https:\\\/\\\/www.aeroclub-avranches.org\\\/wp2\\\/\",\"name\":\"A\u00e9roclub des gr\u00e8ves du Mont Saint Michel\",\"description\":\"\",\"publisher\":{\"@id\":\"https:\\\/\\\/www.aeroclub-avranches.org\\\/wp2\\\/#organization\"},\"potentialAction\":[{\"@type\":\"SearchAction\",\"target\":{\"@type\":\"EntryPoint\",\"urlTemplate\":\"https:\\\/\\\/www.aeroclub-avranches.org\\\/wp2\\\/?s={search_term_string}\"},\"query-input\":{\"@type\":\"PropertyValueSpecification\",\"valueRequired\":true,\"valueName\":\"search_term_string\"}}],\"inLanguage\":\"fr-FR\"},{\"@type\":\"Organization\",\"@id\":\"https:\\\/\\\/www.aeroclub-avranches.org\\\/wp2\\\/#organization\",\"name\":\"A\u00e9roclub des gr\u00e8ves du Mont Saint Michel\",\"url\":\"https:\\\/\\\/www.aeroclub-avranches.org\\\/wp2\\\/\",\"logo\":{\"@type\":\"ImageObject\",\"inLanguage\":\"fr-FR\",\"@id\":\"https:\\\/\\\/www.aeroclub-avranches.org\\\/wp2\\\/#\\\/schema\\\/logo\\\/image\\\/\",\"url\":\"https:\\\/\\\/www.aeroclub-avranches.org\\\/wp2\\\/wp-content\\\/uploads\\\/2018\\\/03\\\/Logo-ae\u0301roclub_280x280-1-e1542033573298.jpg\",\"contentUrl\":\"https:\\\/\\\/www.aeroclub-avranches.org\\\/wp2\\\/wp-content\\\/uploads\\\/2018\\\/03\\\/Logo-ae\u0301roclub_280x280-1-e1542033573298.jpg\",\"width\":100,\"height\":99,\"caption\":\"A\u00e9roclub des gr\u00e8ves du Mont Saint Michel\"},\"image\":{\"@id\":\"https:\\\/\\\/www.aeroclub-avranches.org\\\/wp2\\\/#\\\/schema\\\/logo\\\/image\\\/\"},\"sameAs\":[\"https:\\\/\\\/www.facebook.com\\\/people\\\/Aro-club-des-Grves-du-Mont-Saint-Michel\\\/100064930290598\\\/\"]}]}<\/script>\n<!-- \/ Yoast SEO plugin. -->","yoast_head_json":{"title":"Accueil - A\u00e9roclub des gr\u00e8ves du Mont Saint Michel","robots":{"index":"index","follow":"follow","max-snippet":"max-snippet:-1","max-image-preview":"max-image-preview:large","max-video-preview":"max-video-preview:-1"},"canonical":"https:\/\/www.aeroclub-avranches.org\/wp2\/","og_locale":"fr_FR","og_type":"article","og_title":"Accueil - A\u00e9roclub des gr\u00e8ves du Mont Saint Michel","og_description":"Attention : La DSAC Ouest ne d\u00e9livre plus d\u2019autorisations d\u2019utilisation pour l\u2019a\u00e9rodrome d\u2019Avranches-Le Val-St-P\u00e8re \u00e0 compter du 19\/05\/2025 Le terrain d\u2019Avranches \u2013 Le Val Saint P\u00e8re \u00e9tant \u00e0 usage restreint vous ne pouvez pas l&rsquo;utiliser sauf si votre terrain de rattachement fait partie de la liste ci-dessous extraite de la carte VAC consultable sur le &hellip; Continuer la lecture de &laquo;&nbsp;Accueil&nbsp;&raquo;","og_url":"https:\/\/www.aeroclub-avranches.org\/wp2\/","og_site_name":"A\u00e9roclub des gr\u00e8ves du Mont Saint Michel","article_publisher":"https:\/\/www.facebook.com\/people\/Aro-club-des-Grves-du-Mont-Saint-Michel\/100064930290598\/","article_modified_time":"2026-04-22T15:10:49+00:00","og_image":[{"width":826,"height":778,"url":"https:\/\/www.aeroclub-avranches.org\/wp2\/wp-content\/uploads\/2017\/10\/tour-aerien-2024.png","type":"image\/png"}],"twitter_card":"summary_large_image","twitter_misc":{"Dur\u00e9e de lecture estim\u00e9e":"3 minutes"},"schema":{"@context":"https:\/\/schema.org","@graph":[{"@type":"WebPage","@id":"https:\/\/www.aeroclub-avranches.org\/wp2\/","url":"https:\/\/www.aeroclub-avranches.org\/wp2\/","name":"Accueil - A\u00e9roclub des gr\u00e8ves du Mont Saint Michel","isPartOf":{"@id":"https:\/\/www.aeroclub-avranches.org\/wp2\/#website"},"primaryImageOfPage":{"@id":"https:\/\/www.aeroclub-avranches.org\/wp2\/#primaryimage"},"image":{"@id":"https:\/\/www.aeroclub-avranches.org\/wp2\/#primaryimage"},"thumbnailUrl":"https:\/\/www.aeroclub-avranches.org\/wp2\/wp-content\/uploads\/2017\/10\/tour-aerien-2024.png","datePublished":"2017-10-22T21:12:49+00:00","dateModified":"2026-04-22T15:10:49+00:00","breadcrumb":{"@id":"https:\/\/www.aeroclub-avranches.org\/wp2\/#breadcrumb"},"inLanguage":"fr-FR","potentialAction":[{"@type":"ReadAction","target":["https:\/\/www.aeroclub-avranches.org\/wp2\/"]}]},{"@type":"ImageObject","inLanguage":"fr-FR","@id":"https:\/\/www.aeroclub-avranches.org\/wp2\/#primaryimage","url":"https:\/\/www.aeroclub-avranches.org\/wp2\/wp-content\/uploads\/2017\/10\/tour-aerien-2024.png","contentUrl":"https:\/\/www.aeroclub-avranches.org\/wp2\/wp-content\/uploads\/2017\/10\/tour-aerien-2024.png","width":826,"height":778},{"@type":"BreadcrumbList","@id":"https:\/\/www.aeroclub-avranches.org\/wp2\/#breadcrumb","itemListElement":[{"@type":"ListItem","position":1,"name":"Accueil","item":"https:\/\/www.aeroclub-avranches.org\/wp2\/"},{"@type":"ListItem","position":2,"name":"Accueil"}]},{"@type":"WebSite","@id":"https:\/\/www.aeroclub-avranches.org\/wp2\/#website","url":"https:\/\/www.aeroclub-avranches.org\/wp2\/","name":"A\u00e9roclub des gr\u00e8ves du Mont Saint Michel","description":"","publisher":{"@id":"https:\/\/www.aeroclub-avranches.org\/wp2\/#organization"},"potentialAction":[{"@type":"SearchAction","target":{"@type":"EntryPoint","urlTemplate":"https:\/\/www.aeroclub-avranches.org\/wp2\/?s={search_term_string}"},"query-input":{"@type":"PropertyValueSpecification","valueRequired":true,"valueName":"search_term_string"}}],"inLanguage":"fr-FR"},{"@type":"Organization","@id":"https:\/\/www.aeroclub-avranches.org\/wp2\/#organization","name":"A\u00e9roclub des gr\u00e8ves du Mont Saint Michel","url":"https:\/\/www.aeroclub-avranches.org\/wp2\/","logo":{"@type":"ImageObject","inLanguage":"fr-FR","@id":"https:\/\/www.aeroclub-avranches.org\/wp2\/#\/schema\/logo\/image\/","url":"https:\/\/www.aeroclub-avranches.org\/wp2\/wp-content\/uploads\/2018\/03\/Logo-ae\u0301roclub_280x280-1-e1542033573298.jpg","contentUrl":"https:\/\/www.aeroclub-avranches.org\/wp2\/wp-content\/uploads\/2018\/03\/Logo-ae\u0301roclub_280x280-1-e1542033573298.jpg","width":100,"height":99,"caption":"A\u00e9roclub des gr\u00e8ves du Mont Saint Michel"},"image":{"@id":"https:\/\/www.aeroclub-avranches.org\/wp2\/#\/schema\/logo\/image\/"},"sameAs":["https:\/\/www.facebook.com\/people\/Aro-club-des-Grves-du-Mont-Saint-Michel\/100064930290598\/"]}]}},"_links":{"self":[{"href":"https:\/\/www.aeroclub-avranches.org\/wp2\/wp-json\/wp\/v2\/pages\/35","targetHints":{"allow":["GET"]}}],"collection":[{"href":"https:\/\/www.aeroclub-avranches.org\/wp2\/wp-json\/wp\/v2\/pages"}],"about":[{"href":"https:\/\/www.aeroclub-avranches.org\/wp2\/wp-json\/wp\/v2\/types\/page"}],"author":[{"embeddable":true,"href":"https:\/\/www.aeroclub-avranches.org\/wp2\/wp-json\/wp\/v2\/users\/1"}],"replies":[{"embeddable":true,"href":"https:\/\/www.aeroclub-avranches.org\/wp2\/wp-json\/wp\/v2\/comments?post=35"}],"version-history":[{"count":57,"href":"https:\/\/www.aeroclub-avranches.org\/wp2\/wp-json\/wp\/v2\/pages\/35\/revisions"}],"predecessor-version":[{"id":10061,"href":"https:\/\/www.aeroclub-avranches.org\/wp2\/wp-json\/wp\/v2\/pages\/35\/revisions\/10061"}],"wp:attachment":[{"href":"https:\/\/www.aeroclub-avranches.org\/wp2\/wp-json\/wp\/v2\/media?parent=35"}],"curies":[{"name":"wp","href":"https:\/\/api.w.org\/{rel}","templated":true}]}}