{"id":37,"date":"2017-10-22T23:13:51","date_gmt":"2017-10-22T21:13:51","guid":{"rendered":"http:\/\/www.aeroclub-avranches.org\/wp2\/?page_id=37"},"modified":"2023-03-07T18:27:42","modified_gmt":"2023-03-07T17:27:42","slug":"a-propos-de-la-webcam","status":"publish","type":"page","link":"https:\/\/www.aeroclub-avranches.org\/wp2\/a-propos-de-la-webcam\/","title":{"rendered":"A propos de la webcam"},"content":{"rendered":"<p>La webcam est une Bewan iCam, une cam\u00e9ra HD sur IP, genre cam\u00e9ra de vid\u00e9osurveillance. Ce mod\u00e8le n&rsquo;est plus fabriqu\u00e9 mais l&rsquo;\u00e9quivalent est par exemple la Bewan iCam 100N. Elle a plein de fonctionnalit\u00e9s mais on n&rsquo;utilise que l&rsquo;envoi par FTP d&rsquo;images fixes.<\/p>\n<p>Ensuite c&rsquo;est une page qui affiche l&rsquo;image, la rafra\u00eechit et affiche les donn\u00e9es m\u00e9t\u00e9o.<br \/>\nLa station m\u00e9t\u00e9o est une <strong>Davis Vantage Pro 2<\/strong> avec un module<strong> Data Logger USB<\/strong>.<\/p>\n<p>Elle est branch\u00e9e sur un PC qui fait tourner l&rsquo;excellent logiciel gratuit : Cumulus.<br \/>\nCe logiciel est maintenant abandonn\u00e9 mais remplac\u00e9 par une version r\u00e9-\u00e9crite: <a href=\"https:\/\/www.cumuluswiki.org\/a\/Software#What_is_Cumulus_MX?\">CumulusMX<\/a><\/p>\n<p>Je suis parti du mod\u00e8le de pages en fran\u00e7ais que fournit Cumulus, que j&rsquo;ai ensuite modifi\u00e9 pour g\u00e9n\u00e9rer les pages.<br \/>\nLes jauges m\u00e9t\u00e9o et l&rsquo;incrustation des graphiques de tendances dans la page de la webcam sont faites maison avec des frameworks javascript: jQuery et RaphaelJS en l&rsquo;occurrence.<\/p>\n<p>jQuery est utilis\u00e9 pour la barre de progression et les boites de zoom sur l&rsquo;image ou les graphiques. Ainsi que pour le rafraichissement automatique des graphiques, qui sont eux g\u00e9n\u00e9r\u00e9s toutes les 5 minutes par Cumulus.<\/p>\n<p>RaphaelJS est le framework utilis\u00e9 pour impl\u00e9menter les jauges m\u00e9t\u00e9o.<br \/>\nC&rsquo;est du d\u00e9veloppement assez sp\u00e9cifique \u00e0 Avranches, avec les pistes en fond notamment, mais c&rsquo;est facilement adaptable \u00e0 d&rsquo;autres terrains pour qui connait le javascript.<\/p>\n<p>N&rsquo;h\u00e9sitez pas \u00e0 me contacter si vous avez besoin de plus d&rsquo;informations,<\/p>\n<p>Cordialement, Patrice Godard<br \/>\npatrice.godard (at) laposte.net<br \/>\n<em>Mis \u00e0 jour le 07\/03\/2023<\/em><\/p>\n","protected":false},"excerpt":{"rendered":"<p>La webcam est une Bewan iCam, une cam\u00e9ra HD sur IP, genre cam\u00e9ra de vid\u00e9osurveillance. Ce mod\u00e8le n&rsquo;est plus fabriqu\u00e9 mais l&rsquo;\u00e9quivalent est par exemple la Bewan iCam 100N. Elle a plein de fonctionnalit\u00e9s mais on n&rsquo;utilise que l&rsquo;envoi par FTP d&rsquo;images fixes. Ensuite c&rsquo;est une page qui affiche l&rsquo;image, la rafra\u00eechit et affiche les &hellip; <a href=\"https:\/\/www.aeroclub-avranches.org\/wp2\/a-propos-de-la-webcam\/\" class=\"more-link\">Continuer la lecture<span class=\"screen-reader-text\"> de &laquo;&nbsp;A propos de la webcam&nbsp;&raquo;<\/span><\/a><\/p>\n","protected":false},"author":1,"featured_media":0,"parent":0,"menu_order":0,"comment_status":"closed","ping_status":"closed","template":"","meta":{"footnotes":""},"class_list":["post-37","page","type-page","status-publish","hentry"],"yoast_head":"<!-- This site is optimized with the Yoast SEO plugin v27.3 - https:\/\/yoast.com\/product\/yoast-seo-wordpress\/ -->\n<title>A propos de la webcam - A\u00e9roclub des gr\u00e8ves du Mont Saint Michel<\/title>\n<meta name=\"robots\" content=\"index, follow, max-snippet:-1, max-image-preview:large, max-video-preview:-1\" \/>\n<link rel=\"canonical\" href=\"https:\/\/www.aeroclub-avranches.org\/wp2\/a-propos-de-la-webcam\/\" \/>\n<meta property=\"og:locale\" content=\"fr_FR\" \/>\n<meta property=\"og:type\" content=\"article\" \/>\n<meta property=\"og:title\" content=\"A propos de la webcam - A\u00e9roclub des gr\u00e8ves du Mont Saint Michel\" \/>\n<meta property=\"og:description\" content=\"La webcam est une Bewan iCam, une cam\u00e9ra HD sur IP, genre cam\u00e9ra de vid\u00e9osurveillance. Ce mod\u00e8le n&rsquo;est plus fabriqu\u00e9 mais l&rsquo;\u00e9quivalent est par exemple la Bewan iCam 100N. Elle a plein de fonctionnalit\u00e9s mais on n&rsquo;utilise que l&rsquo;envoi par FTP d&rsquo;images fixes. Ensuite c&rsquo;est une page qui affiche l&rsquo;image, la rafra\u00eechit et affiche les &hellip; Continuer la lecture de &laquo;&nbsp;A propos de la webcam&nbsp;&raquo;\" \/>\n<meta property=\"og:url\" content=\"https:\/\/www.aeroclub-avranches.org\/wp2\/a-propos-de-la-webcam\/\" \/>\n<meta property=\"og:site_name\" content=\"A\u00e9roclub des gr\u00e8ves du Mont Saint Michel\" \/>\n<meta property=\"article:publisher\" content=\"https:\/\/www.facebook.com\/people\/Aro-club-des-Grves-du-Mont-Saint-Michel\/100064930290598\/\" \/>\n<meta property=\"article:modified_time\" content=\"2023-03-07T17:27:42+00:00\" \/>\n<meta name=\"twitter:card\" content=\"summary_large_image\" \/>\n<meta name=\"twitter:label1\" content=\"Dur\u00e9e de lecture estim\u00e9e\" \/>\n\t<meta name=\"twitter:data1\" content=\"2 minutes\" \/>\n<script type=\"application\/ld+json\" class=\"yoast-schema-graph\">{\"@context\":\"https:\\\/\\\/schema.org\",\"@graph\":[{\"@type\":\"WebPage\",\"@id\":\"https:\\\/\\\/www.aeroclub-avranches.org\\\/wp2\\\/a-propos-de-la-webcam\\\/\",\"url\":\"https:\\\/\\\/www.aeroclub-avranches.org\\\/wp2\\\/a-propos-de-la-webcam\\\/\",\"name\":\"A propos de la webcam - A\u00e9roclub des gr\u00e8ves du Mont Saint Michel\",\"isPartOf\":{\"@id\":\"https:\\\/\\\/www.aeroclub-avranches.org\\\/wp2\\\/#website\"},\"datePublished\":\"2017-10-22T21:13:51+00:00\",\"dateModified\":\"2023-03-07T17:27:42+00:00\",\"breadcrumb\":{\"@id\":\"https:\\\/\\\/www.aeroclub-avranches.org\\\/wp2\\\/a-propos-de-la-webcam\\\/#breadcrumb\"},\"inLanguage\":\"fr-FR\",\"potentialAction\":[{\"@type\":\"ReadAction\",\"target\":[\"https:\\\/\\\/www.aeroclub-avranches.org\\\/wp2\\\/a-propos-de-la-webcam\\\/\"]}]},{\"@type\":\"BreadcrumbList\",\"@id\":\"https:\\\/\\\/www.aeroclub-avranches.org\\\/wp2\\\/a-propos-de-la-webcam\\\/#breadcrumb\",\"itemListElement\":[{\"@type\":\"ListItem\",\"position\":1,\"name\":\"Accueil\",\"item\":\"https:\\\/\\\/www.aeroclub-avranches.org\\\/wp2\\\/\"},{\"@type\":\"ListItem\",\"position\":2,\"name\":\"A propos de la webcam\"}]},{\"@type\":\"WebSite\",\"@id\":\"https:\\\/\\\/www.aeroclub-avranches.org\\\/wp2\\\/#website\",\"url\":\"https:\\\/\\\/www.aeroclub-avranches.org\\\/wp2\\\/\",\"name\":\"A\u00e9roclub des gr\u00e8ves du Mont Saint Michel\",\"description\":\"\",\"publisher\":{\"@id\":\"https:\\\/\\\/www.aeroclub-avranches.org\\\/wp2\\\/#organization\"},\"potentialAction\":[{\"@type\":\"SearchAction\",\"target\":{\"@type\":\"EntryPoint\",\"urlTemplate\":\"https:\\\/\\\/www.aeroclub-avranches.org\\\/wp2\\\/?s={search_term_string}\"},\"query-input\":{\"@type\":\"PropertyValueSpecification\",\"valueRequired\":true,\"valueName\":\"search_term_string\"}}],\"inLanguage\":\"fr-FR\"},{\"@type\":\"Organization\",\"@id\":\"https:\\\/\\\/www.aeroclub-avranches.org\\\/wp2\\\/#organization\",\"name\":\"A\u00e9roclub des gr\u00e8ves du Mont Saint Michel\",\"url\":\"https:\\\/\\\/www.aeroclub-avranches.org\\\/wp2\\\/\",\"logo\":{\"@type\":\"ImageObject\",\"inLanguage\":\"fr-FR\",\"@id\":\"https:\\\/\\\/www.aeroclub-avranches.org\\\/wp2\\\/#\\\/schema\\\/logo\\\/image\\\/\",\"url\":\"https:\\\/\\\/www.aeroclub-avranches.org\\\/wp2\\\/wp-content\\\/uploads\\\/2018\\\/03\\\/Logo-ae\u0301roclub_280x280-1-e1542033573298.jpg\",\"contentUrl\":\"https:\\\/\\\/www.aeroclub-avranches.org\\\/wp2\\\/wp-content\\\/uploads\\\/2018\\\/03\\\/Logo-ae\u0301roclub_280x280-1-e1542033573298.jpg\",\"width\":100,\"height\":99,\"caption\":\"A\u00e9roclub des gr\u00e8ves du Mont Saint Michel\"},\"image\":{\"@id\":\"https:\\\/\\\/www.aeroclub-avranches.org\\\/wp2\\\/#\\\/schema\\\/logo\\\/image\\\/\"},\"sameAs\":[\"https:\\\/\\\/www.facebook.com\\\/people\\\/Aro-club-des-Grves-du-Mont-Saint-Michel\\\/100064930290598\\\/\"]}]}<\/script>\n<!-- \/ Yoast SEO plugin. -->","yoast_head_json":{"title":"A propos de la webcam - A\u00e9roclub des gr\u00e8ves du Mont Saint Michel","robots":{"index":"index","follow":"follow","max-snippet":"max-snippet:-1","max-image-preview":"max-image-preview:large","max-video-preview":"max-video-preview:-1"},"canonical":"https:\/\/www.aeroclub-avranches.org\/wp2\/a-propos-de-la-webcam\/","og_locale":"fr_FR","og_type":"article","og_title":"A propos de la webcam - A\u00e9roclub des gr\u00e8ves du Mont Saint Michel","og_description":"La webcam est une Bewan iCam, une cam\u00e9ra HD sur IP, genre cam\u00e9ra de vid\u00e9osurveillance. Ce mod\u00e8le n&rsquo;est plus fabriqu\u00e9 mais l&rsquo;\u00e9quivalent est par exemple la Bewan iCam 100N. Elle a plein de fonctionnalit\u00e9s mais on n&rsquo;utilise que l&rsquo;envoi par FTP d&rsquo;images fixes. Ensuite c&rsquo;est une page qui affiche l&rsquo;image, la rafra\u00eechit et affiche les &hellip; Continuer la lecture de &laquo;&nbsp;A propos de la webcam&nbsp;&raquo;","og_url":"https:\/\/www.aeroclub-avranches.org\/wp2\/a-propos-de-la-webcam\/","og_site_name":"A\u00e9roclub des gr\u00e8ves du Mont Saint Michel","article_publisher":"https:\/\/www.facebook.com\/people\/Aro-club-des-Grves-du-Mont-Saint-Michel\/100064930290598\/","article_modified_time":"2023-03-07T17:27:42+00:00","twitter_card":"summary_large_image","twitter_misc":{"Dur\u00e9e de lecture estim\u00e9e":"2 minutes"},"schema":{"@context":"https:\/\/schema.org","@graph":[{"@type":"WebPage","@id":"https:\/\/www.aeroclub-avranches.org\/wp2\/a-propos-de-la-webcam\/","url":"https:\/\/www.aeroclub-avranches.org\/wp2\/a-propos-de-la-webcam\/","name":"A propos de la webcam - A\u00e9roclub des gr\u00e8ves du Mont Saint Michel","isPartOf":{"@id":"https:\/\/www.aeroclub-avranches.org\/wp2\/#website"},"datePublished":"2017-10-22T21:13:51+00:00","dateModified":"2023-03-07T17:27:42+00:00","breadcrumb":{"@id":"https:\/\/www.aeroclub-avranches.org\/wp2\/a-propos-de-la-webcam\/#breadcrumb"},"inLanguage":"fr-FR","potentialAction":[{"@type":"ReadAction","target":["https:\/\/www.aeroclub-avranches.org\/wp2\/a-propos-de-la-webcam\/"]}]},{"@type":"BreadcrumbList","@id":"https:\/\/www.aeroclub-avranches.org\/wp2\/a-propos-de-la-webcam\/#breadcrumb","itemListElement":[{"@type":"ListItem","position":1,"name":"Accueil","item":"https:\/\/www.aeroclub-avranches.org\/wp2\/"},{"@type":"ListItem","position":2,"name":"A propos de la webcam"}]},{"@type":"WebSite","@id":"https:\/\/www.aeroclub-avranches.org\/wp2\/#website","url":"https:\/\/www.aeroclub-avranches.org\/wp2\/","name":"A\u00e9roclub des gr\u00e8ves du Mont Saint Michel","description":"","publisher":{"@id":"https:\/\/www.aeroclub-avranches.org\/wp2\/#organization"},"potentialAction":[{"@type":"SearchAction","target":{"@type":"EntryPoint","urlTemplate":"https:\/\/www.aeroclub-avranches.org\/wp2\/?s={search_term_string}"},"query-input":{"@type":"PropertyValueSpecification","valueRequired":true,"valueName":"search_term_string"}}],"inLanguage":"fr-FR"},{"@type":"Organization","@id":"https:\/\/www.aeroclub-avranches.org\/wp2\/#organization","name":"A\u00e9roclub des gr\u00e8ves du Mont Saint Michel","url":"https:\/\/www.aeroclub-avranches.org\/wp2\/","logo":{"@type":"ImageObject","inLanguage":"fr-FR","@id":"https:\/\/www.aeroclub-avranches.org\/wp2\/#\/schema\/logo\/image\/","url":"https:\/\/www.aeroclub-avranches.org\/wp2\/wp-content\/uploads\/2018\/03\/Logo-ae\u0301roclub_280x280-1-e1542033573298.jpg","contentUrl":"https:\/\/www.aeroclub-avranches.org\/wp2\/wp-content\/uploads\/2018\/03\/Logo-ae\u0301roclub_280x280-1-e1542033573298.jpg","width":100,"height":99,"caption":"A\u00e9roclub des gr\u00e8ves du Mont Saint Michel"},"image":{"@id":"https:\/\/www.aeroclub-avranches.org\/wp2\/#\/schema\/logo\/image\/"},"sameAs":["https:\/\/www.facebook.com\/people\/Aro-club-des-Grves-du-Mont-Saint-Michel\/100064930290598\/"]}]}},"_links":{"self":[{"href":"https:\/\/www.aeroclub-avranches.org\/wp2\/wp-json\/wp\/v2\/pages\/37","targetHints":{"allow":["GET"]}}],"collection":[{"href":"https:\/\/www.aeroclub-avranches.org\/wp2\/wp-json\/wp\/v2\/pages"}],"about":[{"href":"https:\/\/www.aeroclub-avranches.org\/wp2\/wp-json\/wp\/v2\/types\/page"}],"author":[{"embeddable":true,"href":"https:\/\/www.aeroclub-avranches.org\/wp2\/wp-json\/wp\/v2\/users\/1"}],"replies":[{"embeddable":true,"href":"https:\/\/www.aeroclub-avranches.org\/wp2\/wp-json\/wp\/v2\/comments?post=37"}],"version-history":[{"count":4,"href":"https:\/\/www.aeroclub-avranches.org\/wp2\/wp-json\/wp\/v2\/pages\/37\/revisions"}],"predecessor-version":[{"id":9443,"href":"https:\/\/www.aeroclub-avranches.org\/wp2\/wp-json\/wp\/v2\/pages\/37\/revisions\/9443"}],"wp:attachment":[{"href":"https:\/\/www.aeroclub-avranches.org\/wp2\/wp-json\/wp\/v2\/media?parent=37"}],"curies":[{"name":"wp","href":"https:\/\/api.w.org\/{rel}","templated":true}]}}