{"id":380,"date":"2018-01-15T15:48:48","date_gmt":"2018-01-15T14:48:48","guid":{"rendered":"http:\/\/www.aeroclub-avranches.org\/wp2\/?page_id=380"},"modified":"2026-03-14T11:20:26","modified_gmt":"2026-03-14T10:20:26","slug":"vd","status":"publish","type":"page","link":"https:\/\/www.aeroclub-avranches.org\/wp2\/vd\/","title":{"rendered":"Vols D\u00e9couverte"},"content":{"rendered":"<p><em>Mise \u00e0 jour de cette page le 20\/11\/2025<\/em><\/p>\n<blockquote><p>Validit\u00e9 des BONS :<br \/>\nLes bons \u00e9mis <span style=\"text-decoration: underline;\">avant le 1er janvier 2023<\/span> (inf\u00e9rieurs au num\u00e9ro 2023000) ne sont plus valides, se r\u00e9f\u00e9rer aux <a href=\"https:\/\/www.aeroclub-avranches.org\/wp2\/cgv-vols-decouverte\/\">CGV<\/a><\/p><\/blockquote>\n<p><!---Pour les personnes qui auraient des commandes en attente, contact ici --&gt; <a href=\"mailto:%62%6F%6E%73%76%64%40%61%65%72%6F%63%6C%75%62%2D%61%76%72%61%6E%63%68%65%73%2E%6F%72%67?subject=Commande en attente Vol D\u00e9couverte\">mail<\/a>---><\/p>\n<p><!---Vous poss\u00e9dez d\u00e9j\u00e0 un BON valide et\/ou vous souhaitez r\u00e9server un Vol D\u00e9couverte en <strong>avion<\/strong>, contact ici --&gt; <a href=\"mailto:%62%6F%6E%73%76%64%40%61%65%72%6F%63%6C%75%62%2D%61%76%72%61%6E%63%68%65%73%2E%6F%72%67?subject=R\u00e9server un Vol D\u00e9couverte\">mail<\/a>---><\/p>\n<p><span style=\"color: #ff0000;\">Important : il n&rsquo;est pas n\u00e9cessaire d&rsquo;acheter un BON pour r\u00e9server un Vol D\u00e9couverte. Vous pouvez simplement prendre rendez-vous \u00e0\u00a0<a href=\"mailto:%62%6F%6E%73%76%64%40%61%65%72%6F%63%6C%75%62%2D%61%76%72%61%6E%63%68%65%73%2E%6F%72%67?subject=Vol D\u00e9couverte\">mail<\/a>, et payer sur place.<\/span><\/p>\n<p>Rappel : l&rsquo;a\u00e9roclub propose des Bons pour des Vols D\u00e9couverte <strong>exclusivement en avion<\/strong>. Pour une demande de vol en ULM, un vol en montgolfi\u00e8re, un saut en parachute ou faisant partie d&rsquo;une offre en coffret (style wonderbox), voir la page <strong><a href=\"https:\/\/www.aeroclub-avranches.org\/wp2\/partenaires\/#professionnels\">Partenaires<\/a><\/strong>, (dans la section Professionnels \u00a0&#8230;).<\/p>\n<p style=\"text-align: center;\">=================<\/p>\n<p><!---\n\n\n<blockquote>Validit\u00e9 des BONS : les bons \u00e9mis <span style=\"text-decoration: underline;\">avant le 1er d\u00e9cembre 2018<\/span> (inf\u00e9rieurs au num\u00e9ro 2018094) ne sont plus valides. La validit\u00e9 des BONS \u00e9mis \u00e0 partir du 1er d\u00e9cembre 2018 inclus est augment\u00e9e de 1 an.\nExemple : BON achet\u00e9 le 20 janvier 2019, valide initialement jusqu'au 20 juillet 2020, devient valide jusqu'au 20 juillet 2021.<\/blockquote>\n\n\n\n\n<p style=\"text-align: center;\">=================<\/p>\n\n\nLes bapt\u00eames de l'air se nomment d\u00e9sormais \"Vols D\u00e9couverte\" en vertu de la r\u00e9glementation europ\u00e9enne en vigueur au 26\/08\/2016.\nLeurs caract\u00e9ristiques (temps de vol, emport passagers) sont inchang\u00e9es.\n---><\/p>\n<p>Il est possible de commander des Bons Vol D\u00e9couverte sur cette page. Le paiement s&rsquo;effectue directement sur ce site par paiement en ligne ou par virement bancaire. N&rsquo;oubliez pas d&rsquo;<span style=\"color: #ff0000;\">indiquer le num\u00e9ro de la commande<\/span> lors du virement.<br \/>\n<!--- par l'envoi d'un ch\u00e8que \u00e0 l'adresse de l'a\u00e9roclub sp\u00e9cifi\u00e9e dans la commande.---><\/p>\n<p><span style=\"font-size: 14pt; color: #ff0000;\"><strong>Attention cette commande n&rsquo;\u00e9quivaut pas \u00e0 une r\u00e9servation : il appartient au destinataire du Bon de prendre rendez vous en tenant compte des \u00e9l\u00e9ments fournis sur le Bon.<\/strong><\/span><\/p>\n<p>D\u00e8s r\u00e9ception du paiement, le Bon pour le Vol D\u00e9couverte est envoy\u00e9 \u00e0 l&rsquo;adresse mail sp\u00e9cifi\u00e9e lors de la commande, en fin de journ\u00e9e. N&rsquo;oubliez pas de sp\u00e9cifier le nom du ou des b\u00e9n\u00e9ficiaires.<\/p>\n<p>Attention : pas d&rsquo;envoi courrier.<\/p>\n<p><a name=\"choixVD\"><\/a><\/p>\n<p style=\"text-align: center;\">=================<\/p>\n<blockquote><p><strong>2 choix principaux :<\/strong><\/p><\/blockquote>\n<p><strong>\u2022 Vol D\u00e9couverte de 15 minutes environ dans la Baie du Mont Saint Michel pour 2 ou 3 personnes.<\/strong><\/p>\n<p>Circuit<\/p>\n<p><img loading=\"lazy\" decoding=\"async\" class=\"alignnone wp-image-166 size-full aligncenter\" src=\"https:\/\/www.aeroclub-avranches.org\/wp2\/wp-content\/uploads\/2017\/10\/Capture-2017-10-23-\u00e0-10.02.51.png\" alt=\"Circuit Vol D\u00e9couverte num\u00e9ro 1\" width=\"467\" height=\"255\" srcset=\"https:\/\/www.aeroclub-avranches.org\/wp2\/wp-content\/uploads\/2017\/10\/Capture-2017-10-23-\u00e0-10.02.51.png 467w, https:\/\/www.aeroclub-avranches.org\/wp2\/wp-content\/uploads\/2017\/10\/Capture-2017-10-23-\u00e0-10.02.51-400x218.png 400w, https:\/\/www.aeroclub-avranches.org\/wp2\/wp-content\/uploads\/2017\/10\/Capture-2017-10-23-\u00e0-10.02.51-300x164.png 300w\" sizes=\"auto, (max-width: 467px) 85vw, 467px\" \/><\/p>\n<p>Tarifs<br \/>\n&#8211; 115\u20ac pour 2 personnes <em><strong><a href=\"https:\/\/www.aeroclub-avranches.org\/wp2\/produit\/bapteme-15mn-2-personnes\/\">choisir ce vol<\/a><\/strong><\/em><br \/>\n&#8211; 155\u20ac pour 3 personnes\u00a0<em><strong><a href=\"https:\/\/www.aeroclub-avranches.org\/wp2\/produit\/bapteme-15mn-3-personnes\/\">choisir ce vol<\/a><\/strong><\/em><br \/>\n<!---- 70\u20ac pour une personne <em><strong><a href=\"https:\/\/www.aeroclub-avranches.org\/wp2\/produit\/bapteme-15mn-1-personne\/\">choisir ce vol<\/a><\/strong><\/em>---><\/p>\n<p style=\"text-align: center;\">=================<\/p>\n<p><strong>\u2022 Vol D\u00e9couverte de 30 minutes environ pour 1, 2 ou 3 personnes.<\/strong><\/p>\n<p>Circuits<\/p>\n<p><img loading=\"lazy\" decoding=\"async\" class=\"alignnone wp-image-170 size-full\" src=\"https:\/\/www.aeroclub-avranches.org\/wp2\/wp-content\/uploads\/2017\/10\/Capture-2017-10-23-\u00e0-10.07.05.png\" alt=\"Circuit Vol D\u00e9couverte num\u00e9ro 2\" width=\"320\" height=\"388\" srcset=\"https:\/\/www.aeroclub-avranches.org\/wp2\/wp-content\/uploads\/2017\/10\/Capture-2017-10-23-\u00e0-10.07.05.png 320w, https:\/\/www.aeroclub-avranches.org\/wp2\/wp-content\/uploads\/2017\/10\/Capture-2017-10-23-\u00e0-10.07.05-247x300.png 247w\" sizes=\"auto, (max-width: 320px) 85vw, 320px\" \/><\/p>\n<p><img loading=\"lazy\" decoding=\"async\" class=\"alignnone wp-image-171 size-full\" src=\"https:\/\/www.aeroclub-avranches.org\/wp2\/wp-content\/uploads\/2017\/10\/Capture-2017-10-23-\u00e0-10.07.13.png\" alt=\"Circuit Vol D\u00e9couverte num\u00e9ro 3\" width=\"658\" height=\"249\" srcset=\"https:\/\/www.aeroclub-avranches.org\/wp2\/wp-content\/uploads\/2017\/10\/Capture-2017-10-23-\u00e0-10.07.13.png 658w, https:\/\/www.aeroclub-avranches.org\/wp2\/wp-content\/uploads\/2017\/10\/Capture-2017-10-23-\u00e0-10.07.13-400x151.png 400w, https:\/\/www.aeroclub-avranches.org\/wp2\/wp-content\/uploads\/2017\/10\/Capture-2017-10-23-\u00e0-10.07.13-300x114.png 300w, https:\/\/www.aeroclub-avranches.org\/wp2\/wp-content\/uploads\/2017\/10\/Capture-2017-10-23-\u00e0-10.07.13-619x234.png 619w\" sizes=\"auto, (max-width: 658px) 85vw, 658px\" \/><\/p>\n<p>&nbsp;<\/p>\n<p>Tarifs<br \/>\n&#8211; 115\u20ac pour une personne <em><strong><a href=\"https:\/\/www.aeroclub-avranches.org\/wp2\/produit\/bapteme-30mn-1-personne\/\">choisir ce vol<\/a><\/strong><\/em><br \/>\n&#8211; 205\u20ac pour 2 personnes <em><strong><a href=\"https:\/\/www.aeroclub-avranches.org\/wp2\/produit\/bapteme-30mn-2-personnes\/\">choisir ce vol<\/a><\/strong><\/em><br \/>\n&#8211; 295\u20ac pour 3 personnes <em><strong><a href=\"https:\/\/www.aeroclub-avranches.org\/wp2\/produit\/bapteme-30mn-3-personnes\/\">choisir ce vol<\/a><\/strong><\/em><\/p>\n<p>Circuits :<br \/>\n&#8211; Baie de Cancale et la Baie du Mont Saint Michel<br \/>\n&#8211; ou la Pointe du Roc de Granville et la Baie du Mont Saint Michel<\/p>\n<p>Tout autre circuit est possible dans la limite des 30 minutes.<\/p>\n<p><img loading=\"lazy\" decoding=\"async\" class=\"alignnone wp-image-167 size-full\" src=\"https:\/\/www.aeroclub-avranches.org\/wp2\/wp-content\/uploads\/2017\/10\/Capture-2017-10-23-\u00e0-10.04.38.png\" alt=\"Circuit Vol D\u00e9couverte num\u00e9ro 4\" width=\"309\" height=\"324\" srcset=\"https:\/\/www.aeroclub-avranches.org\/wp2\/wp-content\/uploads\/2017\/10\/Capture-2017-10-23-\u00e0-10.04.38.png 309w, https:\/\/www.aeroclub-avranches.org\/wp2\/wp-content\/uploads\/2017\/10\/Capture-2017-10-23-\u00e0-10.04.38-286x300.png 286w\" sizes=\"auto, (max-width: 309px) 85vw, 309px\" \/><\/p>\n<p style=\"text-align: center;\">=================<\/p>\n<blockquote><p><strong>L&rsquo;a\u00e9roclub propose \u00e9galement des Vols d&rsquo;Initiation au pilotage<\/strong><\/p><\/blockquote>\n<p>Prenez les commandes et d\u00e9couvrez le pilotage avion sans engagement !<\/p>\n<p>S\u00e9ance de 1 heure dont 30mn de briefing \/ debriefing \u00a0et 30mn de vol d&rsquo;Initiation avec un instructeur.<\/p>\n<p>Remarque importante\u00a0 : ce type de vol est plut\u00f4t \u00e0 destination de personnes souhaitant se faire une id\u00e9e du pilotage avant de s&rsquo;engager dans une formation.<\/p>\n<p>Pas de vente en ligne de BONS pour ces vols, nous contacter : <a href=\"mailto:%62%6F%6E%73%76%64%40%61%65%72%6F%63%6C%75%62%2D%61%76%72%61%6E%63%68%65%73%2E%6F%72%67?subject=Vol d'Initiation\">mail<\/a><\/p>\n<p><!---Tarifs\n\n\n<ul>\n \t\n\n<li style=\"list-style-type: none;\">\n\n\n<ul>\n \t\n\n<li style=\"list-style-type: none;\">\n\n\n<ul>\n \t\n\n<li>156\u20ac : la personne qui pilote, <strong><em><a href=\"http:\/\/www.aeroclub-avranches.org\/wp2\/produit\/initiation-30mn-1-personne\/\">choisir ce vol<\/a><\/em><\/strong><\/li>\n\n\n<\/ul>\n\n\n<\/li>\n\n\n<\/ul>\n\n\n<\/li>\n\n\n<\/ul>\n\n\nCes vols sont r\u00e9serv\u00e9s en priorit\u00e9 aux personnes qui souhaitent d\u00e9couvrir l'aviation avant de s'y engager.---><\/p>\n<p>&nbsp;<\/p>\n<p style=\"text-align: center;\"><span style=\"line-height: 1.5;\">&#8212;&#8212;&#8212;&#8212;&#8212;&#8212;&#8212;&#8212;<\/span><\/p>\n<p><strong><a href=\"https:\/\/www.aeroclub-avranches.org\/wp2\/cgv-vols-decouverte\/\" target=\"_blank\" rel=\"noopener noreferrer\">Conditions g\u00e9n\u00e9rales de vente<\/a><\/strong><\/p>\n<p style=\"text-align: center;\"><span style=\"line-height: 1.5;\">&#8212;&#8212;&#8212;&#8212;&#8212;&#8212;&#8212;&#8212;<\/span><\/p>\n<p><strong style=\"line-height: 1.5;\"><a href=\"https:\/\/www.aeroclub-avranches.org\/wp2\/wp-content\/uploads\/2017\/consignes_passagers_vols-decouverte.pdf\" target=\"_blank\" rel=\"noopener noreferrer\">Consignes de s\u00e9curit\u00e9 de s\u00e9curit\u00e9 aux passagers pour les Vols D\u00e9couverte<\/a><\/strong><\/p>\n<p style=\"text-align: center;\">&#8212;&#8212;&#8212;&#8212;&#8212;&#8212;&#8212;&#8212;<\/p>\n<p><!---\nLes r\u00e8glements en esp\u00e8ces ne sont possibles que sur place.<em>\n<\/em>\n\nLes coordonn\u00e9es de contact sont sur les Bons et les r\u00e9servations se font uniquement par t\u00e9l\u00e9phone \u00a0+33 (0) 2 33 58 02 91 ou par\u00a0<strong><a href=\"mailto:%62%6F%6E%73%76%64%40%61%65%72%6F%63%6C%75%62%2D%61%76%72%61%6E%63%68%65%73%2E%6F%72%67?subject=Renseignement ou r\u00e9servation Vol D\u00e9couverte\">mail<\/a><\/strong>\n\n<em>Attention : l'a\u00e9roclub n'est pas concern\u00e9 par les coffrets cadeaux wonderbox. Voir la page <strong><a href=\"https:\/\/www.aeroclub-avranches.org\/wp2\/partenaires\/#professionnels\">Partenaires<\/a><\/strong>.<\/em>\n\nNe pas oublier lors de la r\u00e9servation aupr\u00e8s des contacts ci-dessus de pr\u00e9ciser le N\u00b0 du BON.\n\n\n<table border=\"0\" width=\"500\" cellspacing=\"0\" cellpadding=\"0\" align=\"center\">\n\n\n<tbody>\n\n\n<tr>\n\n\n<td width=\"42\" height=\"71\"><img loading=\"lazy\" decoding=\"async\" class=\"aligncenter\" src=\"https:\/\/www.aeroclub-avranches.org\/images\/mail.gif\" alt=\"\" width=\"30\" height=\"30\" \/><\/td>\n\n\n\n\n<td width=\"413\" height=\"71\">\n\n\n<address><strong><em>A\u00e9roclub des Gr\u00e8ves du Mont Saint Michel\n55 Bouill\u00e9\n<\/em><\/strong><em><strong>50300 Le Val Saint P\u00e8re<\/strong><\/em><\/address>\n\n<\/td>\n\n\n<\/tr>\n\n\n<\/tbody>\n\n\n<\/table>\n\n\n\n\n<p style=\"text-align: center;\">--------------------<\/p>\n\n\n<a href=\"https:\/\/www.aeroclub-avranches.org\/wp2\/note-technique-sur-les-navigateurs-internet\/\">Note technique concernant les navigateurs internet et en cas de difficult\u00e9s de paiement.<\/a>\n\n\n<p style=\"text-align: center;\">---------------------<\/p>\n\n\n<em>(1) tarifs au 15\/04\/2023<\/em>\n---><em>Mise \u00e0 jour de cette page le 20\/11\/2025<\/em><\/p>\n","protected":false},"excerpt":{"rendered":"<p>Mise \u00e0 jour de cette page le 20\/11\/2025 Validit\u00e9 des BONS : Les bons \u00e9mis avant le 1er janvier 2023 (inf\u00e9rieurs au num\u00e9ro 2023000) ne sont plus valides, se r\u00e9f\u00e9rer aux CGV Important : il n&rsquo;est pas n\u00e9cessaire d&rsquo;acheter un BON pour r\u00e9server un Vol D\u00e9couverte. Vous pouvez simplement prendre rendez-vous \u00e0\u00a0mail, et payer sur &hellip; <a href=\"https:\/\/www.aeroclub-avranches.org\/wp2\/vd\/\" class=\"more-link\">Continuer la lecture<span class=\"screen-reader-text\"> de &laquo;&nbsp;Vols D\u00e9couverte&nbsp;&raquo;<\/span><\/a><\/p>\n","protected":false},"author":1,"featured_media":0,"parent":0,"menu_order":0,"comment_status":"closed","ping_status":"closed","template":"","meta":{"footnotes":""},"class_list":["post-380","page","type-page","status-publish","hentry"],"yoast_head":"<!-- This site is optimized with the Yoast SEO plugin v27.3 - https:\/\/yoast.com\/product\/yoast-seo-wordpress\/ -->\n<title>Vols D\u00e9couverte - A\u00e9roclub des gr\u00e8ves du Mont Saint Michel<\/title>\n<meta name=\"description\" content=\"L&#039;a\u00e9roclub des Gr\u00e8ves du Mont Saint Michel propose des Vols D\u00e9couverte, des Bapt\u00eames de l&#039;air et vols d&#039;initiation dans la baie du Mont Saint Michel et autour d&#039;Avranches\" \/>\n<meta name=\"robots\" content=\"index, follow, max-snippet:-1, max-image-preview:large, max-video-preview:-1\" \/>\n<link rel=\"canonical\" href=\"https:\/\/www.aeroclub-avranches.org\/wp2\/vd\/\" \/>\n<meta property=\"og:locale\" content=\"fr_FR\" \/>\n<meta property=\"og:type\" content=\"article\" \/>\n<meta property=\"og:title\" content=\"Vols D\u00e9couverte - A\u00e9roclub des gr\u00e8ves du Mont Saint Michel\" \/>\n<meta property=\"og:description\" content=\"L&#039;a\u00e9roclub des Gr\u00e8ves du Mont Saint Michel propose des Vols D\u00e9couverte, des Bapt\u00eames de l&#039;air et vols d&#039;initiation dans la baie du Mont Saint Michel et autour d&#039;Avranches\" \/>\n<meta property=\"og:url\" content=\"https:\/\/www.aeroclub-avranches.org\/wp2\/vd\/\" \/>\n<meta property=\"og:site_name\" content=\"A\u00e9roclub des gr\u00e8ves du Mont Saint Michel\" \/>\n<meta property=\"article:publisher\" content=\"https:\/\/www.facebook.com\/people\/Aro-club-des-Grves-du-Mont-Saint-Michel\/100064930290598\/\" \/>\n<meta property=\"article:modified_time\" content=\"2026-03-14T10:20:26+00:00\" \/>\n<meta property=\"og:image\" content=\"https:\/\/www.aeroclub-avranches.org\/images\/mail.gif\" \/>\n<meta name=\"twitter:card\" content=\"summary_large_image\" \/>\n<meta name=\"twitter:label1\" content=\"Dur\u00e9e de lecture estim\u00e9e\" \/>\n\t<meta name=\"twitter:data1\" content=\"3 minutes\" \/>\n<script type=\"application\/ld+json\" class=\"yoast-schema-graph\">{\"@context\":\"https:\\\/\\\/schema.org\",\"@graph\":[{\"@type\":\"WebPage\",\"@id\":\"https:\\\/\\\/www.aeroclub-avranches.org\\\/wp2\\\/vd\\\/\",\"url\":\"https:\\\/\\\/www.aeroclub-avranches.org\\\/wp2\\\/vd\\\/\",\"name\":\"Vols D\u00e9couverte - A\u00e9roclub des gr\u00e8ves du Mont Saint Michel\",\"isPartOf\":{\"@id\":\"https:\\\/\\\/www.aeroclub-avranches.org\\\/wp2\\\/#website\"},\"primaryImageOfPage\":{\"@id\":\"https:\\\/\\\/www.aeroclub-avranches.org\\\/wp2\\\/vd\\\/#primaryimage\"},\"image\":{\"@id\":\"https:\\\/\\\/www.aeroclub-avranches.org\\\/wp2\\\/vd\\\/#primaryimage\"},\"thumbnailUrl\":\"https:\\\/\\\/www.aeroclub-avranches.org\\\/images\\\/mail.gif\",\"datePublished\":\"2018-01-15T14:48:48+00:00\",\"dateModified\":\"2026-03-14T10:20:26+00:00\",\"description\":\"L'a\u00e9roclub des Gr\u00e8ves du Mont Saint Michel propose des Vols D\u00e9couverte, des Bapt\u00eames de l'air et vols d'initiation dans la baie du Mont Saint Michel et autour d'Avranches\",\"breadcrumb\":{\"@id\":\"https:\\\/\\\/www.aeroclub-avranches.org\\\/wp2\\\/vd\\\/#breadcrumb\"},\"inLanguage\":\"fr-FR\",\"potentialAction\":[{\"@type\":\"ReadAction\",\"target\":[\"https:\\\/\\\/www.aeroclub-avranches.org\\\/wp2\\\/vd\\\/\"]}]},{\"@type\":\"ImageObject\",\"inLanguage\":\"fr-FR\",\"@id\":\"https:\\\/\\\/www.aeroclub-avranches.org\\\/wp2\\\/vd\\\/#primaryimage\",\"url\":\"https:\\\/\\\/www.aeroclub-avranches.org\\\/images\\\/mail.gif\",\"contentUrl\":\"https:\\\/\\\/www.aeroclub-avranches.org\\\/images\\\/mail.gif\"},{\"@type\":\"BreadcrumbList\",\"@id\":\"https:\\\/\\\/www.aeroclub-avranches.org\\\/wp2\\\/vd\\\/#breadcrumb\",\"itemListElement\":[{\"@type\":\"ListItem\",\"position\":1,\"name\":\"Accueil\",\"item\":\"https:\\\/\\\/www.aeroclub-avranches.org\\\/wp2\\\/\"},{\"@type\":\"ListItem\",\"position\":2,\"name\":\"Vols D\u00e9couverte\"}]},{\"@type\":\"WebSite\",\"@id\":\"https:\\\/\\\/www.aeroclub-avranches.org\\\/wp2\\\/#website\",\"url\":\"https:\\\/\\\/www.aeroclub-avranches.org\\\/wp2\\\/\",\"name\":\"A\u00e9roclub des gr\u00e8ves du Mont Saint Michel\",\"description\":\"\",\"publisher\":{\"@id\":\"https:\\\/\\\/www.aeroclub-avranches.org\\\/wp2\\\/#organization\"},\"potentialAction\":[{\"@type\":\"SearchAction\",\"target\":{\"@type\":\"EntryPoint\",\"urlTemplate\":\"https:\\\/\\\/www.aeroclub-avranches.org\\\/wp2\\\/?s={search_term_string}\"},\"query-input\":{\"@type\":\"PropertyValueSpecification\",\"valueRequired\":true,\"valueName\":\"search_term_string\"}}],\"inLanguage\":\"fr-FR\"},{\"@type\":\"Organization\",\"@id\":\"https:\\\/\\\/www.aeroclub-avranches.org\\\/wp2\\\/#organization\",\"name\":\"A\u00e9roclub des gr\u00e8ves du Mont Saint Michel\",\"url\":\"https:\\\/\\\/www.aeroclub-avranches.org\\\/wp2\\\/\",\"logo\":{\"@type\":\"ImageObject\",\"inLanguage\":\"fr-FR\",\"@id\":\"https:\\\/\\\/www.aeroclub-avranches.org\\\/wp2\\\/#\\\/schema\\\/logo\\\/image\\\/\",\"url\":\"https:\\\/\\\/www.aeroclub-avranches.org\\\/wp2\\\/wp-content\\\/uploads\\\/2018\\\/03\\\/Logo-ae\u0301roclub_280x280-1-e1542033573298.jpg\",\"contentUrl\":\"https:\\\/\\\/www.aeroclub-avranches.org\\\/wp2\\\/wp-content\\\/uploads\\\/2018\\\/03\\\/Logo-ae\u0301roclub_280x280-1-e1542033573298.jpg\",\"width\":100,\"height\":99,\"caption\":\"A\u00e9roclub des gr\u00e8ves du Mont Saint Michel\"},\"image\":{\"@id\":\"https:\\\/\\\/www.aeroclub-avranches.org\\\/wp2\\\/#\\\/schema\\\/logo\\\/image\\\/\"},\"sameAs\":[\"https:\\\/\\\/www.facebook.com\\\/people\\\/Aro-club-des-Grves-du-Mont-Saint-Michel\\\/100064930290598\\\/\"]}]}<\/script>\n<!-- \/ Yoast SEO plugin. -->","yoast_head_json":{"title":"Vols D\u00e9couverte - A\u00e9roclub des gr\u00e8ves du Mont Saint Michel","description":"L'a\u00e9roclub des Gr\u00e8ves du Mont Saint Michel propose des Vols D\u00e9couverte, des Bapt\u00eames de l'air et vols d'initiation dans la baie du Mont Saint Michel et autour d'Avranches","robots":{"index":"index","follow":"follow","max-snippet":"max-snippet:-1","max-image-preview":"max-image-preview:large","max-video-preview":"max-video-preview:-1"},"canonical":"https:\/\/www.aeroclub-avranches.org\/wp2\/vd\/","og_locale":"fr_FR","og_type":"article","og_title":"Vols D\u00e9couverte - A\u00e9roclub des gr\u00e8ves du Mont Saint Michel","og_description":"L'a\u00e9roclub des Gr\u00e8ves du Mont Saint Michel propose des Vols D\u00e9couverte, des Bapt\u00eames de l'air et vols d'initiation dans la baie du Mont Saint Michel et autour d'Avranches","og_url":"https:\/\/www.aeroclub-avranches.org\/wp2\/vd\/","og_site_name":"A\u00e9roclub des gr\u00e8ves du Mont Saint Michel","article_publisher":"https:\/\/www.facebook.com\/people\/Aro-club-des-Grves-du-Mont-Saint-Michel\/100064930290598\/","article_modified_time":"2026-03-14T10:20:26+00:00","og_image":[{"url":"https:\/\/www.aeroclub-avranches.org\/images\/mail.gif","type":"","width":"","height":""}],"twitter_card":"summary_large_image","twitter_misc":{"Dur\u00e9e de lecture estim\u00e9e":"3 minutes"},"schema":{"@context":"https:\/\/schema.org","@graph":[{"@type":"WebPage","@id":"https:\/\/www.aeroclub-avranches.org\/wp2\/vd\/","url":"https:\/\/www.aeroclub-avranches.org\/wp2\/vd\/","name":"Vols D\u00e9couverte - A\u00e9roclub des gr\u00e8ves du Mont Saint Michel","isPartOf":{"@id":"https:\/\/www.aeroclub-avranches.org\/wp2\/#website"},"primaryImageOfPage":{"@id":"https:\/\/www.aeroclub-avranches.org\/wp2\/vd\/#primaryimage"},"image":{"@id":"https:\/\/www.aeroclub-avranches.org\/wp2\/vd\/#primaryimage"},"thumbnailUrl":"https:\/\/www.aeroclub-avranches.org\/images\/mail.gif","datePublished":"2018-01-15T14:48:48+00:00","dateModified":"2026-03-14T10:20:26+00:00","description":"L'a\u00e9roclub des Gr\u00e8ves du Mont Saint Michel propose des Vols D\u00e9couverte, des Bapt\u00eames de l'air et vols d'initiation dans la baie du Mont Saint Michel et autour d'Avranches","breadcrumb":{"@id":"https:\/\/www.aeroclub-avranches.org\/wp2\/vd\/#breadcrumb"},"inLanguage":"fr-FR","potentialAction":[{"@type":"ReadAction","target":["https:\/\/www.aeroclub-avranches.org\/wp2\/vd\/"]}]},{"@type":"ImageObject","inLanguage":"fr-FR","@id":"https:\/\/www.aeroclub-avranches.org\/wp2\/vd\/#primaryimage","url":"https:\/\/www.aeroclub-avranches.org\/images\/mail.gif","contentUrl":"https:\/\/www.aeroclub-avranches.org\/images\/mail.gif"},{"@type":"BreadcrumbList","@id":"https:\/\/www.aeroclub-avranches.org\/wp2\/vd\/#breadcrumb","itemListElement":[{"@type":"ListItem","position":1,"name":"Accueil","item":"https:\/\/www.aeroclub-avranches.org\/wp2\/"},{"@type":"ListItem","position":2,"name":"Vols D\u00e9couverte"}]},{"@type":"WebSite","@id":"https:\/\/www.aeroclub-avranches.org\/wp2\/#website","url":"https:\/\/www.aeroclub-avranches.org\/wp2\/","name":"A\u00e9roclub des gr\u00e8ves du Mont Saint Michel","description":"","publisher":{"@id":"https:\/\/www.aeroclub-avranches.org\/wp2\/#organization"},"potentialAction":[{"@type":"SearchAction","target":{"@type":"EntryPoint","urlTemplate":"https:\/\/www.aeroclub-avranches.org\/wp2\/?s={search_term_string}"},"query-input":{"@type":"PropertyValueSpecification","valueRequired":true,"valueName":"search_term_string"}}],"inLanguage":"fr-FR"},{"@type":"Organization","@id":"https:\/\/www.aeroclub-avranches.org\/wp2\/#organization","name":"A\u00e9roclub des gr\u00e8ves du Mont Saint Michel","url":"https:\/\/www.aeroclub-avranches.org\/wp2\/","logo":{"@type":"ImageObject","inLanguage":"fr-FR","@id":"https:\/\/www.aeroclub-avranches.org\/wp2\/#\/schema\/logo\/image\/","url":"https:\/\/www.aeroclub-avranches.org\/wp2\/wp-content\/uploads\/2018\/03\/Logo-ae\u0301roclub_280x280-1-e1542033573298.jpg","contentUrl":"https:\/\/www.aeroclub-avranches.org\/wp2\/wp-content\/uploads\/2018\/03\/Logo-ae\u0301roclub_280x280-1-e1542033573298.jpg","width":100,"height":99,"caption":"A\u00e9roclub des gr\u00e8ves du Mont Saint Michel"},"image":{"@id":"https:\/\/www.aeroclub-avranches.org\/wp2\/#\/schema\/logo\/image\/"},"sameAs":["https:\/\/www.facebook.com\/people\/Aro-club-des-Grves-du-Mont-Saint-Michel\/100064930290598\/"]}]}},"_links":{"self":[{"href":"https:\/\/www.aeroclub-avranches.org\/wp2\/wp-json\/wp\/v2\/pages\/380","targetHints":{"allow":["GET"]}}],"collection":[{"href":"https:\/\/www.aeroclub-avranches.org\/wp2\/wp-json\/wp\/v2\/pages"}],"about":[{"href":"https:\/\/www.aeroclub-avranches.org\/wp2\/wp-json\/wp\/v2\/types\/page"}],"author":[{"embeddable":true,"href":"https:\/\/www.aeroclub-avranches.org\/wp2\/wp-json\/wp\/v2\/users\/1"}],"replies":[{"embeddable":true,"href":"https:\/\/www.aeroclub-avranches.org\/wp2\/wp-json\/wp\/v2\/comments?post=380"}],"version-history":[{"count":197,"href":"https:\/\/www.aeroclub-avranches.org\/wp2\/wp-json\/wp\/v2\/pages\/380\/revisions"}],"predecessor-version":[{"id":10031,"href":"https:\/\/www.aeroclub-avranches.org\/wp2\/wp-json\/wp\/v2\/pages\/380\/revisions\/10031"}],"wp:attachment":[{"href":"https:\/\/www.aeroclub-avranches.org\/wp2\/wp-json\/wp\/v2\/media?parent=380"}],"curies":[{"name":"wp","href":"https:\/\/api.w.org\/{rel}","templated":true}]}}