{"id":41,"date":"2017-10-22T23:15:47","date_gmt":"2017-10-22T21:15:47","guid":{"rendered":"http:\/\/www.aeroclub-avranches.org\/wp2\/?page_id=41"},"modified":"2018-11-13T14:15:42","modified_gmt":"2018-11-13T13:15:42","slug":"piloter","status":"publish","type":"page","link":"https:\/\/www.aeroclub-avranches.org\/wp2\/piloter\/","title":{"rendered":"Piloter"},"content":{"rendered":"<p><strong>L&rsquo;A\u00e9roclub des Gr\u00e8ves du Mont Saint Michel, association loi 1901 situ\u00e9 sur la commune du Val Saint P\u00e8re, dispense la formation n\u00e9cessaire \u00e0 l&rsquo;obtention des brevets, licences et qualifications requis pour le pilotage d&rsquo;avion dans un cadre priv\u00e9.<\/strong><\/p>\n<p><strong>Vous trouverez dans ce chapitre :<\/strong><\/p>\n<ul style=\"list-style-type: disc;\">\n<li><a href=\"https:\/\/www.aeroclub-avranches.org\/wp2\/formation\/\"><span style=\"color: #000000;\"><strong style=\"font-size: 19px; font-style: italic;\">Les formations assur\u00e9es\u00a0 et leur organisation<\/strong><\/span><\/a><\/li>\n<li><a href=\"https:\/\/www.aeroclub-avranches.org\/wp2\/tarifs\/\"><strong><span style=\"font-size: 14pt;\">L&rsquo;inscription<\/span> <span style=\"font-size: 14pt;\">\u00e0 l\u2019a\u00e9roclub, et le cout de l&rsquo;heure de vol et de l&rsquo;instruction<\/span><\/strong><\/a><\/li>\n<li><a href=\"https:\/\/www.aeroclub-avranches.org\/wp2\/tarifs\/\"><span style=\"color: #000000;\"><strong style=\"font-size: 19px; font-style: italic;\">Le co\u00fbt estimatif d&rsquo;une formation<\/strong><\/span><\/a><\/li>\n<li><a href=\"https:\/\/www.aeroclub-avranches.org\/wp2\/formation-de-pinch-hitter\/\"><span style=\"color: #000000;\"><strong style=\"font-size: 19px; font-style: italic;\">Les formations compl\u00e9mentaires<\/strong><\/span><\/a><\/li>\n<li><a href=\"https:\/\/www.aeroclub-avranches.org\/wp2\/formation\/\"><span style=\"color: #000000;\"><strong style=\"font-size: 19px; font-style: italic;\">L&rsquo;Aptitude M\u00e9dicale requise<\/strong><\/span><\/a><\/li>\n<\/ul>\n<p><em>Mise \u00e0 jour de cette page le 10\/11\/2018<\/em><\/p>\n","protected":false},"excerpt":{"rendered":"<p>L&rsquo;A\u00e9roclub des Gr\u00e8ves du Mont Saint Michel, association loi 1901 situ\u00e9 sur la commune du Val Saint P\u00e8re, dispense la formation n\u00e9cessaire \u00e0 l&rsquo;obtention des brevets, licences et qualifications requis pour le pilotage d&rsquo;avion dans un cadre priv\u00e9. Vous trouverez dans ce chapitre : Les formations assur\u00e9es\u00a0 et leur organisation L&rsquo;inscription \u00e0 l\u2019a\u00e9roclub, et le &hellip; <a href=\"https:\/\/www.aeroclub-avranches.org\/wp2\/piloter\/\" class=\"more-link\">Continuer la lecture<span class=\"screen-reader-text\"> de &laquo;&nbsp;Piloter&nbsp;&raquo;<\/span><\/a><\/p>\n","protected":false},"author":1,"featured_media":0,"parent":0,"menu_order":0,"comment_status":"closed","ping_status":"closed","template":"","meta":{"footnotes":""},"class_list":["post-41","page","type-page","status-publish","hentry"],"yoast_head":"<!-- This site is optimized with the Yoast SEO plugin v27.4 - https:\/\/yoast.com\/product\/yoast-seo-wordpress\/ -->\n<title>Piloter - A\u00e9roclub des gr\u00e8ves du Mont Saint Michel<\/title>\n<meta name=\"robots\" content=\"index, follow, max-snippet:-1, max-image-preview:large, max-video-preview:-1\" \/>\n<link rel=\"canonical\" href=\"https:\/\/www.aeroclub-avranches.org\/wp2\/piloter\/\" \/>\n<meta property=\"og:locale\" content=\"fr_FR\" \/>\n<meta property=\"og:type\" content=\"article\" \/>\n<meta property=\"og:title\" content=\"Piloter - A\u00e9roclub des gr\u00e8ves du Mont Saint Michel\" \/>\n<meta property=\"og:description\" content=\"L&rsquo;A\u00e9roclub des Gr\u00e8ves du Mont Saint Michel, association loi 1901 situ\u00e9 sur la commune du Val Saint P\u00e8re, dispense la formation n\u00e9cessaire \u00e0 l&rsquo;obtention des brevets, licences et qualifications requis pour le pilotage d&rsquo;avion dans un cadre priv\u00e9. Vous trouverez dans ce chapitre : Les formations assur\u00e9es\u00a0 et leur organisation L&rsquo;inscription \u00e0 l\u2019a\u00e9roclub, et le &hellip; Continuer la lecture de &laquo;&nbsp;Piloter&nbsp;&raquo;\" \/>\n<meta property=\"og:url\" content=\"https:\/\/www.aeroclub-avranches.org\/wp2\/piloter\/\" \/>\n<meta property=\"og:site_name\" content=\"A\u00e9roclub des gr\u00e8ves du Mont Saint Michel\" \/>\n<meta property=\"article:publisher\" content=\"https:\/\/www.facebook.com\/people\/Aro-club-des-Grves-du-Mont-Saint-Michel\/100064930290598\/\" \/>\n<meta property=\"article:modified_time\" content=\"2018-11-13T13:15:42+00:00\" \/>\n<meta name=\"twitter:card\" content=\"summary_large_image\" \/>\n<script type=\"application\/ld+json\" class=\"yoast-schema-graph\">{\"@context\":\"https:\\\/\\\/schema.org\",\"@graph\":[{\"@type\":\"WebPage\",\"@id\":\"https:\\\/\\\/www.aeroclub-avranches.org\\\/wp2\\\/piloter\\\/\",\"url\":\"https:\\\/\\\/www.aeroclub-avranches.org\\\/wp2\\\/piloter\\\/\",\"name\":\"Piloter - A\u00e9roclub des gr\u00e8ves du Mont Saint Michel\",\"isPartOf\":{\"@id\":\"https:\\\/\\\/www.aeroclub-avranches.org\\\/wp2\\\/#website\"},\"datePublished\":\"2017-10-22T21:15:47+00:00\",\"dateModified\":\"2018-11-13T13:15:42+00:00\",\"breadcrumb\":{\"@id\":\"https:\\\/\\\/www.aeroclub-avranches.org\\\/wp2\\\/piloter\\\/#breadcrumb\"},\"inLanguage\":\"fr-FR\",\"potentialAction\":[{\"@type\":\"ReadAction\",\"target\":[\"https:\\\/\\\/www.aeroclub-avranches.org\\\/wp2\\\/piloter\\\/\"]}]},{\"@type\":\"BreadcrumbList\",\"@id\":\"https:\\\/\\\/www.aeroclub-avranches.org\\\/wp2\\\/piloter\\\/#breadcrumb\",\"itemListElement\":[{\"@type\":\"ListItem\",\"position\":1,\"name\":\"Accueil\",\"item\":\"https:\\\/\\\/www.aeroclub-avranches.org\\\/wp2\\\/\"},{\"@type\":\"ListItem\",\"position\":2,\"name\":\"Piloter\"}]},{\"@type\":\"WebSite\",\"@id\":\"https:\\\/\\\/www.aeroclub-avranches.org\\\/wp2\\\/#website\",\"url\":\"https:\\\/\\\/www.aeroclub-avranches.org\\\/wp2\\\/\",\"name\":\"A\u00e9roclub des gr\u00e8ves du Mont Saint Michel\",\"description\":\"\",\"publisher\":{\"@id\":\"https:\\\/\\\/www.aeroclub-avranches.org\\\/wp2\\\/#organization\"},\"potentialAction\":[{\"@type\":\"SearchAction\",\"target\":{\"@type\":\"EntryPoint\",\"urlTemplate\":\"https:\\\/\\\/www.aeroclub-avranches.org\\\/wp2\\\/?s={search_term_string}\"},\"query-input\":{\"@type\":\"PropertyValueSpecification\",\"valueRequired\":true,\"valueName\":\"search_term_string\"}}],\"inLanguage\":\"fr-FR\"},{\"@type\":\"Organization\",\"@id\":\"https:\\\/\\\/www.aeroclub-avranches.org\\\/wp2\\\/#organization\",\"name\":\"A\u00e9roclub des gr\u00e8ves du Mont Saint Michel\",\"url\":\"https:\\\/\\\/www.aeroclub-avranches.org\\\/wp2\\\/\",\"logo\":{\"@type\":\"ImageObject\",\"inLanguage\":\"fr-FR\",\"@id\":\"https:\\\/\\\/www.aeroclub-avranches.org\\\/wp2\\\/#\\\/schema\\\/logo\\\/image\\\/\",\"url\":\"https:\\\/\\\/www.aeroclub-avranches.org\\\/wp2\\\/wp-content\\\/uploads\\\/2018\\\/03\\\/Logo-ae\u0301roclub_280x280-1-e1542033573298.jpg\",\"contentUrl\":\"https:\\\/\\\/www.aeroclub-avranches.org\\\/wp2\\\/wp-content\\\/uploads\\\/2018\\\/03\\\/Logo-ae\u0301roclub_280x280-1-e1542033573298.jpg\",\"width\":100,\"height\":99,\"caption\":\"A\u00e9roclub des gr\u00e8ves du Mont Saint Michel\"},\"image\":{\"@id\":\"https:\\\/\\\/www.aeroclub-avranches.org\\\/wp2\\\/#\\\/schema\\\/logo\\\/image\\\/\"},\"sameAs\":[\"https:\\\/\\\/www.facebook.com\\\/people\\\/Aro-club-des-Grves-du-Mont-Saint-Michel\\\/100064930290598\\\/\"]}]}<\/script>\n<!-- \/ Yoast SEO plugin. -->","yoast_head_json":{"title":"Piloter - A\u00e9roclub des gr\u00e8ves du Mont Saint Michel","robots":{"index":"index","follow":"follow","max-snippet":"max-snippet:-1","max-image-preview":"max-image-preview:large","max-video-preview":"max-video-preview:-1"},"canonical":"https:\/\/www.aeroclub-avranches.org\/wp2\/piloter\/","og_locale":"fr_FR","og_type":"article","og_title":"Piloter - A\u00e9roclub des gr\u00e8ves du Mont Saint Michel","og_description":"L&rsquo;A\u00e9roclub des Gr\u00e8ves du Mont Saint Michel, association loi 1901 situ\u00e9 sur la commune du Val Saint P\u00e8re, dispense la formation n\u00e9cessaire \u00e0 l&rsquo;obtention des brevets, licences et qualifications requis pour le pilotage d&rsquo;avion dans un cadre priv\u00e9. Vous trouverez dans ce chapitre : Les formations assur\u00e9es\u00a0 et leur organisation L&rsquo;inscription \u00e0 l\u2019a\u00e9roclub, et le &hellip; Continuer la lecture de &laquo;&nbsp;Piloter&nbsp;&raquo;","og_url":"https:\/\/www.aeroclub-avranches.org\/wp2\/piloter\/","og_site_name":"A\u00e9roclub des gr\u00e8ves du Mont Saint Michel","article_publisher":"https:\/\/www.facebook.com\/people\/Aro-club-des-Grves-du-Mont-Saint-Michel\/100064930290598\/","article_modified_time":"2018-11-13T13:15:42+00:00","twitter_card":"summary_large_image","schema":{"@context":"https:\/\/schema.org","@graph":[{"@type":"WebPage","@id":"https:\/\/www.aeroclub-avranches.org\/wp2\/piloter\/","url":"https:\/\/www.aeroclub-avranches.org\/wp2\/piloter\/","name":"Piloter - A\u00e9roclub des gr\u00e8ves du Mont Saint Michel","isPartOf":{"@id":"https:\/\/www.aeroclub-avranches.org\/wp2\/#website"},"datePublished":"2017-10-22T21:15:47+00:00","dateModified":"2018-11-13T13:15:42+00:00","breadcrumb":{"@id":"https:\/\/www.aeroclub-avranches.org\/wp2\/piloter\/#breadcrumb"},"inLanguage":"fr-FR","potentialAction":[{"@type":"ReadAction","target":["https:\/\/www.aeroclub-avranches.org\/wp2\/piloter\/"]}]},{"@type":"BreadcrumbList","@id":"https:\/\/www.aeroclub-avranches.org\/wp2\/piloter\/#breadcrumb","itemListElement":[{"@type":"ListItem","position":1,"name":"Accueil","item":"https:\/\/www.aeroclub-avranches.org\/wp2\/"},{"@type":"ListItem","position":2,"name":"Piloter"}]},{"@type":"WebSite","@id":"https:\/\/www.aeroclub-avranches.org\/wp2\/#website","url":"https:\/\/www.aeroclub-avranches.org\/wp2\/","name":"A\u00e9roclub des gr\u00e8ves du Mont Saint Michel","description":"","publisher":{"@id":"https:\/\/www.aeroclub-avranches.org\/wp2\/#organization"},"potentialAction":[{"@type":"SearchAction","target":{"@type":"EntryPoint","urlTemplate":"https:\/\/www.aeroclub-avranches.org\/wp2\/?s={search_term_string}"},"query-input":{"@type":"PropertyValueSpecification","valueRequired":true,"valueName":"search_term_string"}}],"inLanguage":"fr-FR"},{"@type":"Organization","@id":"https:\/\/www.aeroclub-avranches.org\/wp2\/#organization","name":"A\u00e9roclub des gr\u00e8ves du Mont Saint Michel","url":"https:\/\/www.aeroclub-avranches.org\/wp2\/","logo":{"@type":"ImageObject","inLanguage":"fr-FR","@id":"https:\/\/www.aeroclub-avranches.org\/wp2\/#\/schema\/logo\/image\/","url":"https:\/\/www.aeroclub-avranches.org\/wp2\/wp-content\/uploads\/2018\/03\/Logo-ae\u0301roclub_280x280-1-e1542033573298.jpg","contentUrl":"https:\/\/www.aeroclub-avranches.org\/wp2\/wp-content\/uploads\/2018\/03\/Logo-ae\u0301roclub_280x280-1-e1542033573298.jpg","width":100,"height":99,"caption":"A\u00e9roclub des gr\u00e8ves du Mont Saint Michel"},"image":{"@id":"https:\/\/www.aeroclub-avranches.org\/wp2\/#\/schema\/logo\/image\/"},"sameAs":["https:\/\/www.facebook.com\/people\/Aro-club-des-Grves-du-Mont-Saint-Michel\/100064930290598\/"]}]}},"_links":{"self":[{"href":"https:\/\/www.aeroclub-avranches.org\/wp2\/wp-json\/wp\/v2\/pages\/41","targetHints":{"allow":["GET"]}}],"collection":[{"href":"https:\/\/www.aeroclub-avranches.org\/wp2\/wp-json\/wp\/v2\/pages"}],"about":[{"href":"https:\/\/www.aeroclub-avranches.org\/wp2\/wp-json\/wp\/v2\/types\/page"}],"author":[{"embeddable":true,"href":"https:\/\/www.aeroclub-avranches.org\/wp2\/wp-json\/wp\/v2\/users\/1"}],"replies":[{"embeddable":true,"href":"https:\/\/www.aeroclub-avranches.org\/wp2\/wp-json\/wp\/v2\/comments?post=41"}],"version-history":[{"count":18,"href":"https:\/\/www.aeroclub-avranches.org\/wp2\/wp-json\/wp\/v2\/pages\/41\/revisions"}],"predecessor-version":[{"id":1027,"href":"https:\/\/www.aeroclub-avranches.org\/wp2\/wp-json\/wp\/v2\/pages\/41\/revisions\/1027"}],"wp:attachment":[{"href":"https:\/\/www.aeroclub-avranches.org\/wp2\/wp-json\/wp\/v2\/media?parent=41"}],"curies":[{"name":"wp","href":"https:\/\/api.w.org\/{rel}","templated":true}]}}