{"id":59,"date":"2017-10-22T23:22:04","date_gmt":"2017-10-22T21:22:04","guid":{"rendered":"http:\/\/www.aeroclub-avranches.org\/wp2\/?page_id=59"},"modified":"2018-06-20T08:59:47","modified_gmt":"2018-06-20T06:59:47","slug":"hommage-a-m-lebrun","status":"publish","type":"page","link":"https:\/\/www.aeroclub-avranches.org\/wp2\/hommage-a-m-lebrun\/","title":{"rendered":"Hommage \u00e0 M. Lebrun"},"content":{"rendered":"<p><em>Texte librement inspir\u00e9 de son livre &lsquo;Sous l&rsquo;aile de l&rsquo;Archange&rsquo;<\/em><\/p>\n<p>Citant Roger Henrard, un de ses amis de longue date : \u00ab\u00a0La vie d&rsquo;un homme n&rsquo;est pas remplie s&rsquo;il n&rsquo;a \u00e9duqu\u00e9 un enfant, plant\u00e9 un arbre, \u00e9crit un livre\u00a0\u00bb, Mr Lebrun a en quelque sorte plus que rempli son \u00ab\u00a0contrat\u00a0\u00bb en consacrant une bonne partie de sa vie et de ses loisirs \u00e0 l&rsquo;a\u00e9roclub d&rsquo;Avranches. En effet la vie Mr Lebrun semble indissociable de celle de l&rsquo;a\u00e9roclub. N\u00e9 en 1912, il aura travers\u00e9 le si\u00e8cle, en participant \u00e0 sa fa\u00e7on \u00e0 l&rsquo;av\u00e8nement de l&rsquo;aviation de tourisme.<\/p>\n<p><a href=\"https:\/\/www.aeroclub-avranches.org\/images\/lebrunj.jpg\"><img loading=\"lazy\" decoding=\"async\" class=\"aligncenter wp-image-487 size-thumbnail\" title=\"lebrunj\" src=\"https:\/\/www.aeroclub-avranches.org\/images\/lebrunj.jpg\" alt=\"\" width=\"150\" height=\"150\" \/><\/a><\/p>\n<p>Il a 15 ans en 1927, il est alors au lyc\u00e9e Livet de Nantes. Les \u00e9v\u00e9nements a\u00e9riens de l&rsquo;\u00e9poque, avec ses h\u00e9ros, Nungesser et Coli, Lindbergh, Mermoz, l&rsquo;impressionnent beaucoup. Ils lui semblent inaccessibles. L&rsquo;avenir lui prouvera le contraire lors de ses rencontres avec Saint Exup\u00e9ry, Doret, D\u00e9troyat et plus tard le fils de Lindbergh \u00e0 Lessay . Il n&rsquo;oublie pas les premi\u00e8res exhibitions de pilote tel Poulet \u00e0 Saint Malo. Au cours de son service militaire \u00e0 l&rsquo;Ecole militaire de Paris, il continue son approche de l&rsquo;aviation en allant voir au Bourget les avions militaires volant \u00e0 cette \u00e9poque : Hanriot, Farman, Potez.<\/p>\n<p><a href=\"https:\/\/www.aeroclub-avranches.org\/images\/lebrunm.jpg\"><img loading=\"lazy\" decoding=\"async\" class=\"aligncenter size-thumbnail wp-image-490\" title=\"lebrunm\" src=\"https:\/\/www.aeroclub-avranches.org\/images\/lebrunm.jpg\" alt=\"\" width=\"150\" height=\"150\" \/><\/a><\/p>\n<p>Du r\u00eave \u00e0 la r\u00e9alit\u00e9. Ayant vu un article dans l&rsquo;Ouest-Eclair, vantant la beaut\u00e9 du Mont Saint Michel, Il s&rsquo;enhardit pour tenter l&rsquo;exp\u00e9rience. C&rsquo;est le chef Pilote Kohn, un ancien adjudant de la guerre 14-18 qui lui fera faire son premier vol. Il d\u00e9couvre alors de nouvelles sensations ainsi que l&rsquo;environnement de la baie. \u00ab\u00a0Le bruit du moteur et l&rsquo;odeur de l&rsquo;huile de ricin se gravaient pour toujours dans ma m\u00e9moire\u00a0\u00bb. Une passion vient de na\u00eetre. Il va plus avant et prend sa premi\u00e8re le\u00e7on peu de temps apr\u00e8s.<\/p>\n<p><a href=\"https:\/\/www.aeroclub-avranches.org\/images\/montco.jpg\"><img loading=\"lazy\" decoding=\"async\" class=\"aligncenter size-thumbnail wp-image-491\" title=\"montco\" src=\"https:\/\/www.aeroclub-avranches.org\/images\/montco.jpg\" alt=\"\" width=\"150\" height=\"150\" \/><\/a><\/p>\n<p>Le briefing est \u00ab\u00a0court\u00a0\u00bb : C&rsquo;est tr\u00e8s simple, si vous poussez sur le manche le nez de l&rsquo;avion s&rsquo;abaisse : vous descendez ; si vous tirez vous montez, vous poussez le manche vers la gauche et l&rsquo;avion s&rsquo;incline \u00e0 gauche et il vire, \u00e0 droite c&rsquo;est l&rsquo;inverse.\u00a0\u00bb Lapidaire mais efficace. Il f\u00fbt l\u00e2ch\u00e9 7 heures plus tard.<\/p>\n<p><img loading=\"lazy\" decoding=\"async\" class=\"wp-image-633 size-full aligncenter\" title=\"Raymonde et Edmond LEBRUN 1933\" src=\"https:\/\/www.aeroclub-avranches.org\/wp2\/wp-content\/uploads\/2018\/03\/lebrun1.png\" alt=\"Raymonde et Edmond LEBRUN 1933\" width=\"272\" height=\"183\" \/><\/p>\n<p>En septembre 1936, apr\u00e8s les quinze heures de vol r\u00e9glementaires il passa avec succ\u00e8s son premier degr\u00e9, un barographe pendant \u00e0 son cou comme c&rsquo;\u00e9tait l&rsquo;usage, afin de v\u00e9rifier si l&rsquo;\u00e9l\u00e8ve avait bien effectu\u00e9 toutes les figures impos\u00e9es. Il emmena son premier passager, sa fianc\u00e9e, vers Sourdeval, qui supporta tr\u00e8s mal les nombreux virages occasionn\u00e9s pour les survols de sa maison.<\/p>\n<p>Faisant preuve de patience, il n&rsquo;obtint les trente heures n\u00e9cessaires au passage du second degr\u00e9 que 3 ans plus tard. La guerre et la mobilisation g\u00e9n\u00e9rale, repouss\u00e8rent l&rsquo;obtention de son brevet de 11 ann\u00e9es, le 21 ao\u00fbt 1947.<\/p>\n<p>Apr\u00e8s la lib\u00e9ration, sevr\u00e9 d&rsquo;aviation pendant quelques ann\u00e9es, il s&rsquo;essaya au planeur \u00e0 Lessay, sur C800 puis sur Castel-Mauboussin 301 sous la conduite du jeune chef pilote Bataille. Une tentative d&rsquo;activit\u00e9 planeur eut m\u00eame lieu \u00e0 Avranches, mais celui-ci volant peu, elle cessa rapidement. Une rencontre importante pour lui et l&rsquo;a\u00e9roclub f\u00fbt celle avec Fred Nicole, \u00e0 l&rsquo;occasion de d\u00e9marches au SFA \u00e0 Paris en vue d&rsquo;obtenir des aides, avec qui il effectua de nombreuses s\u00e9ances de voltige m\u00e9morables sur le B\u00fccker BBRI. Il f\u00fbt le 1er touriste \u00e0 atterrir \u00e0 Jersey apr\u00e8s la lib\u00e9ration pour emmener un Stampe pour une pr\u00e9sentation en meeting de Fred Nicole.<\/p>\n<p><a href=\"https:\/\/www.aeroclub-avranches.org\/images\/lebruna.jpg\"><img loading=\"lazy\" decoding=\"async\" class=\"aligncenter size-thumbnail wp-image-493\" title=\"lebruna\" src=\"https:\/\/www.aeroclub-avranches.org\/images\/lebruna.jpg\" alt=\"\" width=\"150\" height=\"150\" \/><\/a><\/p>\n<p>Avec humilit\u00e9, Mr Lebrun raconte m\u00eame comment celui-ci, instructeur s\u00e9v\u00e8re l&rsquo;obligea \u00e0 coucher dans un avion pos\u00e9 sur une plage proche de Granville \u00e0 cause d&rsquo;une m\u00e9t\u00e9o d\u00e9favorable, ceci afin de le garder.<\/p>\n<p><a href=\"https:\/\/www.aeroclub-avranches.org\/images\/lebrun_nicole_f-bcoy.jpg\"><img loading=\"lazy\" decoding=\"async\" class=\"aligncenter size-thumbnail wp-image-515\" title=\"Lebrun_Nicole_F-BCOY\" src=\"https:\/\/www.aeroclub-avranches.org\/images\/lebrun_nicole_f-bcoy.jpg\" alt=\"\" width=\"150\" height=\"150\" \/><\/a><\/p>\n<p>La vie d&rsquo;un pilote est jalonn\u00e9e de premi\u00e8res fois, et Mr Lebrun n&rsquo;\u00e9chappe pas \u00e0 cette r\u00e8gle. Il subit sa premi\u00e8re panne moteur, et se posa sans casse dans &#8230; un champ de pommes de terre aux environs du Mont Dol. Le r\u00eave de tout pilote est d&rsquo;avoir un avion \u00e0 soi. Il p\u00fbt le r\u00e9aliser en achetant un avion r\u00e9cemment construit par la S.C.A.N., le Nord 1201, dit \u00ab\u00a0Nor\u00e9crin\u00a0\u00bb. Une maladresse et un manque d&rsquo;exp\u00e9rience lui occasionne une rupture de train.<\/p>\n<p><a href=\"https:\/\/www.aeroclub-avranches.org\/images\/norecrin1.jpg\"><img loading=\"lazy\" decoding=\"async\" class=\"aligncenter size-thumbnail wp-image-494\" title=\"norecrin1\" src=\"https:\/\/www.aeroclub-avranches.org\/images\/norecrin1.jpg\" alt=\"\" width=\"150\" height=\"150\" \/><\/a><\/p>\n<p>Premier long voyage \u00e0 l&rsquo;occasion du \u00ab\u00a0Tour de M\u00e9diterran\u00e9e\u00a0\u00bb organis\u00e9 par la SCAN. De nouvelles amiti\u00e9s entre les diff\u00e9rents participants se nouent : Roger Peltier et Guy Anseaume de Rouen, Roger Henrard, Ripert. Il est m\u00eame surnomm\u00e9 \u00ab\u00a0la barbouille\u00a0\u00bb par le commandant de la plate-forme de Vichy, au vu de l&rsquo;\u00e9tat du &lsquo;Nor\u00e9crin&rsquo;. La piste de l&rsquo;\u00e9poque \u00e9tait plut\u00f4t boueuse en hiver.<\/p>\n<p>Un tournant dans la vie de l&rsquo;a\u00e9roclub : la suppression des subventions qui permettaient d&rsquo;appointer un m\u00e9cano et un instructeur, entra\u00eene la quasi faillite du club. Ne pouvant se r\u00e9soudre \u00e0 cet \u00e9tat de fait Mr Lebrun se d\u00e9cide d&rsquo;assumer seul la caution. De plus le manque de disponibilit\u00e9 du seul instructeur restant, Mr Ledauphin risque d&rsquo;entra\u00eener la fermeture de l&rsquo;a\u00e9roclub faute d&rsquo;\u00e9l\u00e8ves. Fred Nicole gr\u00e2ce \u00e0 des contacts amicaux \u00e0 l&rsquo;\u00e9cole de St Yan, propose \u00e0 Mr Lebrun de faire son stage d&rsquo;instructeur. T\u00e2che dont il s&rsquo;acquitte avec succ\u00e8s malgr\u00e9 une certaine animosit\u00e9 de la part de l&rsquo;encadrement de St Yan, celui-ci voyant d&rsquo;un mauvais oeil arriver un pr\u00e9sident de club avec son avion personnel, et voulant prendre la place d&rsquo;un jeune professionnel.<\/p>\n<p>Les finances de l&rsquo;a\u00e9roclub se r\u00e9tablissent peu \u00e0 peu sous la pr\u00e9sidence de Mr Ledauphin gr\u00e2ce un programme de bapt\u00eames en campagne comme \u00e0 Coutances ou sur la plage de Carolles et par l&rsquo;arriv\u00e9e de ce nouvel instructeur. Apr\u00e8s une tentative d&rsquo;implantation d&rsquo;un a\u00e9roclub sur Foug\u00e8res, Mr Ledauphin quitte d\u00e9finitivement l&rsquo;a\u00e9roclub laissant la pr\u00e9sidence vacante. Une fois encore, son sens des responsabilit\u00e9s appelle Mr Lebrun a assumer aussi cette t\u00e2che. C&rsquo;est gr\u00e2ce aussi \u00e0 son \u00e9pouse Raymonde Lebrun, qui prit une part active dans la gestion de l&rsquo;a\u00e9roclub en assumant les charges de secr\u00e9taire et de tr\u00e9sori\u00e8re.<\/p>\n<p><a href=\"https:\/\/www.aeroclub-avranches.org\/images\/icare.jpg\"><img loading=\"lazy\" decoding=\"async\" class=\"aligncenter size-thumbnail wp-image-495\" title=\"icare\" src=\"https:\/\/www.aeroclub-avranches.org\/images\/icare.jpg\" alt=\"\" width=\"150\" height=\"150\" \/><\/a><\/p>\n<p>Les ann\u00e9es qui suivront, seront l&rsquo;occasion de rencontres tour \u00e0 tour, sympathiques comme cet am\u00e9ricain venu avec son avion des Etats Unis et accompagn\u00e9 de sa famille ou d\u00e9sopilantes ainsi cette dame emmen\u00e9e en bapt\u00eame autour du Mont Saint Michel qui en regardant vers St Jean le Thomas, d\u00e9clare : \u00ab\u00a0C&rsquo;est l&rsquo;Angleterre, l\u00e0 bas, n&rsquo;est-ce-pas ?\u00a0\u00bb.<\/p>\n<p>1953, lors du retour d&rsquo;un voyage pour affaires \u00e0 Oyonnax, une panne d&rsquo;essence contraint le Nor\u00e9crin \u00e0 un atterrissage d&rsquo;urgence. Un mauvais choix de la zone d&rsquo;atterrissage l&rsquo;endommage fortement. Il ne revolera jamais, fuselage et aile trop ab\u00eem\u00e9s.<\/p>\n<p>Rencontre encore, en 1956 avec Michel D\u00e9troyat lors d&rsquo;un meeting, qui effray\u00e9 par la mani\u00e8re brusque dont conduisait Mr Lebrun dans la campagne mortainaise, se vengea un peu plus tard, en un gymkhana improvis\u00e9 dans les rues de la capitale.<\/p>\n<p><a href=\"https:\/\/www.aeroclub-avranches.org\/images\/acftarbre.jpg\"><img loading=\"lazy\" decoding=\"async\" class=\"aligncenter size-thumbnail wp-image-498\" title=\"avion dans un arbre\" src=\"https:\/\/www.aeroclub-avranches.org\/images\/acftarbre.jpg\" alt=\"\" width=\"150\" height=\"150\" \/><\/a><br \/>\n\u00ab\u00a0Sur un arbre perch\u00e9\u00a0\u00bb est un film bien connu avec Louis de Fun\u00e8s entre autre acteur. En 1974, Mr Lebrun, accompagn\u00e9 de Louis Monique ont exp\u00e9riment\u00e9 cette forme d&rsquo;atterrissage. Suite \u00e0 un givrage moteur, cette manoeuvre d&rsquo;urgence a \u00e9t\u00e9 in\u00e9vitable. Aucun dommage pour les passagers heureusement, mais l&rsquo;avion faute de pouvoir l&rsquo;h\u00e9litreuiller, \u00e0 d\u00fb \u00eatre d\u00e9mont\u00e9 sur place.<\/p>\n<p>1981, une frayeur de plus au palmar\u00e8s d\u00e9j\u00e0 bien rempli, la casse d&rsquo;une p\u00e2le d&rsquo;h\u00e9lice sur un Commodore, Rallye MS893, l&rsquo;oblige \u00e0 passer malgr\u00e9 lui plusieurs jours sous une tente dans le Bourbonnais, \u00e0 Chambon-Veille en attente d&rsquo;une autre h\u00e9lice et d&rsquo;une autorisation de re-d\u00e9coller. C&rsquo;est l&rsquo;occasion pour lui de retrouvailles d&rsquo;une passag\u00e8re de bapt\u00eame de l&rsquo;air lors d&rsquo;un tour de chant dans la r\u00e9gion.<\/p>\n<p>Son exp\u00e9rience de pilote et ses fonctions d&rsquo;instructeur pendant ces longues ann\u00e9es, l&rsquo;ont amen\u00e9 \u00e0 r\u00e9fl\u00e9chir sur cette fonction, ainsi que sur les capacit\u00e9s des \u00e9l\u00e8ves pilotes en g\u00e9n\u00e9ral. Plusieurs fois au cours de r\u00e9unions entre instructeurs, il propose d&rsquo;inclure dans la formation des pilotes des courtes s\u00e9ances de PSV (Pilotage Sans Visibilit\u00e9). La r\u00e9ponse des autorit\u00e9s administratives de l&rsquo;\u00e9poque \u00e9tait toujours la m\u00eame : \u00ab\u00a0Vous allez inciter les pilotes \u00e0 entrer dans les nuages\u00a0\u00bb. L&rsquo;avenir lui aura donn\u00e9 raison : depuis le 1er janvier 2000, ces s\u00e9ances sont obligatoires dans le nouveau programme d&rsquo;instruction des pilotes.<\/p>\n<p>Le d\u00e9c\u00e8s de son \u00e9pouse Raymonde, en 1982, l&rsquo;incite a habiter de mani\u00e8re plus r\u00e9guli\u00e8re le clubhouse.<\/p>\n<p><a href=\"https:\/\/www.aeroclub-avranches.org\/wp0\/wp-content\/uploads\/2011\/12\/lebrunb.jpg\"><img loading=\"lazy\" decoding=\"async\" class=\"aligncenter size-thumbnail wp-image-500\" title=\"lebrunb\" src=\"https:\/\/www.aeroclub-avranches.org\/images\/lebrunb.jpg\" alt=\"\" width=\"150\" height=\"150\" \/><\/a><\/p>\n<p>1984, un vie pleine de souvenirs, 10000 heures de vol et sous l&rsquo;amicale pression de ses amies, am\u00e8nent Mr Lebrun \u00e0 d\u00e9buter l&rsquo;\u00e9criture de son livre qui deviendra &lsquo;Sous l&rsquo;aile de l&rsquo;Archange&rsquo;. Il cessera ses fonctions d&rsquo;instructeur en 1988.<\/p>\n<p>Mr Lebrun s&rsquo;est d\u00e9finitivement envol\u00e9 le 29 f\u00e9vrier 2000.<\/p>\n<p>\u00ab\u00a0Il n&rsquo;y a pas de hasard, il n&rsquo;y a que des rendez-vous.\u00a0\u00bb<\/p>\n<p><a href=\"https:\/\/www.aeroclub-avranches.org\/wp0\/wp-content\/uploads\/2011\/12\/lebpa1a.jpg\"><img loading=\"lazy\" decoding=\"async\" class=\"aligncenter size-thumbnail wp-image-501\" title=\"lebpa1a\" src=\"https:\/\/www.aeroclub-avranches.org\/images\/lebpa1a.jpg\" alt=\"\" width=\"150\" height=\"150\" \/><\/a><\/p>\n<p>&nbsp;<\/p>\n","protected":false},"excerpt":{"rendered":"<p>Texte librement inspir\u00e9 de son livre &lsquo;Sous l&rsquo;aile de l&rsquo;Archange&rsquo; Citant Roger Henrard, un de ses amis de longue date : \u00ab\u00a0La vie d&rsquo;un homme n&rsquo;est pas remplie s&rsquo;il n&rsquo;a \u00e9duqu\u00e9 un enfant, plant\u00e9 un arbre, \u00e9crit un livre\u00a0\u00bb, Mr Lebrun a en quelque sorte plus que rempli son \u00ab\u00a0contrat\u00a0\u00bb en consacrant une bonne partie &hellip; <a href=\"https:\/\/www.aeroclub-avranches.org\/wp2\/hommage-a-m-lebrun\/\" class=\"more-link\">Continuer la lecture<span class=\"screen-reader-text\"> de &laquo;&nbsp;Hommage \u00e0 M. Lebrun&nbsp;&raquo;<\/span><\/a><\/p>\n","protected":false},"author":1,"featured_media":0,"parent":0,"menu_order":0,"comment_status":"closed","ping_status":"closed","template":"","meta":{"footnotes":""},"class_list":["post-59","page","type-page","status-publish","hentry"],"yoast_head":"<!-- This site is optimized with the Yoast SEO plugin v27.4 - https:\/\/yoast.com\/product\/yoast-seo-wordpress\/ -->\n<title>Hommage \u00e0 M. Lebrun - A\u00e9roclub des gr\u00e8ves du Mont Saint Michel<\/title>\n<meta name=\"robots\" content=\"index, follow, max-snippet:-1, max-image-preview:large, max-video-preview:-1\" \/>\n<link rel=\"canonical\" href=\"https:\/\/www.aeroclub-avranches.org\/wp2\/hommage-a-m-lebrun\/\" \/>\n<meta property=\"og:locale\" content=\"fr_FR\" \/>\n<meta property=\"og:type\" content=\"article\" \/>\n<meta property=\"og:title\" content=\"Hommage \u00e0 M. Lebrun - A\u00e9roclub des gr\u00e8ves du Mont Saint Michel\" \/>\n<meta property=\"og:description\" content=\"Texte librement inspir\u00e9 de son livre &lsquo;Sous l&rsquo;aile de l&rsquo;Archange&rsquo; Citant Roger Henrard, un de ses amis de longue date : \u00ab\u00a0La vie d&rsquo;un homme n&rsquo;est pas remplie s&rsquo;il n&rsquo;a \u00e9duqu\u00e9 un enfant, plant\u00e9 un arbre, \u00e9crit un livre\u00a0\u00bb, Mr Lebrun a en quelque sorte plus que rempli son \u00ab\u00a0contrat\u00a0\u00bb en consacrant une bonne partie &hellip; Continuer la lecture de &laquo;&nbsp;Hommage \u00e0 M. Lebrun&nbsp;&raquo;\" \/>\n<meta property=\"og:url\" content=\"https:\/\/www.aeroclub-avranches.org\/wp2\/hommage-a-m-lebrun\/\" \/>\n<meta property=\"og:site_name\" content=\"A\u00e9roclub des gr\u00e8ves du Mont Saint Michel\" \/>\n<meta property=\"article:publisher\" content=\"https:\/\/www.facebook.com\/people\/Aro-club-des-Grves-du-Mont-Saint-Michel\/100064930290598\/\" \/>\n<meta property=\"article:modified_time\" content=\"2018-06-20T06:59:47+00:00\" \/>\n<meta property=\"og:image\" content=\"https:\/\/www.aeroclub-avranches.org\/images\/lebrunj.jpg\" \/>\n<meta name=\"twitter:card\" content=\"summary_large_image\" \/>\n<meta name=\"twitter:label1\" content=\"Dur\u00e9e de lecture estim\u00e9e\" \/>\n\t<meta name=\"twitter:data1\" content=\"7 minutes\" \/>\n<script type=\"application\/ld+json\" class=\"yoast-schema-graph\">{\"@context\":\"https:\\\/\\\/schema.org\",\"@graph\":[{\"@type\":\"WebPage\",\"@id\":\"https:\\\/\\\/www.aeroclub-avranches.org\\\/wp2\\\/hommage-a-m-lebrun\\\/\",\"url\":\"https:\\\/\\\/www.aeroclub-avranches.org\\\/wp2\\\/hommage-a-m-lebrun\\\/\",\"name\":\"Hommage \u00e0 M. Lebrun - A\u00e9roclub des gr\u00e8ves du Mont Saint Michel\",\"isPartOf\":{\"@id\":\"https:\\\/\\\/www.aeroclub-avranches.org\\\/wp2\\\/#website\"},\"primaryImageOfPage\":{\"@id\":\"https:\\\/\\\/www.aeroclub-avranches.org\\\/wp2\\\/hommage-a-m-lebrun\\\/#primaryimage\"},\"image\":{\"@id\":\"https:\\\/\\\/www.aeroclub-avranches.org\\\/wp2\\\/hommage-a-m-lebrun\\\/#primaryimage\"},\"thumbnailUrl\":\"https:\\\/\\\/www.aeroclub-avranches.org\\\/images\\\/lebrunj.jpg\",\"datePublished\":\"2017-10-22T21:22:04+00:00\",\"dateModified\":\"2018-06-20T06:59:47+00:00\",\"breadcrumb\":{\"@id\":\"https:\\\/\\\/www.aeroclub-avranches.org\\\/wp2\\\/hommage-a-m-lebrun\\\/#breadcrumb\"},\"inLanguage\":\"fr-FR\",\"potentialAction\":[{\"@type\":\"ReadAction\",\"target\":[\"https:\\\/\\\/www.aeroclub-avranches.org\\\/wp2\\\/hommage-a-m-lebrun\\\/\"]}]},{\"@type\":\"ImageObject\",\"inLanguage\":\"fr-FR\",\"@id\":\"https:\\\/\\\/www.aeroclub-avranches.org\\\/wp2\\\/hommage-a-m-lebrun\\\/#primaryimage\",\"url\":\"https:\\\/\\\/www.aeroclub-avranches.org\\\/images\\\/lebrunj.jpg\",\"contentUrl\":\"https:\\\/\\\/www.aeroclub-avranches.org\\\/images\\\/lebrunj.jpg\"},{\"@type\":\"BreadcrumbList\",\"@id\":\"https:\\\/\\\/www.aeroclub-avranches.org\\\/wp2\\\/hommage-a-m-lebrun\\\/#breadcrumb\",\"itemListElement\":[{\"@type\":\"ListItem\",\"position\":1,\"name\":\"Accueil\",\"item\":\"https:\\\/\\\/www.aeroclub-avranches.org\\\/wp2\\\/\"},{\"@type\":\"ListItem\",\"position\":2,\"name\":\"Hommage \u00e0 M. Lebrun\"}]},{\"@type\":\"WebSite\",\"@id\":\"https:\\\/\\\/www.aeroclub-avranches.org\\\/wp2\\\/#website\",\"url\":\"https:\\\/\\\/www.aeroclub-avranches.org\\\/wp2\\\/\",\"name\":\"A\u00e9roclub des gr\u00e8ves du Mont Saint Michel\",\"description\":\"\",\"publisher\":{\"@id\":\"https:\\\/\\\/www.aeroclub-avranches.org\\\/wp2\\\/#organization\"},\"potentialAction\":[{\"@type\":\"SearchAction\",\"target\":{\"@type\":\"EntryPoint\",\"urlTemplate\":\"https:\\\/\\\/www.aeroclub-avranches.org\\\/wp2\\\/?s={search_term_string}\"},\"query-input\":{\"@type\":\"PropertyValueSpecification\",\"valueRequired\":true,\"valueName\":\"search_term_string\"}}],\"inLanguage\":\"fr-FR\"},{\"@type\":\"Organization\",\"@id\":\"https:\\\/\\\/www.aeroclub-avranches.org\\\/wp2\\\/#organization\",\"name\":\"A\u00e9roclub des gr\u00e8ves du Mont Saint Michel\",\"url\":\"https:\\\/\\\/www.aeroclub-avranches.org\\\/wp2\\\/\",\"logo\":{\"@type\":\"ImageObject\",\"inLanguage\":\"fr-FR\",\"@id\":\"https:\\\/\\\/www.aeroclub-avranches.org\\\/wp2\\\/#\\\/schema\\\/logo\\\/image\\\/\",\"url\":\"https:\\\/\\\/www.aeroclub-avranches.org\\\/wp2\\\/wp-content\\\/uploads\\\/2018\\\/03\\\/Logo-ae\u0301roclub_280x280-1-e1542033573298.jpg\",\"contentUrl\":\"https:\\\/\\\/www.aeroclub-avranches.org\\\/wp2\\\/wp-content\\\/uploads\\\/2018\\\/03\\\/Logo-ae\u0301roclub_280x280-1-e1542033573298.jpg\",\"width\":100,\"height\":99,\"caption\":\"A\u00e9roclub des gr\u00e8ves du Mont Saint Michel\"},\"image\":{\"@id\":\"https:\\\/\\\/www.aeroclub-avranches.org\\\/wp2\\\/#\\\/schema\\\/logo\\\/image\\\/\"},\"sameAs\":[\"https:\\\/\\\/www.facebook.com\\\/people\\\/Aro-club-des-Grves-du-Mont-Saint-Michel\\\/100064930290598\\\/\"]}]}<\/script>\n<!-- \/ Yoast SEO plugin. -->","yoast_head_json":{"title":"Hommage \u00e0 M. Lebrun - A\u00e9roclub des gr\u00e8ves du Mont Saint Michel","robots":{"index":"index","follow":"follow","max-snippet":"max-snippet:-1","max-image-preview":"max-image-preview:large","max-video-preview":"max-video-preview:-1"},"canonical":"https:\/\/www.aeroclub-avranches.org\/wp2\/hommage-a-m-lebrun\/","og_locale":"fr_FR","og_type":"article","og_title":"Hommage \u00e0 M. Lebrun - A\u00e9roclub des gr\u00e8ves du Mont Saint Michel","og_description":"Texte librement inspir\u00e9 de son livre &lsquo;Sous l&rsquo;aile de l&rsquo;Archange&rsquo; Citant Roger Henrard, un de ses amis de longue date : \u00ab\u00a0La vie d&rsquo;un homme n&rsquo;est pas remplie s&rsquo;il n&rsquo;a \u00e9duqu\u00e9 un enfant, plant\u00e9 un arbre, \u00e9crit un livre\u00a0\u00bb, Mr Lebrun a en quelque sorte plus que rempli son \u00ab\u00a0contrat\u00a0\u00bb en consacrant une bonne partie &hellip; Continuer la lecture de &laquo;&nbsp;Hommage \u00e0 M. Lebrun&nbsp;&raquo;","og_url":"https:\/\/www.aeroclub-avranches.org\/wp2\/hommage-a-m-lebrun\/","og_site_name":"A\u00e9roclub des gr\u00e8ves du Mont Saint Michel","article_publisher":"https:\/\/www.facebook.com\/people\/Aro-club-des-Grves-du-Mont-Saint-Michel\/100064930290598\/","article_modified_time":"2018-06-20T06:59:47+00:00","og_image":[{"url":"https:\/\/www.aeroclub-avranches.org\/images\/lebrunj.jpg","type":"","width":"","height":""}],"twitter_card":"summary_large_image","twitter_misc":{"Dur\u00e9e de lecture estim\u00e9e":"7 minutes"},"schema":{"@context":"https:\/\/schema.org","@graph":[{"@type":"WebPage","@id":"https:\/\/www.aeroclub-avranches.org\/wp2\/hommage-a-m-lebrun\/","url":"https:\/\/www.aeroclub-avranches.org\/wp2\/hommage-a-m-lebrun\/","name":"Hommage \u00e0 M. Lebrun - A\u00e9roclub des gr\u00e8ves du Mont Saint Michel","isPartOf":{"@id":"https:\/\/www.aeroclub-avranches.org\/wp2\/#website"},"primaryImageOfPage":{"@id":"https:\/\/www.aeroclub-avranches.org\/wp2\/hommage-a-m-lebrun\/#primaryimage"},"image":{"@id":"https:\/\/www.aeroclub-avranches.org\/wp2\/hommage-a-m-lebrun\/#primaryimage"},"thumbnailUrl":"https:\/\/www.aeroclub-avranches.org\/images\/lebrunj.jpg","datePublished":"2017-10-22T21:22:04+00:00","dateModified":"2018-06-20T06:59:47+00:00","breadcrumb":{"@id":"https:\/\/www.aeroclub-avranches.org\/wp2\/hommage-a-m-lebrun\/#breadcrumb"},"inLanguage":"fr-FR","potentialAction":[{"@type":"ReadAction","target":["https:\/\/www.aeroclub-avranches.org\/wp2\/hommage-a-m-lebrun\/"]}]},{"@type":"ImageObject","inLanguage":"fr-FR","@id":"https:\/\/www.aeroclub-avranches.org\/wp2\/hommage-a-m-lebrun\/#primaryimage","url":"https:\/\/www.aeroclub-avranches.org\/images\/lebrunj.jpg","contentUrl":"https:\/\/www.aeroclub-avranches.org\/images\/lebrunj.jpg"},{"@type":"BreadcrumbList","@id":"https:\/\/www.aeroclub-avranches.org\/wp2\/hommage-a-m-lebrun\/#breadcrumb","itemListElement":[{"@type":"ListItem","position":1,"name":"Accueil","item":"https:\/\/www.aeroclub-avranches.org\/wp2\/"},{"@type":"ListItem","position":2,"name":"Hommage \u00e0 M. Lebrun"}]},{"@type":"WebSite","@id":"https:\/\/www.aeroclub-avranches.org\/wp2\/#website","url":"https:\/\/www.aeroclub-avranches.org\/wp2\/","name":"A\u00e9roclub des gr\u00e8ves du Mont Saint Michel","description":"","publisher":{"@id":"https:\/\/www.aeroclub-avranches.org\/wp2\/#organization"},"potentialAction":[{"@type":"SearchAction","target":{"@type":"EntryPoint","urlTemplate":"https:\/\/www.aeroclub-avranches.org\/wp2\/?s={search_term_string}"},"query-input":{"@type":"PropertyValueSpecification","valueRequired":true,"valueName":"search_term_string"}}],"inLanguage":"fr-FR"},{"@type":"Organization","@id":"https:\/\/www.aeroclub-avranches.org\/wp2\/#organization","name":"A\u00e9roclub des gr\u00e8ves du Mont Saint Michel","url":"https:\/\/www.aeroclub-avranches.org\/wp2\/","logo":{"@type":"ImageObject","inLanguage":"fr-FR","@id":"https:\/\/www.aeroclub-avranches.org\/wp2\/#\/schema\/logo\/image\/","url":"https:\/\/www.aeroclub-avranches.org\/wp2\/wp-content\/uploads\/2018\/03\/Logo-ae\u0301roclub_280x280-1-e1542033573298.jpg","contentUrl":"https:\/\/www.aeroclub-avranches.org\/wp2\/wp-content\/uploads\/2018\/03\/Logo-ae\u0301roclub_280x280-1-e1542033573298.jpg","width":100,"height":99,"caption":"A\u00e9roclub des gr\u00e8ves du Mont Saint Michel"},"image":{"@id":"https:\/\/www.aeroclub-avranches.org\/wp2\/#\/schema\/logo\/image\/"},"sameAs":["https:\/\/www.facebook.com\/people\/Aro-club-des-Grves-du-Mont-Saint-Michel\/100064930290598\/"]}]}},"_links":{"self":[{"href":"https:\/\/www.aeroclub-avranches.org\/wp2\/wp-json\/wp\/v2\/pages\/59","targetHints":{"allow":["GET"]}}],"collection":[{"href":"https:\/\/www.aeroclub-avranches.org\/wp2\/wp-json\/wp\/v2\/pages"}],"about":[{"href":"https:\/\/www.aeroclub-avranches.org\/wp2\/wp-json\/wp\/v2\/types\/page"}],"author":[{"embeddable":true,"href":"https:\/\/www.aeroclub-avranches.org\/wp2\/wp-json\/wp\/v2\/users\/1"}],"replies":[{"embeddable":true,"href":"https:\/\/www.aeroclub-avranches.org\/wp2\/wp-json\/wp\/v2\/comments?post=59"}],"version-history":[{"count":14,"href":"https:\/\/www.aeroclub-avranches.org\/wp2\/wp-json\/wp\/v2\/pages\/59\/revisions"}],"predecessor-version":[{"id":798,"href":"https:\/\/www.aeroclub-avranches.org\/wp2\/wp-json\/wp\/v2\/pages\/59\/revisions\/798"}],"wp:attachment":[{"href":"https:\/\/www.aeroclub-avranches.org\/wp2\/wp-json\/wp\/v2\/media?parent=59"}],"curies":[{"name":"wp","href":"https:\/\/api.w.org\/{rel}","templated":true}]}}