{"id":63,"date":"2017-10-22T23:23:02","date_gmt":"2017-10-22T21:23:02","guid":{"rendered":"http:\/\/www.aeroclub-avranches.org\/wp2\/?page_id=63"},"modified":"2023-09-11T10:11:02","modified_gmt":"2023-09-11T08:11:02","slug":"laeroclub","status":"publish","type":"page","link":"https:\/\/www.aeroclub-avranches.org\/wp2\/laeroclub\/","title":{"rendered":"L&rsquo;A\u00e9roclub"},"content":{"rendered":"<h2>Pr\u00e9sentation<\/h2>\n<p>L&rsquo;A\u00e9roclub des Gr\u00e8ves du Mont Saint Michel, association loi 1901, cr\u00e9\u00e9 en 1934, et situ\u00e9 sur la commune du Val Saint P\u00e8re, dispense le type de formation n\u00e9cessaire \u00e0 l&rsquo;obtention des brevets et licences de Pilote Priv\u00e9 avion.<\/p>\n<p>L&rsquo;A\u00e9roclub des Gr\u00e8ves du Mont Saint Michel est affili\u00e9 \u00e0 la F\u00e9d\u00e9ration Fran\u00e7aise A\u00e9ronautique sous le num\u00e9ro 212, fait partie du CRAN (Comit\u00e9 R\u00e9gional A\u00e9ronautique de Normandie), du CDAM (Comit\u00e9 D\u00e9partemental des A\u00e9roclubs de la Manche), est DTO (Declared Training Organisation &#8211; Organisme de Formation D\u00e9clar\u00e9) sous le n\u00b0 FR.DTO.0315 aupr\u00e8s de l&rsquo;Autorit\u00e9 A\u00e9ronautique et poss\u00e8de l&rsquo;agr\u00e9ment Jeunesse et Sport S.50.15.2006.<\/p>\n<p>L&rsquo;encadrement est compos\u00e9 d&rsquo;un Comit\u00e9 Directeur et d&rsquo;un Conseil d&rsquo;Administration de 15 membres.<\/p>\n<p>&nbsp;<\/p>\n<div align=\"center\"><iframe loading=\"lazy\" src=\"https:\/\/www.youtube.com\/embed\/lsDuPLnindU\" width=\"560\" height=\"315\" frameborder=\"0\" data-mce-fragment=\"1\"><\/iframe><\/div>\n<p>&nbsp;<\/p>\n<p><span style=\"font-size: 12pt;\">L&rsquo;aeroclub des gr\u00e8ves du Mont Saint Michel est l&rsquo;utilisateur exclusif de <a href=\"https:\/\/www.aeroclub-avranches.org\/wp2\/laerodrome\/\">l&rsquo;a\u00e9rodrome d&rsquo;Avranches le Val Saint P\u00e8re<\/a>.<\/span><\/p>\n<h2><span style=\"line-height: 1.5;\">Le club house <\/span><\/h2>\n<h4><img loading=\"lazy\" decoding=\"async\" class=\"alignnone wp-image-509 size-full\" src=\"https:\/\/www.aeroclub-avranches.org\/wp2\/wp-content\/uploads\/2018\/02\/Capture-2018-02-01-a\u0300-10.36.19.png\" alt=\"Le Club House\" width=\"479\" height=\"321\" srcset=\"https:\/\/www.aeroclub-avranches.org\/wp2\/wp-content\/uploads\/2018\/02\/Capture-2018-02-01-a\u0300-10.36.19.png 479w, https:\/\/www.aeroclub-avranches.org\/wp2\/wp-content\/uploads\/2018\/02\/Capture-2018-02-01-a\u0300-10.36.19-400x268.png 400w, https:\/\/www.aeroclub-avranches.org\/wp2\/wp-content\/uploads\/2018\/02\/Capture-2018-02-01-a\u0300-10.36.19-300x201.png 300w\" sizes=\"auto, (max-width: 479px) 85vw, 479px\" \/><\/h4>\n<p>Le club-house est une \u00ab\u00a0<a href=\"https:\/\/www.aeroclub-avranches.org\/wp2\/histoire-de-baraques\/\">baraque<\/a>\u00a0\u00bb qui a \u00e9t\u00e9 entretenue et consolid\u00e9e au fil du temps. Elle dispose aujourd&rsquo;hui de toute la capacit\u00e9 d\u2019accueil au public et aux membres de l&rsquo;a\u00e9roclub, ainsi qu&rsquo;aux pilotes de passage.<\/p>\n<p>On y trouve :<\/p>\n<h5><span style=\"line-height: 1.5;\">Un bar ouvert au public<\/span><img loading=\"lazy\" decoding=\"async\" class=\"alignnone wp-image-9374 size-full\" src=\"https:\/\/www.aeroclub-avranches.org\/wp2\/wp-content\/uploads\/2022\/05\/Vue_Bar.gif\" alt=\"\" width=\"800\" height=\"450\" \/><\/h5>\n<p>Une aire de pique-nique avec tables est disponible aux consommateurs du bar devant le club-house.<\/p>\n<h5>Une salle pilote<img loading=\"lazy\" decoding=\"async\" class=\"alignnone wp-image-9376 size-full\" src=\"https:\/\/www.aeroclub-avranches.org\/wp2\/wp-content\/uploads\/2022\/05\/vue_salle-pilotes_areoclub.gif\" alt=\"\" width=\"800\" height=\"450\" \/><\/h5>\n<h5>Une salle de cours<img loading=\"lazy\" decoding=\"async\" class=\"alignnone wp-image-9375 size-full\" src=\"https:\/\/www.aeroclub-avranches.org\/wp2\/wp-content\/uploads\/2022\/05\/vue_salle-instruction_aeroc.gif\" alt=\"\" width=\"800\" height=\"450\" \/><\/h5>\n<h5>Une salle de r\u00e9union<img loading=\"lazy\" decoding=\"async\" class=\"alignnone size-full wp-image-9378\" src=\"https:\/\/www.aeroclub-avranches.org\/wp2\/wp-content\/uploads\/2022\/05\/vue_salle-reunion_aeroclub.gif\" alt=\"\" width=\"800\" height=\"450\" \/><\/h5>\n<h5>Une salle de briefing<br \/>\n<img loading=\"lazy\" decoding=\"async\" class=\"alignnone size-full wp-image-9377\" src=\"https:\/\/www.aeroclub-avranches.org\/wp2\/wp-content\/uploads\/2022\/05\/vue_salle-briefing_aeroclub.gif\" alt=\"\" width=\"800\" height=\"450\" \/><\/h5>\n<p>Des postes de travail permettent d&rsquo;y pr\u00e9parer les vols.<\/p>\n<p><a href=\"https:\/\/www.aeroclub-avranches.org\/pages\/aero360p.html\" target=\"_blank\" rel=\"noopener\"><strong>Afficher une vue de l&rsquo;a\u00e9roclub sur 360\u00b0<\/strong><\/a><strong>.<\/strong> (Attention suivant la vitesse de votre connexion, le t\u00e9l\u00e9chargement peut prendre un certain temps).<\/p>\n<h2><span style=\"line-height: 1.5;\">Formations assur\u00e9es<\/span><\/h2>\n<ul>\n<li style=\"list-style-type: none;\">\n<ul style=\"list-style-type: circle;\">\n<li>La Licence de Pilote Priv\u00e9 Avion PPL(A) et la licence d&rsquo;Avion L\u00e9ger LAPL(A).<\/li>\n<li>Perfectionnement Train Classique (variante TW).<\/li>\n<\/ul>\n<\/li>\n<\/ul>\n<p>Voir la rubrique <strong><a href=\"https:\/\/www.aeroclub-avranches.org\/wp2\/piloter\/\">Apprendre \u00e0 piloter<\/a><\/strong> pour plus d&rsquo;informations et conna\u00eetre les d\u00e9tails pratiques<\/p>\n<p>Actuellement 5 instructeurs assurent b\u00e9n\u00e9volement ces formations sur <a href=\"https:\/\/www.aeroclub-avranches.org\/wp2\/la-flotte\/\">4 Avions.<\/a><\/p>\n<p>BIA : L&rsquo;a\u00e9roclub en collaboration avec certains \u00e9tablissements scolaires organisent des vols dans le cadre du BIA.<\/p>\n<h3><a style=\"line-height: 1.5;\" href=\"https:\/\/www.aeroclub-avranches.org\/wp2\/contact\/\">Contacts<\/a><\/h3>\n<p style=\"text-align: center;\">=============<\/p>\n<p><a href=\"https:\/\/fr.wikipedia.org\/wiki\/A%C3%A9roclub_des_gr%C3%A8ves_du_Mont_Saint_Michel\" target=\"_blank\" rel=\"noopener\">Article Wikip\u00e9dia<\/a><\/p>\n<p><span style=\"font-size: 10pt;\"><em>mise \u00e0 jour de cette page le 22\/03\/2021<\/em><\/span><\/p>\n","protected":false},"excerpt":{"rendered":"<p>Pr\u00e9sentation L&rsquo;A\u00e9roclub des Gr\u00e8ves du Mont Saint Michel, association loi 1901, cr\u00e9\u00e9 en 1934, et situ\u00e9 sur la commune du Val Saint P\u00e8re, dispense le type de formation n\u00e9cessaire \u00e0 l&rsquo;obtention des brevets et licences de Pilote Priv\u00e9 avion. L&rsquo;A\u00e9roclub des Gr\u00e8ves du Mont Saint Michel est affili\u00e9 \u00e0 la F\u00e9d\u00e9ration Fran\u00e7aise A\u00e9ronautique sous le &hellip; <a href=\"https:\/\/www.aeroclub-avranches.org\/wp2\/laeroclub\/\" class=\"more-link\">Continuer la lecture<span class=\"screen-reader-text\"> de &laquo;&nbsp;L&rsquo;A\u00e9roclub&nbsp;&raquo;<\/span><\/a><\/p>\n","protected":false},"author":1,"featured_media":0,"parent":0,"menu_order":0,"comment_status":"closed","ping_status":"closed","template":"","meta":{"footnotes":""},"class_list":["post-63","page","type-page","status-publish","hentry"],"yoast_head":"<!-- This site is optimized with the Yoast SEO plugin v27.4 - https:\/\/yoast.com\/product\/yoast-seo-wordpress\/ -->\n<title>L&#039;A\u00e9roclub - A\u00e9roclub des gr\u00e8ves du Mont Saint Michel<\/title>\n<meta name=\"robots\" content=\"index, follow, max-snippet:-1, max-image-preview:large, max-video-preview:-1\" \/>\n<link rel=\"canonical\" href=\"https:\/\/www.aeroclub-avranches.org\/wp2\/laeroclub\/\" \/>\n<meta property=\"og:locale\" content=\"fr_FR\" \/>\n<meta property=\"og:type\" content=\"article\" \/>\n<meta property=\"og:title\" content=\"L&#039;A\u00e9roclub - A\u00e9roclub des gr\u00e8ves du Mont Saint Michel\" \/>\n<meta property=\"og:description\" content=\"Pr\u00e9sentation L&rsquo;A\u00e9roclub des Gr\u00e8ves du Mont Saint Michel, association loi 1901, cr\u00e9\u00e9 en 1934, et situ\u00e9 sur la commune du Val Saint P\u00e8re, dispense le type de formation n\u00e9cessaire \u00e0 l&rsquo;obtention des brevets et licences de Pilote Priv\u00e9 avion. L&rsquo;A\u00e9roclub des Gr\u00e8ves du Mont Saint Michel est affili\u00e9 \u00e0 la F\u00e9d\u00e9ration Fran\u00e7aise A\u00e9ronautique sous le &hellip; Continuer la lecture de &laquo;&nbsp;L&rsquo;A\u00e9roclub&nbsp;&raquo;\" \/>\n<meta property=\"og:url\" content=\"https:\/\/www.aeroclub-avranches.org\/wp2\/laeroclub\/\" \/>\n<meta property=\"og:site_name\" content=\"A\u00e9roclub des gr\u00e8ves du Mont Saint Michel\" \/>\n<meta property=\"article:publisher\" content=\"https:\/\/www.facebook.com\/people\/Aro-club-des-Grves-du-Mont-Saint-Michel\/100064930290598\/\" \/>\n<meta property=\"article:modified_time\" content=\"2023-09-11T08:11:02+00:00\" \/>\n<meta property=\"og:image\" content=\"https:\/\/www.aeroclub-avranches.org\/wp2\/wp-content\/uploads\/2022\/05\/Vue_Bar.gif\" \/>\n<meta name=\"twitter:card\" content=\"summary_large_image\" \/>\n<meta name=\"twitter:label1\" content=\"Dur\u00e9e de lecture estim\u00e9e\" \/>\n\t<meta name=\"twitter:data1\" content=\"3 minutes\" \/>\n<script type=\"application\/ld+json\" class=\"yoast-schema-graph\">{\"@context\":\"https:\\\/\\\/schema.org\",\"@graph\":[{\"@type\":\"WebPage\",\"@id\":\"https:\\\/\\\/www.aeroclub-avranches.org\\\/wp2\\\/laeroclub\\\/\",\"url\":\"https:\\\/\\\/www.aeroclub-avranches.org\\\/wp2\\\/laeroclub\\\/\",\"name\":\"L'A\u00e9roclub - A\u00e9roclub des gr\u00e8ves du Mont Saint Michel\",\"isPartOf\":{\"@id\":\"https:\\\/\\\/www.aeroclub-avranches.org\\\/wp2\\\/#website\"},\"primaryImageOfPage\":{\"@id\":\"https:\\\/\\\/www.aeroclub-avranches.org\\\/wp2\\\/laeroclub\\\/#primaryimage\"},\"image\":{\"@id\":\"https:\\\/\\\/www.aeroclub-avranches.org\\\/wp2\\\/laeroclub\\\/#primaryimage\"},\"thumbnailUrl\":\"https:\\\/\\\/www.aeroclub-avranches.org\\\/wp2\\\/wp-content\\\/uploads\\\/2022\\\/05\\\/Vue_Bar.gif\",\"datePublished\":\"2017-10-22T21:23:02+00:00\",\"dateModified\":\"2023-09-11T08:11:02+00:00\",\"breadcrumb\":{\"@id\":\"https:\\\/\\\/www.aeroclub-avranches.org\\\/wp2\\\/laeroclub\\\/#breadcrumb\"},\"inLanguage\":\"fr-FR\",\"potentialAction\":[{\"@type\":\"ReadAction\",\"target\":[\"https:\\\/\\\/www.aeroclub-avranches.org\\\/wp2\\\/laeroclub\\\/\"]}]},{\"@type\":\"ImageObject\",\"inLanguage\":\"fr-FR\",\"@id\":\"https:\\\/\\\/www.aeroclub-avranches.org\\\/wp2\\\/laeroclub\\\/#primaryimage\",\"url\":\"https:\\\/\\\/www.aeroclub-avranches.org\\\/wp2\\\/wp-content\\\/uploads\\\/2022\\\/05\\\/Vue_Bar.gif\",\"contentUrl\":\"https:\\\/\\\/www.aeroclub-avranches.org\\\/wp2\\\/wp-content\\\/uploads\\\/2022\\\/05\\\/Vue_Bar.gif\",\"width\":800,\"height\":450},{\"@type\":\"BreadcrumbList\",\"@id\":\"https:\\\/\\\/www.aeroclub-avranches.org\\\/wp2\\\/laeroclub\\\/#breadcrumb\",\"itemListElement\":[{\"@type\":\"ListItem\",\"position\":1,\"name\":\"Accueil\",\"item\":\"https:\\\/\\\/www.aeroclub-avranches.org\\\/wp2\\\/\"},{\"@type\":\"ListItem\",\"position\":2,\"name\":\"L&rsquo;A\u00e9roclub\"}]},{\"@type\":\"WebSite\",\"@id\":\"https:\\\/\\\/www.aeroclub-avranches.org\\\/wp2\\\/#website\",\"url\":\"https:\\\/\\\/www.aeroclub-avranches.org\\\/wp2\\\/\",\"name\":\"A\u00e9roclub des gr\u00e8ves du Mont Saint Michel\",\"description\":\"\",\"publisher\":{\"@id\":\"https:\\\/\\\/www.aeroclub-avranches.org\\\/wp2\\\/#organization\"},\"potentialAction\":[{\"@type\":\"SearchAction\",\"target\":{\"@type\":\"EntryPoint\",\"urlTemplate\":\"https:\\\/\\\/www.aeroclub-avranches.org\\\/wp2\\\/?s={search_term_string}\"},\"query-input\":{\"@type\":\"PropertyValueSpecification\",\"valueRequired\":true,\"valueName\":\"search_term_string\"}}],\"inLanguage\":\"fr-FR\"},{\"@type\":\"Organization\",\"@id\":\"https:\\\/\\\/www.aeroclub-avranches.org\\\/wp2\\\/#organization\",\"name\":\"A\u00e9roclub des gr\u00e8ves du Mont Saint Michel\",\"url\":\"https:\\\/\\\/www.aeroclub-avranches.org\\\/wp2\\\/\",\"logo\":{\"@type\":\"ImageObject\",\"inLanguage\":\"fr-FR\",\"@id\":\"https:\\\/\\\/www.aeroclub-avranches.org\\\/wp2\\\/#\\\/schema\\\/logo\\\/image\\\/\",\"url\":\"https:\\\/\\\/www.aeroclub-avranches.org\\\/wp2\\\/wp-content\\\/uploads\\\/2018\\\/03\\\/Logo-ae\u0301roclub_280x280-1-e1542033573298.jpg\",\"contentUrl\":\"https:\\\/\\\/www.aeroclub-avranches.org\\\/wp2\\\/wp-content\\\/uploads\\\/2018\\\/03\\\/Logo-ae\u0301roclub_280x280-1-e1542033573298.jpg\",\"width\":100,\"height\":99,\"caption\":\"A\u00e9roclub des gr\u00e8ves du Mont Saint Michel\"},\"image\":{\"@id\":\"https:\\\/\\\/www.aeroclub-avranches.org\\\/wp2\\\/#\\\/schema\\\/logo\\\/image\\\/\"},\"sameAs\":[\"https:\\\/\\\/www.facebook.com\\\/people\\\/Aro-club-des-Grves-du-Mont-Saint-Michel\\\/100064930290598\\\/\"]}]}<\/script>\n<!-- \/ Yoast SEO plugin. -->","yoast_head_json":{"title":"L'A\u00e9roclub - A\u00e9roclub des gr\u00e8ves du Mont Saint Michel","robots":{"index":"index","follow":"follow","max-snippet":"max-snippet:-1","max-image-preview":"max-image-preview:large","max-video-preview":"max-video-preview:-1"},"canonical":"https:\/\/www.aeroclub-avranches.org\/wp2\/laeroclub\/","og_locale":"fr_FR","og_type":"article","og_title":"L'A\u00e9roclub - A\u00e9roclub des gr\u00e8ves du Mont Saint Michel","og_description":"Pr\u00e9sentation L&rsquo;A\u00e9roclub des Gr\u00e8ves du Mont Saint Michel, association loi 1901, cr\u00e9\u00e9 en 1934, et situ\u00e9 sur la commune du Val Saint P\u00e8re, dispense le type de formation n\u00e9cessaire \u00e0 l&rsquo;obtention des brevets et licences de Pilote Priv\u00e9 avion. L&rsquo;A\u00e9roclub des Gr\u00e8ves du Mont Saint Michel est affili\u00e9 \u00e0 la F\u00e9d\u00e9ration Fran\u00e7aise A\u00e9ronautique sous le &hellip; Continuer la lecture de &laquo;&nbsp;L&rsquo;A\u00e9roclub&nbsp;&raquo;","og_url":"https:\/\/www.aeroclub-avranches.org\/wp2\/laeroclub\/","og_site_name":"A\u00e9roclub des gr\u00e8ves du Mont Saint Michel","article_publisher":"https:\/\/www.facebook.com\/people\/Aro-club-des-Grves-du-Mont-Saint-Michel\/100064930290598\/","article_modified_time":"2023-09-11T08:11:02+00:00","og_image":[{"url":"https:\/\/www.aeroclub-avranches.org\/wp2\/wp-content\/uploads\/2022\/05\/Vue_Bar.gif","type":"","width":"","height":""}],"twitter_card":"summary_large_image","twitter_misc":{"Dur\u00e9e de lecture estim\u00e9e":"3 minutes"},"schema":{"@context":"https:\/\/schema.org","@graph":[{"@type":"WebPage","@id":"https:\/\/www.aeroclub-avranches.org\/wp2\/laeroclub\/","url":"https:\/\/www.aeroclub-avranches.org\/wp2\/laeroclub\/","name":"L'A\u00e9roclub - A\u00e9roclub des gr\u00e8ves du Mont Saint Michel","isPartOf":{"@id":"https:\/\/www.aeroclub-avranches.org\/wp2\/#website"},"primaryImageOfPage":{"@id":"https:\/\/www.aeroclub-avranches.org\/wp2\/laeroclub\/#primaryimage"},"image":{"@id":"https:\/\/www.aeroclub-avranches.org\/wp2\/laeroclub\/#primaryimage"},"thumbnailUrl":"https:\/\/www.aeroclub-avranches.org\/wp2\/wp-content\/uploads\/2022\/05\/Vue_Bar.gif","datePublished":"2017-10-22T21:23:02+00:00","dateModified":"2023-09-11T08:11:02+00:00","breadcrumb":{"@id":"https:\/\/www.aeroclub-avranches.org\/wp2\/laeroclub\/#breadcrumb"},"inLanguage":"fr-FR","potentialAction":[{"@type":"ReadAction","target":["https:\/\/www.aeroclub-avranches.org\/wp2\/laeroclub\/"]}]},{"@type":"ImageObject","inLanguage":"fr-FR","@id":"https:\/\/www.aeroclub-avranches.org\/wp2\/laeroclub\/#primaryimage","url":"https:\/\/www.aeroclub-avranches.org\/wp2\/wp-content\/uploads\/2022\/05\/Vue_Bar.gif","contentUrl":"https:\/\/www.aeroclub-avranches.org\/wp2\/wp-content\/uploads\/2022\/05\/Vue_Bar.gif","width":800,"height":450},{"@type":"BreadcrumbList","@id":"https:\/\/www.aeroclub-avranches.org\/wp2\/laeroclub\/#breadcrumb","itemListElement":[{"@type":"ListItem","position":1,"name":"Accueil","item":"https:\/\/www.aeroclub-avranches.org\/wp2\/"},{"@type":"ListItem","position":2,"name":"L&rsquo;A\u00e9roclub"}]},{"@type":"WebSite","@id":"https:\/\/www.aeroclub-avranches.org\/wp2\/#website","url":"https:\/\/www.aeroclub-avranches.org\/wp2\/","name":"A\u00e9roclub des gr\u00e8ves du Mont Saint Michel","description":"","publisher":{"@id":"https:\/\/www.aeroclub-avranches.org\/wp2\/#organization"},"potentialAction":[{"@type":"SearchAction","target":{"@type":"EntryPoint","urlTemplate":"https:\/\/www.aeroclub-avranches.org\/wp2\/?s={search_term_string}"},"query-input":{"@type":"PropertyValueSpecification","valueRequired":true,"valueName":"search_term_string"}}],"inLanguage":"fr-FR"},{"@type":"Organization","@id":"https:\/\/www.aeroclub-avranches.org\/wp2\/#organization","name":"A\u00e9roclub des gr\u00e8ves du Mont Saint Michel","url":"https:\/\/www.aeroclub-avranches.org\/wp2\/","logo":{"@type":"ImageObject","inLanguage":"fr-FR","@id":"https:\/\/www.aeroclub-avranches.org\/wp2\/#\/schema\/logo\/image\/","url":"https:\/\/www.aeroclub-avranches.org\/wp2\/wp-content\/uploads\/2018\/03\/Logo-ae\u0301roclub_280x280-1-e1542033573298.jpg","contentUrl":"https:\/\/www.aeroclub-avranches.org\/wp2\/wp-content\/uploads\/2018\/03\/Logo-ae\u0301roclub_280x280-1-e1542033573298.jpg","width":100,"height":99,"caption":"A\u00e9roclub des gr\u00e8ves du Mont Saint Michel"},"image":{"@id":"https:\/\/www.aeroclub-avranches.org\/wp2\/#\/schema\/logo\/image\/"},"sameAs":["https:\/\/www.facebook.com\/people\/Aro-club-des-Grves-du-Mont-Saint-Michel\/100064930290598\/"]}]}},"_links":{"self":[{"href":"https:\/\/www.aeroclub-avranches.org\/wp2\/wp-json\/wp\/v2\/pages\/63","targetHints":{"allow":["GET"]}}],"collection":[{"href":"https:\/\/www.aeroclub-avranches.org\/wp2\/wp-json\/wp\/v2\/pages"}],"about":[{"href":"https:\/\/www.aeroclub-avranches.org\/wp2\/wp-json\/wp\/v2\/types\/page"}],"author":[{"embeddable":true,"href":"https:\/\/www.aeroclub-avranches.org\/wp2\/wp-json\/wp\/v2\/users\/1"}],"replies":[{"embeddable":true,"href":"https:\/\/www.aeroclub-avranches.org\/wp2\/wp-json\/wp\/v2\/comments?post=63"}],"version-history":[{"count":42,"href":"https:\/\/www.aeroclub-avranches.org\/wp2\/wp-json\/wp\/v2\/pages\/63\/revisions"}],"predecessor-version":[{"id":9380,"href":"https:\/\/www.aeroclub-avranches.org\/wp2\/wp-json\/wp\/v2\/pages\/63\/revisions\/9380"}],"wp:attachment":[{"href":"https:\/\/www.aeroclub-avranches.org\/wp2\/wp-json\/wp\/v2\/media?parent=63"}],"curies":[{"name":"wp","href":"https:\/\/api.w.org\/{rel}","templated":true}]}}