{"id":904,"date":"2018-11-10T10:29:48","date_gmt":"2018-11-10T09:29:48","guid":{"rendered":"https:\/\/www.aeroclub-avranches.org\/wp2\/?page_id=904"},"modified":"2024-02-29T15:12:06","modified_gmt":"2024-02-29T14:12:06","slug":"tarifs","status":"publish","type":"page","link":"https:\/\/www.aeroclub-avranches.org\/wp2\/tarifs\/","title":{"rendered":"Les Tarifs"},"content":{"rendered":"<blockquote><p><strong>Inscription \u00e0 l\u2019a\u00e9roclub<\/strong><\/p><\/blockquote>\n<p>Les frais li\u00e9s \u00e0 l&rsquo;inscription \u00e0 l&rsquo;\u00e9cole de pilotage de l&rsquo;a\u00e9roclub sont :<\/p>\n<table style=\"border-collapse: collapse; width: 103.663%; height: 191px;\" border=\"1\">\n<tbody>\n<tr style=\"height: 28px;\">\n<td style=\"width: 31.6515%; height: 28px;\"><strong><span style=\"font-size: 10pt;\">D\u00e9tail<\/span><\/strong><\/td>\n<td style=\"width: 35.0151%; height: 28px; text-align: center;\"><strong><span style=\"font-size: 10pt;\">Prix + de 25 ans<\/span><\/strong><\/td>\n<td style=\"width: 36.9678%; height: 28px; text-align: center;\"><strong><span style=\"font-size: 10pt;\">Prix &#8211; de 25 ans<\/span><\/strong><\/td>\n<\/tr>\n<tr style=\"height: 28px;\">\n<td style=\"width: 31.6515%; height: 28px;\"><span style=\"font-size: 10pt;\">Cotisation a\u00e9roclub 2024 <span style=\"font-size: 8pt;\">(**)<\/span><\/span><\/td>\n<td style=\"width: 35.0151%; height: 28px; text-align: center;\"><span style=\"font-size: 10pt;\">150\u20ac<\/span><\/td>\n<td style=\"width: 36.9678%; height: 28px; text-align: center;\"><span style=\"font-size: 10pt;\">75\u20ac<\/span><\/td>\n<\/tr>\n<tr style=\"height: 28px;\">\n<td style=\"width: 31.6515%; height: 28px;\"><span style=\"font-size: 10pt;\">Licence assurance FFA 2024 <span style=\"font-size: 8pt;\">(**)<\/span><\/span><\/td>\n<td style=\"width: 71.9829%; height: 28px;\" colspan=\"2\"><span style=\"font-size: 10pt;\">136\u20ac (avec abonnement \u00e0 Info-pilote) ou 89\u20ac (sans abonnement \u00e0 Info-pilote)<\/span><\/td>\n<\/tr>\n<tr style=\"height: 28px;\">\n<td style=\"width: 31.6515%; height: 28px;\"><span style=\"font-size: 10pt;\">Abonnement e-learning (<a href=\"https:\/\/www.aerogligli.fr\/\">aerogligli<\/a>)<\/span><\/td>\n<td style=\"width: 71.9829%; height: 28px;\" colspan=\"2\"><span style=\"font-size: 10pt;\">24 mois : 56\u20ac*<\/span><\/td>\n<\/tr>\n<tr style=\"height: 28px;\">\n<td style=\"width: 31.6515%; height: 28px;\"><span style=\"font-size: 10pt;\">Manuel du pilote priv\u00e9<\/span><\/td>\n<td style=\"width: 71.9829%; height: 28px;\" colspan=\"2\"><span style=\"font-size: 10pt;\">de 75\u20ac \u00e0 101\u20ac (<a href=\"https:\/\/www.boutique-du-pilote.com\" target=\"_blank\" rel=\"noopener noreferrer\">Boutique du pilote<\/a>, <a href=\"https:\/\/www.boutique.aero\" target=\"_blank\" rel=\"noopener noreferrer\">Boutique Aero<\/a>, <a href=\"https:\/\/www.bayo.com\" target=\"_blank\" rel=\"noopener noreferrer\">Bayo<\/a>, librairies locales&#8230;)*<\/span><\/td>\n<\/tr>\n<tr style=\"height: 28px;\">\n<td style=\"width: 31.6515%; height: 28px;\"><span style=\"font-size: 10pt;\">Carnet de vols<\/span><\/td>\n<td style=\"width: 71.9829%; height: 28px;\" colspan=\"2\"><span style=\"font-size: 10pt;\">20\u20ac (en vente \u00e0 l&rsquo;a\u00e9roclub)*<\/span><\/td>\n<\/tr>\n<tr style=\"height: 23px;\">\n<td style=\"width: 31.6515%; height: 23px;\"><span style=\"font-size: 10pt;\">Equipement (planche de vol, cartes, r\u00e8gles de navigation)<\/span><\/td>\n<td style=\"width: 71.9829%; height: 23px;\" colspan=\"2\"><span style=\"font-size: 10pt;\">Environ 50\u20ac (en vente \u00e0 l&rsquo;a\u00e9roclub)*<\/span><\/td>\n<\/tr>\n<p><!---\n\n\n<tr style=\"height: 28px;\">\n\n\n<td style=\"width: 31.6515%; height: 28px;\"><span style=\"font-size: 10pt;\">Formation Pinch Hitter<\/span><\/td>\n\n\n\n\n<td style=\"width: 71.9829%; height: 28px;\" colspan=\"2\"><span style=\"font-size: 10pt;\">remise de 75\u20ac sur la cotisation<\/span><\/td>\n\n\n<\/tr>\n\n\n---><\/tbody>\n<\/table>\n<p><span style=\"font-size: 8pt;\">(**) <span style=\"font-size: 10pt;\"><em>Obligatoires<\/em><\/span><\/span><\/p>\n<p>L&rsquo;achat des \u00e9quipements, du manuel ou de l&rsquo;abonnement au e-learning ne se fait qu&rsquo;une fois au d\u00e9but de la formation. Les cartes peuvent \u00eatre achet\u00e9es chaque ann\u00e9e au club (ou ailleurs) lors de leur parution en Avril.<\/p>\n<p>Pour des pilotes d\u00e9j\u00e0 brevet\u00e9s, seules la cotisation et la licence FFA sont n\u00e9cessaires.<\/p>\n<blockquote><p><strong>Co\u00fbt des heures de vol et de l\u2019instruction<\/strong><\/p><\/blockquote>\n<p>L\u2019a\u00e9roclub dispose actuellement de 4 appareils, tous pouvant servir \u00e0 la formation.<\/p>\n<table style=\"border-collapse: collapse; width: 99.2159%; height: 140px;\" border=\"1\">\n<tbody>\n<tr style=\"height: 28px;\">\n<td style=\"width: 29.4117%; height: 28px;\"><strong>Appareil<\/strong><\/td>\n<td style=\"width: 34.6908%; height: 28px;\"><strong>Cout de l&rsquo;HdV sans instructeur<\/strong><\/td>\n<td style=\"width: 35.1659%; height: 28px;\"><strong>Cout de l&rsquo;HdV avec Instructeur<\/strong><\/td>\n<\/tr>\n<tr style=\"height: 28px;\">\n<td style=\"width: 29.4117%; height: 28px;\"><a href=\"https:\/\/www.aeroclub-avranches.org\/wp2\/breezer-b600-d-eqdk\/\"><strong>B600 Breezer, 100CV<\/strong><\/a><\/td>\n<td style=\"width: 34.6908%; height: 28px; text-align: center;\">115\u20ac*<\/td>\n<td style=\"width: 35.1659%; height: 28px; text-align: center;\">127\u20ac*<\/td>\n<\/tr>\n<tr style=\"height: 28px;\">\n<td style=\"width: 29.4117%; height: 28px;\"><strong><a href=\"https:\/\/www.aeroclub-avranches.org\/wp2\/dr400-120-f-gukq\/\">ROBIN DR400\/120, 120CV<\/a><\/strong><\/td>\n<td style=\"width: 34.6908%; height: 28px; text-align: center;\">136\u20ac*<\/td>\n<td style=\"width: 35.1659%; height: 28px; text-align: center;\">148\u20ac*<\/td>\n<\/tr>\n<tr style=\"height: 28px;\">\n<td style=\"width: 29.4117%; height: 28px;\"><strong><a href=\"https:\/\/www.aeroclub-avranches.org\/wp2\/dr401-160-f-hgsm\/\">ROBIN DR400\/160, 160CV<\/a><\/strong><\/td>\n<td style=\"width: 34.6908%; height: 28px; text-align: center;\">166\u20ac*<\/td>\n<td style=\"width: 35.1659%; height: 28px; text-align: center;\">178\u20ac*<\/td>\n<\/tr>\n<tr style=\"height: 28px;\">\n<td style=\"width: 29.4117%; height: 28px;\"><strong><a href=\"https:\/\/www.aeroclub-avranches.org\/wp2\/piel-cp-305-emeraude-f-pjkr\/\">CP305 Emeraude, 120CV<\/a><\/strong><\/td>\n<td style=\"width: 34.6908%; height: 28px; text-align: center;\">100\u20ac*<\/td>\n<td style=\"width: 35.1659%; height: 28px; text-align: center;\">112\u20ac*<\/td>\n<\/tr>\n<\/tbody>\n<\/table>\n<p>Les le\u00e7ons durent en moyenne <strong>2h00<\/strong> pour <strong>30 \u00e0 40 minutes<\/strong> de temps de vol effectif.<br \/>\nLes cours th\u00e9oriques, briefings et les debriefings sont gratuits.<\/p>\n<p>&nbsp;<\/p>\n<blockquote><p><strong>Co\u00fbt estimatif d&rsquo;une formation <\/strong><\/p><\/blockquote>\n<address>(<em>source FFA, 2014<\/em>)<\/address>\n<p>Les a\u00e9roclubs agr\u00e9es par la FFA sont des associations \u00e0 but non lucratif, sous le r\u00e9gime de la loi de 1901. Les \u00e9l\u00e8ves pilotes participent uniquement aux frais engag\u00e9s par l&rsquo;association.<\/p>\n<p>Le co\u00fbt de la formation est li\u00e9 :<\/p>\n<p>&#8211; \u00e0 l&rsquo;appareil utilis\u00e9<br \/>\n&#8211; au mode de fonctionnement du club (b\u00e9n\u00e9vole ou salari\u00e9)<br \/>\n&#8211; \u00e0 la r\u00e9gion<br \/>\n&#8211; au nombre d&rsquo;heures n\u00e9cessaires pour la formation<\/p>\n<p>Le co\u00fbt moyen de l&rsquo;heure de vol en France se situe entre 85 \u20ac et 155 \u20ac en fonction de la localisation de l&rsquo;a\u00e9roclub et du type d&rsquo;avion.<\/p>\n<p>En retenant le minimum r\u00e9glementaire exig\u00e9 pour une formation de pilote priv\u00e9 compl\u00e8te, soit 45 heures, le co\u00fbt total de la formation varie de 7000 \u20ac \u00e0 9000 \u20ac. Il faut ajouter les frais d&rsquo;inscription \u00e0 l&rsquo;a\u00e9roclub et un minimum de mat\u00e9riel (documentation, \u00e9couteurs etc.).<\/p>\n<p>Sauf lors de formations acc\u00e9l\u00e9r\u00e9es en p\u00e9riodes estivales, la d\u00e9pense peut \u00eatre \u00e9tal\u00e9e sur 6 mois \u00e0 un an (il faut pr\u00e9voir une le\u00e7on par semaine). <em>NDLR : il faut compter en moyenne 1 an et demi \u00e0 l&rsquo;a\u00e9roclub des Gr\u00e8ves du Mont Saint Michel &#8211; calcul sur les 10 derni\u00e8res ann\u00e9es.<\/em><\/p>\n<p>Les \u00e9l\u00e8ves pilotes \u00e2g\u00e9s de moins de 21 ans peuvent b\u00e9n\u00e9ficier, gr\u00e2ce \u00e0 la F\u00e9d\u00e9ration Fran\u00e7aise A\u00e9ronautique, de plusieurs bourses de 335 \u20ac (soit un total maximum de 2175 \u20ac) sous certaines conditions.<\/p>\n<p>Apr\u00e8s le brevet, la d\u00e9pense moyenne par an et par pilote peut \u00eatre estim\u00e9e \u00e0 1600 \u20ac.<\/p>\n<p><em>(*)\u00a0\u00a0Prix indicatifs et non contractuels<\/em><\/p>\n<p><em>Mise \u00e0 jour de cette page le 29\/02\/2024<\/em><\/p>\n","protected":false},"excerpt":{"rendered":"<p>Inscription \u00e0 l\u2019a\u00e9roclub Les frais li\u00e9s \u00e0 l&rsquo;inscription \u00e0 l&rsquo;\u00e9cole de pilotage de l&rsquo;a\u00e9roclub sont : D\u00e9tail Prix + de 25 ans Prix &#8211; de 25 ans Cotisation a\u00e9roclub 2024 (**) 150\u20ac 75\u20ac Licence assurance FFA 2024 (**) 136\u20ac (avec abonnement \u00e0 Info-pilote) ou 89\u20ac (sans abonnement \u00e0 Info-pilote) Abonnement e-learning (aerogligli) 24 mois : &hellip; <a href=\"https:\/\/www.aeroclub-avranches.org\/wp2\/tarifs\/\" class=\"more-link\">Continuer la lecture<span class=\"screen-reader-text\"> de &laquo;&nbsp;Les Tarifs&nbsp;&raquo;<\/span><\/a><\/p>\n","protected":false},"author":1,"featured_media":0,"parent":0,"menu_order":0,"comment_status":"closed","ping_status":"closed","template":"","meta":{"footnotes":""},"class_list":["post-904","page","type-page","status-publish","hentry"],"yoast_head":"<!-- This site is optimized with the Yoast SEO plugin v27.3 - https:\/\/yoast.com\/product\/yoast-seo-wordpress\/ -->\n<title>Les Tarifs - A\u00e9roclub des gr\u00e8ves du Mont Saint Michel<\/title>\n<meta name=\"robots\" content=\"index, follow, max-snippet:-1, max-image-preview:large, max-video-preview:-1\" \/>\n<link rel=\"canonical\" href=\"https:\/\/www.aeroclub-avranches.org\/wp2\/tarifs\/\" \/>\n<meta property=\"og:locale\" content=\"fr_FR\" \/>\n<meta property=\"og:type\" content=\"article\" \/>\n<meta property=\"og:title\" content=\"Les Tarifs - A\u00e9roclub des gr\u00e8ves du Mont Saint Michel\" \/>\n<meta property=\"og:description\" content=\"Inscription \u00e0 l\u2019a\u00e9roclub Les frais li\u00e9s \u00e0 l&rsquo;inscription \u00e0 l&rsquo;\u00e9cole de pilotage de l&rsquo;a\u00e9roclub sont : D\u00e9tail Prix + de 25 ans Prix &#8211; de 25 ans Cotisation a\u00e9roclub 2024 (**) 150\u20ac 75\u20ac Licence assurance FFA 2024 (**) 136\u20ac (avec abonnement \u00e0 Info-pilote) ou 89\u20ac (sans abonnement \u00e0 Info-pilote) Abonnement e-learning (aerogligli) 24 mois : &hellip; Continuer la lecture de &laquo;&nbsp;Les Tarifs&nbsp;&raquo;\" \/>\n<meta property=\"og:url\" content=\"https:\/\/www.aeroclub-avranches.org\/wp2\/tarifs\/\" \/>\n<meta property=\"og:site_name\" content=\"A\u00e9roclub des gr\u00e8ves du Mont Saint Michel\" \/>\n<meta property=\"article:publisher\" content=\"https:\/\/www.facebook.com\/people\/Aro-club-des-Grves-du-Mont-Saint-Michel\/100064930290598\/\" \/>\n<meta property=\"article:modified_time\" content=\"2024-02-29T14:12:06+00:00\" \/>\n<meta name=\"twitter:card\" content=\"summary_large_image\" \/>\n<meta name=\"twitter:label1\" content=\"Dur\u00e9e de lecture estim\u00e9e\" \/>\n\t<meta name=\"twitter:data1\" content=\"3 minutes\" \/>\n<script type=\"application\/ld+json\" class=\"yoast-schema-graph\">{\"@context\":\"https:\\\/\\\/schema.org\",\"@graph\":[{\"@type\":\"WebPage\",\"@id\":\"https:\\\/\\\/www.aeroclub-avranches.org\\\/wp2\\\/tarifs\\\/\",\"url\":\"https:\\\/\\\/www.aeroclub-avranches.org\\\/wp2\\\/tarifs\\\/\",\"name\":\"Les Tarifs - A\u00e9roclub des gr\u00e8ves du Mont Saint Michel\",\"isPartOf\":{\"@id\":\"https:\\\/\\\/www.aeroclub-avranches.org\\\/wp2\\\/#website\"},\"datePublished\":\"2018-11-10T09:29:48+00:00\",\"dateModified\":\"2024-02-29T14:12:06+00:00\",\"breadcrumb\":{\"@id\":\"https:\\\/\\\/www.aeroclub-avranches.org\\\/wp2\\\/tarifs\\\/#breadcrumb\"},\"inLanguage\":\"fr-FR\",\"potentialAction\":[{\"@type\":\"ReadAction\",\"target\":[\"https:\\\/\\\/www.aeroclub-avranches.org\\\/wp2\\\/tarifs\\\/\"]}]},{\"@type\":\"BreadcrumbList\",\"@id\":\"https:\\\/\\\/www.aeroclub-avranches.org\\\/wp2\\\/tarifs\\\/#breadcrumb\",\"itemListElement\":[{\"@type\":\"ListItem\",\"position\":1,\"name\":\"Accueil\",\"item\":\"https:\\\/\\\/www.aeroclub-avranches.org\\\/wp2\\\/\"},{\"@type\":\"ListItem\",\"position\":2,\"name\":\"Les Tarifs\"}]},{\"@type\":\"WebSite\",\"@id\":\"https:\\\/\\\/www.aeroclub-avranches.org\\\/wp2\\\/#website\",\"url\":\"https:\\\/\\\/www.aeroclub-avranches.org\\\/wp2\\\/\",\"name\":\"A\u00e9roclub des gr\u00e8ves du Mont Saint Michel\",\"description\":\"\",\"publisher\":{\"@id\":\"https:\\\/\\\/www.aeroclub-avranches.org\\\/wp2\\\/#organization\"},\"potentialAction\":[{\"@type\":\"SearchAction\",\"target\":{\"@type\":\"EntryPoint\",\"urlTemplate\":\"https:\\\/\\\/www.aeroclub-avranches.org\\\/wp2\\\/?s={search_term_string}\"},\"query-input\":{\"@type\":\"PropertyValueSpecification\",\"valueRequired\":true,\"valueName\":\"search_term_string\"}}],\"inLanguage\":\"fr-FR\"},{\"@type\":\"Organization\",\"@id\":\"https:\\\/\\\/www.aeroclub-avranches.org\\\/wp2\\\/#organization\",\"name\":\"A\u00e9roclub des gr\u00e8ves du Mont Saint Michel\",\"url\":\"https:\\\/\\\/www.aeroclub-avranches.org\\\/wp2\\\/\",\"logo\":{\"@type\":\"ImageObject\",\"inLanguage\":\"fr-FR\",\"@id\":\"https:\\\/\\\/www.aeroclub-avranches.org\\\/wp2\\\/#\\\/schema\\\/logo\\\/image\\\/\",\"url\":\"https:\\\/\\\/www.aeroclub-avranches.org\\\/wp2\\\/wp-content\\\/uploads\\\/2018\\\/03\\\/Logo-ae\u0301roclub_280x280-1-e1542033573298.jpg\",\"contentUrl\":\"https:\\\/\\\/www.aeroclub-avranches.org\\\/wp2\\\/wp-content\\\/uploads\\\/2018\\\/03\\\/Logo-ae\u0301roclub_280x280-1-e1542033573298.jpg\",\"width\":100,\"height\":99,\"caption\":\"A\u00e9roclub des gr\u00e8ves du Mont Saint Michel\"},\"image\":{\"@id\":\"https:\\\/\\\/www.aeroclub-avranches.org\\\/wp2\\\/#\\\/schema\\\/logo\\\/image\\\/\"},\"sameAs\":[\"https:\\\/\\\/www.facebook.com\\\/people\\\/Aro-club-des-Grves-du-Mont-Saint-Michel\\\/100064930290598\\\/\"]}]}<\/script>\n<!-- \/ Yoast SEO plugin. -->","yoast_head_json":{"title":"Les Tarifs - A\u00e9roclub des gr\u00e8ves du Mont Saint Michel","robots":{"index":"index","follow":"follow","max-snippet":"max-snippet:-1","max-image-preview":"max-image-preview:large","max-video-preview":"max-video-preview:-1"},"canonical":"https:\/\/www.aeroclub-avranches.org\/wp2\/tarifs\/","og_locale":"fr_FR","og_type":"article","og_title":"Les Tarifs - A\u00e9roclub des gr\u00e8ves du Mont Saint Michel","og_description":"Inscription \u00e0 l\u2019a\u00e9roclub Les frais li\u00e9s \u00e0 l&rsquo;inscription \u00e0 l&rsquo;\u00e9cole de pilotage de l&rsquo;a\u00e9roclub sont : D\u00e9tail Prix + de 25 ans Prix &#8211; de 25 ans Cotisation a\u00e9roclub 2024 (**) 150\u20ac 75\u20ac Licence assurance FFA 2024 (**) 136\u20ac (avec abonnement \u00e0 Info-pilote) ou 89\u20ac (sans abonnement \u00e0 Info-pilote) Abonnement e-learning (aerogligli) 24 mois : &hellip; Continuer la lecture de &laquo;&nbsp;Les Tarifs&nbsp;&raquo;","og_url":"https:\/\/www.aeroclub-avranches.org\/wp2\/tarifs\/","og_site_name":"A\u00e9roclub des gr\u00e8ves du Mont Saint Michel","article_publisher":"https:\/\/www.facebook.com\/people\/Aro-club-des-Grves-du-Mont-Saint-Michel\/100064930290598\/","article_modified_time":"2024-02-29T14:12:06+00:00","twitter_card":"summary_large_image","twitter_misc":{"Dur\u00e9e de lecture estim\u00e9e":"3 minutes"},"schema":{"@context":"https:\/\/schema.org","@graph":[{"@type":"WebPage","@id":"https:\/\/www.aeroclub-avranches.org\/wp2\/tarifs\/","url":"https:\/\/www.aeroclub-avranches.org\/wp2\/tarifs\/","name":"Les Tarifs - A\u00e9roclub des gr\u00e8ves du Mont Saint Michel","isPartOf":{"@id":"https:\/\/www.aeroclub-avranches.org\/wp2\/#website"},"datePublished":"2018-11-10T09:29:48+00:00","dateModified":"2024-02-29T14:12:06+00:00","breadcrumb":{"@id":"https:\/\/www.aeroclub-avranches.org\/wp2\/tarifs\/#breadcrumb"},"inLanguage":"fr-FR","potentialAction":[{"@type":"ReadAction","target":["https:\/\/www.aeroclub-avranches.org\/wp2\/tarifs\/"]}]},{"@type":"BreadcrumbList","@id":"https:\/\/www.aeroclub-avranches.org\/wp2\/tarifs\/#breadcrumb","itemListElement":[{"@type":"ListItem","position":1,"name":"Accueil","item":"https:\/\/www.aeroclub-avranches.org\/wp2\/"},{"@type":"ListItem","position":2,"name":"Les Tarifs"}]},{"@type":"WebSite","@id":"https:\/\/www.aeroclub-avranches.org\/wp2\/#website","url":"https:\/\/www.aeroclub-avranches.org\/wp2\/","name":"A\u00e9roclub des gr\u00e8ves du Mont Saint Michel","description":"","publisher":{"@id":"https:\/\/www.aeroclub-avranches.org\/wp2\/#organization"},"potentialAction":[{"@type":"SearchAction","target":{"@type":"EntryPoint","urlTemplate":"https:\/\/www.aeroclub-avranches.org\/wp2\/?s={search_term_string}"},"query-input":{"@type":"PropertyValueSpecification","valueRequired":true,"valueName":"search_term_string"}}],"inLanguage":"fr-FR"},{"@type":"Organization","@id":"https:\/\/www.aeroclub-avranches.org\/wp2\/#organization","name":"A\u00e9roclub des gr\u00e8ves du Mont Saint Michel","url":"https:\/\/www.aeroclub-avranches.org\/wp2\/","logo":{"@type":"ImageObject","inLanguage":"fr-FR","@id":"https:\/\/www.aeroclub-avranches.org\/wp2\/#\/schema\/logo\/image\/","url":"https:\/\/www.aeroclub-avranches.org\/wp2\/wp-content\/uploads\/2018\/03\/Logo-ae\u0301roclub_280x280-1-e1542033573298.jpg","contentUrl":"https:\/\/www.aeroclub-avranches.org\/wp2\/wp-content\/uploads\/2018\/03\/Logo-ae\u0301roclub_280x280-1-e1542033573298.jpg","width":100,"height":99,"caption":"A\u00e9roclub des gr\u00e8ves du Mont Saint Michel"},"image":{"@id":"https:\/\/www.aeroclub-avranches.org\/wp2\/#\/schema\/logo\/image\/"},"sameAs":["https:\/\/www.facebook.com\/people\/Aro-club-des-Grves-du-Mont-Saint-Michel\/100064930290598\/"]}]}},"_links":{"self":[{"href":"https:\/\/www.aeroclub-avranches.org\/wp2\/wp-json\/wp\/v2\/pages\/904","targetHints":{"allow":["GET"]}}],"collection":[{"href":"https:\/\/www.aeroclub-avranches.org\/wp2\/wp-json\/wp\/v2\/pages"}],"about":[{"href":"https:\/\/www.aeroclub-avranches.org\/wp2\/wp-json\/wp\/v2\/types\/page"}],"author":[{"embeddable":true,"href":"https:\/\/www.aeroclub-avranches.org\/wp2\/wp-json\/wp\/v2\/users\/1"}],"replies":[{"embeddable":true,"href":"https:\/\/www.aeroclub-avranches.org\/wp2\/wp-json\/wp\/v2\/comments?post=904"}],"version-history":[{"count":19,"href":"https:\/\/www.aeroclub-avranches.org\/wp2\/wp-json\/wp\/v2\/pages\/904\/revisions"}],"predecessor-version":[{"id":9653,"href":"https:\/\/www.aeroclub-avranches.org\/wp2\/wp-json\/wp\/v2\/pages\/904\/revisions\/9653"}],"wp:attachment":[{"href":"https:\/\/www.aeroclub-avranches.org\/wp2\/wp-json\/wp\/v2\/media?parent=904"}],"curies":[{"name":"wp","href":"https:\/\/api.w.org\/{rel}","templated":true}]}}