{"id":972,"date":"2018-11-13T11:41:53","date_gmt":"2018-11-13T10:41:53","guid":{"rendered":"https:\/\/www.aeroclub-avranches.org\/wp2\/?page_id=972"},"modified":"2018-11-13T20:49:35","modified_gmt":"2018-11-13T19:49:35","slug":"breezer-b600-d-eqdk","status":"publish","type":"page","link":"https:\/\/www.aeroclub-avranches.org\/wp2\/breezer-b600-d-eqdk\/","title":{"rendered":"Breezer B600 D-EQDK"},"content":{"rendered":"<p>Le Breezer B600 est un biplace train tricycle de la formule LSA. Enti\u00e8rement m\u00e9tallique, il est \u00e9quip\u00e9 d&rsquo;un moteur Rotax de 100cv. Sa vitesse de 195km\/h, son autonomie de 800 kms et son niveau d&rsquo;\u00e9quipement (VHF, VOR, iEFIS\/GPS(*), Transpondeur mode S, Pilote automatique, pas variable) en font un excellent appareil d&rsquo;apprentissage et de voyage \u00e0 deux.<\/p>\n<p>Ses caract\u00e9ristiques sont les suivantes :<\/p>\n<table style=\"border-collapse: collapse; width: 70.8678%; height: 430px;\" border=\"1\">\n<tbody>\n<tr style=\"height: 28px;\">\n<td style=\"width: 53.6535%; height: 28px;\">Envergure<\/td>\n<td style=\"width: 97.7255%; height: 28px;\">8,74m<\/td>\n<\/tr>\n<tr style=\"height: 28px;\">\n<td style=\"width: 53.6535%; height: 28px;\">Longueur<\/td>\n<td style=\"width: 97.7255%; height: 28px;\">6,73m<\/td>\n<\/tr>\n<tr style=\"height: 28px;\">\n<td style=\"width: 53.6535%; height: 28px;\">Masse \u00e0 vide<\/td>\n<td style=\"width: 97.7255%; height: 28px;\">345kgs<\/td>\n<\/tr>\n<tr style=\"height: 28px;\">\n<td style=\"width: 53.6535%; height: 28px;\">Masse Max. au decollage (Mtow)<\/td>\n<td style=\"width: 97.7255%; height: 28px;\">600kgs<\/td>\n<\/tr>\n<tr style=\"height: 28px;\">\n<td style=\"width: 53.6535%; height: 28px;\">Moteur<\/td>\n<td style=\"width: 97.7255%; height: 28px;\">Rotax 912s\u00a0 100hp<\/td>\n<\/tr>\n<tr style=\"height: 28px;\">\n<td style=\"width: 53.6535%; height: 28px;\">Vitesse de croisiere (Vcruise)<\/td>\n<td style=\"width: 97.7255%; height: 28px;\">105kts ou 195km\/h<\/td>\n<\/tr>\n<tr style=\"height: 28px;\">\n<td style=\"width: 53.6535%; height: 28px;\">Vitesse max. (Vne)<\/td>\n<td style=\"width: 97.7255%; height: 28px;\">136kts ou 250km\/h<\/td>\n<\/tr>\n<tr style=\"height: 28px;\">\n<td style=\"width: 53.6535%; height: 28px;\">Distance Franchissable<\/td>\n<td style=\"width: 97.7255%; height: 28px;\">Environ 800kms<\/td>\n<\/tr>\n<\/tbody>\n<\/table>\n<p>&nbsp;<\/p>\n<p><img loading=\"lazy\" decoding=\"async\" class=\"alignnone wp-image-986 size-large\" src=\"https:\/\/www.aeroclub-avranches.org\/wp2\/wp-content\/uploads\/2018\/11\/20170604-2-1024x683.jpg\" alt=\"\" width=\"840\" height=\"560\" srcset=\"https:\/\/www.aeroclub-avranches.org\/wp2\/wp-content\/uploads\/2018\/11\/20170604-2-1024x683.jpg 1024w, https:\/\/www.aeroclub-avranches.org\/wp2\/wp-content\/uploads\/2018\/11\/20170604-2-300x200.jpg 300w, https:\/\/www.aeroclub-avranches.org\/wp2\/wp-content\/uploads\/2018\/11\/20170604-2-768x512.jpg 768w, https:\/\/www.aeroclub-avranches.org\/wp2\/wp-content\/uploads\/2018\/11\/20170604-2-1200x800.jpg 1200w, https:\/\/www.aeroclub-avranches.org\/wp2\/wp-content\/uploads\/2018\/11\/20170604-2-400x267.jpg 400w, https:\/\/www.aeroclub-avranches.org\/wp2\/wp-content\/uploads\/2018\/11\/20170604-2.jpg 2048w\" sizes=\"auto, (max-width: 709px) 85vw, (max-width: 909px) 67vw, (max-width: 1362px) 62vw, 840px\" \/><\/p>\n<p><img loading=\"lazy\" decoding=\"async\" class=\"alignnone wp-image-988 size-large\" src=\"https:\/\/www.aeroclub-avranches.org\/wp2\/wp-content\/uploads\/2018\/11\/20170604-15-1024x683.jpg\" alt=\"\" width=\"840\" height=\"560\" srcset=\"https:\/\/www.aeroclub-avranches.org\/wp2\/wp-content\/uploads\/2018\/11\/20170604-15-1024x683.jpg 1024w, https:\/\/www.aeroclub-avranches.org\/wp2\/wp-content\/uploads\/2018\/11\/20170604-15-300x200.jpg 300w, https:\/\/www.aeroclub-avranches.org\/wp2\/wp-content\/uploads\/2018\/11\/20170604-15-768x512.jpg 768w, https:\/\/www.aeroclub-avranches.org\/wp2\/wp-content\/uploads\/2018\/11\/20170604-15-1200x800.jpg 1200w, https:\/\/www.aeroclub-avranches.org\/wp2\/wp-content\/uploads\/2018\/11\/20170604-15-400x267.jpg 400w, https:\/\/www.aeroclub-avranches.org\/wp2\/wp-content\/uploads\/2018\/11\/20170604-15.jpg 2048w\" sizes=\"auto, (max-width: 709px) 85vw, (max-width: 909px) 67vw, (max-width: 1362px) 62vw, 840px\" \/><\/p>\n<p><img loading=\"lazy\" decoding=\"async\" class=\"alignnone wp-image-987 size-large\" src=\"https:\/\/www.aeroclub-avranches.org\/wp2\/wp-content\/uploads\/2018\/11\/20170604-9-1024x683.jpg\" alt=\"\" width=\"840\" height=\"560\" srcset=\"https:\/\/www.aeroclub-avranches.org\/wp2\/wp-content\/uploads\/2018\/11\/20170604-9-1024x683.jpg 1024w, https:\/\/www.aeroclub-avranches.org\/wp2\/wp-content\/uploads\/2018\/11\/20170604-9-300x200.jpg 300w, https:\/\/www.aeroclub-avranches.org\/wp2\/wp-content\/uploads\/2018\/11\/20170604-9-768x512.jpg 768w, https:\/\/www.aeroclub-avranches.org\/wp2\/wp-content\/uploads\/2018\/11\/20170604-9-1200x800.jpg 1200w, https:\/\/www.aeroclub-avranches.org\/wp2\/wp-content\/uploads\/2018\/11\/20170604-9-400x267.jpg 400w, https:\/\/www.aeroclub-avranches.org\/wp2\/wp-content\/uploads\/2018\/11\/20170604-9.jpg 2048w\" sizes=\"auto, (max-width: 709px) 85vw, (max-width: 909px) 67vw, (max-width: 1362px) 62vw, 840px\" \/><\/p>\n<p>Vous souhaitez apprendre \u00e0 piloter sur notre Breezer ? Consultez <a href=\"https:\/\/www.aeroclub-avranches.org\/wp2\/tarifs\/\">nos tarifs.<\/a><\/p>\n<p><span style=\"font-size: 8pt;\">Photos : G.Morel<\/span><\/p>\n<p>&nbsp;<\/p>\n","protected":false},"excerpt":{"rendered":"<p>Le Breezer B600 est un biplace train tricycle de la formule LSA. Enti\u00e8rement m\u00e9tallique, il est \u00e9quip\u00e9 d&rsquo;un moteur Rotax de 100cv. Sa vitesse de 195km\/h, son autonomie de 800 kms et son niveau d&rsquo;\u00e9quipement (VHF, VOR, iEFIS\/GPS(*), Transpondeur mode S, Pilote automatique, pas variable) en font un excellent appareil d&rsquo;apprentissage et de voyage \u00e0 &hellip; <a href=\"https:\/\/www.aeroclub-avranches.org\/wp2\/breezer-b600-d-eqdk\/\" class=\"more-link\">Continuer la lecture<span class=\"screen-reader-text\"> de &laquo;&nbsp;Breezer B600 D-EQDK&nbsp;&raquo;<\/span><\/a><\/p>\n","protected":false},"author":12,"featured_media":0,"parent":0,"menu_order":0,"comment_status":"closed","ping_status":"closed","template":"","meta":{"footnotes":""},"class_list":["post-972","page","type-page","status-publish","hentry"],"yoast_head":"<!-- This site is optimized with the Yoast SEO plugin v27.3 - https:\/\/yoast.com\/product\/yoast-seo-wordpress\/ -->\n<title>Breezer B600 D-EQDK - A\u00e9roclub des gr\u00e8ves du Mont Saint Michel<\/title>\n<meta name=\"robots\" content=\"index, follow, max-snippet:-1, max-image-preview:large, max-video-preview:-1\" \/>\n<link rel=\"canonical\" href=\"https:\/\/www.aeroclub-avranches.org\/wp2\/breezer-b600-d-eqdk\/\" \/>\n<meta property=\"og:locale\" content=\"fr_FR\" \/>\n<meta property=\"og:type\" content=\"article\" \/>\n<meta property=\"og:title\" content=\"Breezer B600 D-EQDK - A\u00e9roclub des gr\u00e8ves du Mont Saint Michel\" \/>\n<meta property=\"og:description\" content=\"Le Breezer B600 est un biplace train tricycle de la formule LSA. Enti\u00e8rement m\u00e9tallique, il est \u00e9quip\u00e9 d&rsquo;un moteur Rotax de 100cv. Sa vitesse de 195km\/h, son autonomie de 800 kms et son niveau d&rsquo;\u00e9quipement (VHF, VOR, iEFIS\/GPS(*), Transpondeur mode S, Pilote automatique, pas variable) en font un excellent appareil d&rsquo;apprentissage et de voyage \u00e0 &hellip; Continuer la lecture de &laquo;&nbsp;Breezer B600 D-EQDK&nbsp;&raquo;\" \/>\n<meta property=\"og:url\" content=\"https:\/\/www.aeroclub-avranches.org\/wp2\/breezer-b600-d-eqdk\/\" \/>\n<meta property=\"og:site_name\" content=\"A\u00e9roclub des gr\u00e8ves du Mont Saint Michel\" \/>\n<meta property=\"article:publisher\" content=\"https:\/\/www.facebook.com\/people\/Aro-club-des-Grves-du-Mont-Saint-Michel\/100064930290598\/\" \/>\n<meta property=\"article:modified_time\" content=\"2018-11-13T19:49:35+00:00\" \/>\n<meta property=\"og:image\" content=\"https:\/\/www.aeroclub-avranches.org\/wp2\/wp-content\/uploads\/2018\/11\/20170604-2-1024x683.jpg\" \/>\n<meta name=\"twitter:card\" content=\"summary_large_image\" \/>\n<meta name=\"twitter:label1\" content=\"Dur\u00e9e de lecture estim\u00e9e\" \/>\n\t<meta name=\"twitter:data1\" content=\"1 minute\" \/>\n<script type=\"application\/ld+json\" class=\"yoast-schema-graph\">{\"@context\":\"https:\\\/\\\/schema.org\",\"@graph\":[{\"@type\":\"WebPage\",\"@id\":\"https:\\\/\\\/www.aeroclub-avranches.org\\\/wp2\\\/breezer-b600-d-eqdk\\\/\",\"url\":\"https:\\\/\\\/www.aeroclub-avranches.org\\\/wp2\\\/breezer-b600-d-eqdk\\\/\",\"name\":\"Breezer B600 D-EQDK - A\u00e9roclub des gr\u00e8ves du Mont Saint Michel\",\"isPartOf\":{\"@id\":\"https:\\\/\\\/www.aeroclub-avranches.org\\\/wp2\\\/#website\"},\"primaryImageOfPage\":{\"@id\":\"https:\\\/\\\/www.aeroclub-avranches.org\\\/wp2\\\/breezer-b600-d-eqdk\\\/#primaryimage\"},\"image\":{\"@id\":\"https:\\\/\\\/www.aeroclub-avranches.org\\\/wp2\\\/breezer-b600-d-eqdk\\\/#primaryimage\"},\"thumbnailUrl\":\"https:\\\/\\\/www.aeroclub-avranches.org\\\/wp2\\\/wp-content\\\/uploads\\\/2018\\\/11\\\/20170604-2-1024x683.jpg\",\"datePublished\":\"2018-11-13T10:41:53+00:00\",\"dateModified\":\"2018-11-13T19:49:35+00:00\",\"breadcrumb\":{\"@id\":\"https:\\\/\\\/www.aeroclub-avranches.org\\\/wp2\\\/breezer-b600-d-eqdk\\\/#breadcrumb\"},\"inLanguage\":\"fr-FR\",\"potentialAction\":[{\"@type\":\"ReadAction\",\"target\":[\"https:\\\/\\\/www.aeroclub-avranches.org\\\/wp2\\\/breezer-b600-d-eqdk\\\/\"]}]},{\"@type\":\"ImageObject\",\"inLanguage\":\"fr-FR\",\"@id\":\"https:\\\/\\\/www.aeroclub-avranches.org\\\/wp2\\\/breezer-b600-d-eqdk\\\/#primaryimage\",\"url\":\"https:\\\/\\\/www.aeroclub-avranches.org\\\/wp2\\\/wp-content\\\/uploads\\\/2018\\\/11\\\/20170604-2.jpg\",\"contentUrl\":\"https:\\\/\\\/www.aeroclub-avranches.org\\\/wp2\\\/wp-content\\\/uploads\\\/2018\\\/11\\\/20170604-2.jpg\",\"width\":2048,\"height\":1366},{\"@type\":\"BreadcrumbList\",\"@id\":\"https:\\\/\\\/www.aeroclub-avranches.org\\\/wp2\\\/breezer-b600-d-eqdk\\\/#breadcrumb\",\"itemListElement\":[{\"@type\":\"ListItem\",\"position\":1,\"name\":\"Accueil\",\"item\":\"https:\\\/\\\/www.aeroclub-avranches.org\\\/wp2\\\/\"},{\"@type\":\"ListItem\",\"position\":2,\"name\":\"Breezer B600 D-EQDK\"}]},{\"@type\":\"WebSite\",\"@id\":\"https:\\\/\\\/www.aeroclub-avranches.org\\\/wp2\\\/#website\",\"url\":\"https:\\\/\\\/www.aeroclub-avranches.org\\\/wp2\\\/\",\"name\":\"A\u00e9roclub des gr\u00e8ves du Mont Saint Michel\",\"description\":\"\",\"publisher\":{\"@id\":\"https:\\\/\\\/www.aeroclub-avranches.org\\\/wp2\\\/#organization\"},\"potentialAction\":[{\"@type\":\"SearchAction\",\"target\":{\"@type\":\"EntryPoint\",\"urlTemplate\":\"https:\\\/\\\/www.aeroclub-avranches.org\\\/wp2\\\/?s={search_term_string}\"},\"query-input\":{\"@type\":\"PropertyValueSpecification\",\"valueRequired\":true,\"valueName\":\"search_term_string\"}}],\"inLanguage\":\"fr-FR\"},{\"@type\":\"Organization\",\"@id\":\"https:\\\/\\\/www.aeroclub-avranches.org\\\/wp2\\\/#organization\",\"name\":\"A\u00e9roclub des gr\u00e8ves du Mont Saint Michel\",\"url\":\"https:\\\/\\\/www.aeroclub-avranches.org\\\/wp2\\\/\",\"logo\":{\"@type\":\"ImageObject\",\"inLanguage\":\"fr-FR\",\"@id\":\"https:\\\/\\\/www.aeroclub-avranches.org\\\/wp2\\\/#\\\/schema\\\/logo\\\/image\\\/\",\"url\":\"https:\\\/\\\/www.aeroclub-avranches.org\\\/wp2\\\/wp-content\\\/uploads\\\/2018\\\/03\\\/Logo-ae\u0301roclub_280x280-1-e1542033573298.jpg\",\"contentUrl\":\"https:\\\/\\\/www.aeroclub-avranches.org\\\/wp2\\\/wp-content\\\/uploads\\\/2018\\\/03\\\/Logo-ae\u0301roclub_280x280-1-e1542033573298.jpg\",\"width\":100,\"height\":99,\"caption\":\"A\u00e9roclub des gr\u00e8ves du Mont Saint Michel\"},\"image\":{\"@id\":\"https:\\\/\\\/www.aeroclub-avranches.org\\\/wp2\\\/#\\\/schema\\\/logo\\\/image\\\/\"},\"sameAs\":[\"https:\\\/\\\/www.facebook.com\\\/people\\\/Aro-club-des-Grves-du-Mont-Saint-Michel\\\/100064930290598\\\/\"]}]}<\/script>\n<!-- \/ Yoast SEO plugin. -->","yoast_head_json":{"title":"Breezer B600 D-EQDK - A\u00e9roclub des gr\u00e8ves du Mont Saint Michel","robots":{"index":"index","follow":"follow","max-snippet":"max-snippet:-1","max-image-preview":"max-image-preview:large","max-video-preview":"max-video-preview:-1"},"canonical":"https:\/\/www.aeroclub-avranches.org\/wp2\/breezer-b600-d-eqdk\/","og_locale":"fr_FR","og_type":"article","og_title":"Breezer B600 D-EQDK - A\u00e9roclub des gr\u00e8ves du Mont Saint Michel","og_description":"Le Breezer B600 est un biplace train tricycle de la formule LSA. Enti\u00e8rement m\u00e9tallique, il est \u00e9quip\u00e9 d&rsquo;un moteur Rotax de 100cv. Sa vitesse de 195km\/h, son autonomie de 800 kms et son niveau d&rsquo;\u00e9quipement (VHF, VOR, iEFIS\/GPS(*), Transpondeur mode S, Pilote automatique, pas variable) en font un excellent appareil d&rsquo;apprentissage et de voyage \u00e0 &hellip; Continuer la lecture de &laquo;&nbsp;Breezer B600 D-EQDK&nbsp;&raquo;","og_url":"https:\/\/www.aeroclub-avranches.org\/wp2\/breezer-b600-d-eqdk\/","og_site_name":"A\u00e9roclub des gr\u00e8ves du Mont Saint Michel","article_publisher":"https:\/\/www.facebook.com\/people\/Aro-club-des-Grves-du-Mont-Saint-Michel\/100064930290598\/","article_modified_time":"2018-11-13T19:49:35+00:00","og_image":[{"url":"https:\/\/www.aeroclub-avranches.org\/wp2\/wp-content\/uploads\/2018\/11\/20170604-2-1024x683.jpg","type":"","width":"","height":""}],"twitter_card":"summary_large_image","twitter_misc":{"Dur\u00e9e de lecture estim\u00e9e":"1 minute"},"schema":{"@context":"https:\/\/schema.org","@graph":[{"@type":"WebPage","@id":"https:\/\/www.aeroclub-avranches.org\/wp2\/breezer-b600-d-eqdk\/","url":"https:\/\/www.aeroclub-avranches.org\/wp2\/breezer-b600-d-eqdk\/","name":"Breezer B600 D-EQDK - A\u00e9roclub des gr\u00e8ves du Mont Saint Michel","isPartOf":{"@id":"https:\/\/www.aeroclub-avranches.org\/wp2\/#website"},"primaryImageOfPage":{"@id":"https:\/\/www.aeroclub-avranches.org\/wp2\/breezer-b600-d-eqdk\/#primaryimage"},"image":{"@id":"https:\/\/www.aeroclub-avranches.org\/wp2\/breezer-b600-d-eqdk\/#primaryimage"},"thumbnailUrl":"https:\/\/www.aeroclub-avranches.org\/wp2\/wp-content\/uploads\/2018\/11\/20170604-2-1024x683.jpg","datePublished":"2018-11-13T10:41:53+00:00","dateModified":"2018-11-13T19:49:35+00:00","breadcrumb":{"@id":"https:\/\/www.aeroclub-avranches.org\/wp2\/breezer-b600-d-eqdk\/#breadcrumb"},"inLanguage":"fr-FR","potentialAction":[{"@type":"ReadAction","target":["https:\/\/www.aeroclub-avranches.org\/wp2\/breezer-b600-d-eqdk\/"]}]},{"@type":"ImageObject","inLanguage":"fr-FR","@id":"https:\/\/www.aeroclub-avranches.org\/wp2\/breezer-b600-d-eqdk\/#primaryimage","url":"https:\/\/www.aeroclub-avranches.org\/wp2\/wp-content\/uploads\/2018\/11\/20170604-2.jpg","contentUrl":"https:\/\/www.aeroclub-avranches.org\/wp2\/wp-content\/uploads\/2018\/11\/20170604-2.jpg","width":2048,"height":1366},{"@type":"BreadcrumbList","@id":"https:\/\/www.aeroclub-avranches.org\/wp2\/breezer-b600-d-eqdk\/#breadcrumb","itemListElement":[{"@type":"ListItem","position":1,"name":"Accueil","item":"https:\/\/www.aeroclub-avranches.org\/wp2\/"},{"@type":"ListItem","position":2,"name":"Breezer B600 D-EQDK"}]},{"@type":"WebSite","@id":"https:\/\/www.aeroclub-avranches.org\/wp2\/#website","url":"https:\/\/www.aeroclub-avranches.org\/wp2\/","name":"A\u00e9roclub des gr\u00e8ves du Mont Saint Michel","description":"","publisher":{"@id":"https:\/\/www.aeroclub-avranches.org\/wp2\/#organization"},"potentialAction":[{"@type":"SearchAction","target":{"@type":"EntryPoint","urlTemplate":"https:\/\/www.aeroclub-avranches.org\/wp2\/?s={search_term_string}"},"query-input":{"@type":"PropertyValueSpecification","valueRequired":true,"valueName":"search_term_string"}}],"inLanguage":"fr-FR"},{"@type":"Organization","@id":"https:\/\/www.aeroclub-avranches.org\/wp2\/#organization","name":"A\u00e9roclub des gr\u00e8ves du Mont Saint Michel","url":"https:\/\/www.aeroclub-avranches.org\/wp2\/","logo":{"@type":"ImageObject","inLanguage":"fr-FR","@id":"https:\/\/www.aeroclub-avranches.org\/wp2\/#\/schema\/logo\/image\/","url":"https:\/\/www.aeroclub-avranches.org\/wp2\/wp-content\/uploads\/2018\/03\/Logo-ae\u0301roclub_280x280-1-e1542033573298.jpg","contentUrl":"https:\/\/www.aeroclub-avranches.org\/wp2\/wp-content\/uploads\/2018\/03\/Logo-ae\u0301roclub_280x280-1-e1542033573298.jpg","width":100,"height":99,"caption":"A\u00e9roclub des gr\u00e8ves du Mont Saint Michel"},"image":{"@id":"https:\/\/www.aeroclub-avranches.org\/wp2\/#\/schema\/logo\/image\/"},"sameAs":["https:\/\/www.facebook.com\/people\/Aro-club-des-Grves-du-Mont-Saint-Michel\/100064930290598\/"]}]}},"_links":{"self":[{"href":"https:\/\/www.aeroclub-avranches.org\/wp2\/wp-json\/wp\/v2\/pages\/972","targetHints":{"allow":["GET"]}}],"collection":[{"href":"https:\/\/www.aeroclub-avranches.org\/wp2\/wp-json\/wp\/v2\/pages"}],"about":[{"href":"https:\/\/www.aeroclub-avranches.org\/wp2\/wp-json\/wp\/v2\/types\/page"}],"author":[{"embeddable":true,"href":"https:\/\/www.aeroclub-avranches.org\/wp2\/wp-json\/wp\/v2\/users\/12"}],"replies":[{"embeddable":true,"href":"https:\/\/www.aeroclub-avranches.org\/wp2\/wp-json\/wp\/v2\/comments?post=972"}],"version-history":[{"count":8,"href":"https:\/\/www.aeroclub-avranches.org\/wp2\/wp-json\/wp\/v2\/pages\/972\/revisions"}],"predecessor-version":[{"id":1031,"href":"https:\/\/www.aeroclub-avranches.org\/wp2\/wp-json\/wp\/v2\/pages\/972\/revisions\/1031"}],"wp:attachment":[{"href":"https:\/\/www.aeroclub-avranches.org\/wp2\/wp-json\/wp\/v2\/media?parent=972"}],"curies":[{"name":"wp","href":"https:\/\/api.w.org\/{rel}","templated":true}]}}