{"id":125,"date":"2017-10-23T08:53:28","date_gmt":"2017-10-23T06:53:28","guid":{"rendered":"http:\/\/www.aeroclub-avranches.org\/wp2\/?post_type=product&#038;p=125"},"modified":"2024-06-28T12:46:28","modified_gmt":"2024-06-28T10:46:28","slug":"bapteme-30mn-1-personne","status":"publish","type":"product","link":"https:\/\/www.aeroclub-avranches.org\/wp2\/produit\/bapteme-30mn-1-personne\/","title":{"rendered":"Vol D\u00e9couverte \/ Bapt\u00eame 1 personne, 30mn"},"content":{"rendered":"<p style=\"text-align: center;\">D\u00e9couvrez la baie de Cancale ou Granville, et la Baie du Mont Saint Michel<\/p>\n<p style=\"text-align: center;\">Pointe du Grouin<img loading=\"lazy\" decoding=\"async\" class=\"aligncenter size-medium wp-image-1444\" src=\"http:\/\/www.aeroclub-avranches.org\/wp2\/wp-content\/uploads\/2017\/10\/pointe_du_grouin-300x200.jpg\" alt=\"\" width=\"300\" height=\"200\" \/><\/p>\n<p style=\"text-align: center;\">Cancale <a href=\"http:\/\/www.aeroclub-avranches.org\/wp2\/wp-content\/uploads\/2017\/10\/cancale.jpg\"><img loading=\"lazy\" decoding=\"async\" class=\"aligncenter size-medium wp-image-1443\" src=\"http:\/\/www.aeroclub-avranches.org\/wp2\/wp-content\/uploads\/2017\/10\/cancale-300x200.jpg\" alt=\"\" width=\"300\" height=\"200\" \/><\/a><\/p>\n<p style=\"text-align: center;\">La pointe du Roc Granville<\/p>\n<p><a href=\"http:\/\/www.aeroclub-avranches.org\/wp2\/wp-content\/uploads\/2017\/10\/granville.jpg\"><img loading=\"lazy\" decoding=\"async\" class=\"size-medium wp-image-1442 aligncenter\" src=\"http:\/\/www.aeroclub-avranches.org\/wp2\/wp-content\/uploads\/2017\/10\/granville-300x225.jpg\" alt=\"\" width=\"300\" height=\"225\" \/><\/a><\/p>\n<p>&nbsp;<\/p>\n","protected":false},"excerpt":{"rendered":"<p>Circuit vers Cancale<br \/>\n<img loading=\"lazy\" decoding=\"async\" class=\"alignnone size-medium wp-image-171\" src=\"http:\/\/www.aeroclub-avranches.org\/wp2\/wp-content\/uploads\/2017\/10\/Capture-2017-10-23-\u00e0-10.07.13-300x114.png\" alt=\"\" width=\"300\" height=\"114\" srcset=\"https:\/\/www.aeroclub-avranches.org\/wp2\/wp-content\/uploads\/2017\/10\/Capture-2017-10-23-\u00e0-10.07.13-300x114.png 300w, https:\/\/www.aeroclub-avranches.org\/wp2\/wp-content\/uploads\/2017\/10\/Capture-2017-10-23-\u00e0-10.07.13-400x151.png 400w, https:\/\/www.aeroclub-avranches.org\/wp2\/wp-content\/uploads\/2017\/10\/Capture-2017-10-23-\u00e0-10.07.13-619x234.png 619w, https:\/\/www.aeroclub-avranches.org\/wp2\/wp-content\/uploads\/2017\/10\/Capture-2017-10-23-\u00e0-10.07.13.png 658w\" sizes=\"auto, (max-width: 300px) 85vw, 300px\" \/><\/p>\n<p>Circuit vers Granville<\/p>\n<p><img loading=\"lazy\" decoding=\"async\" class=\"alignnone size-medium wp-image-170\" src=\"http:\/\/www.aeroclub-avranches.org\/wp2\/wp-content\/uploads\/2017\/10\/Capture-2017-10-23-\u00e0-10.07.05-247x300.png\" alt=\"\" width=\"247\" height=\"300\" srcset=\"https:\/\/www.aeroclub-avranches.org\/wp2\/wp-content\/uploads\/2017\/10\/Capture-2017-10-23-\u00e0-10.07.05-247x300.png 247w, https:\/\/www.aeroclub-avranches.org\/wp2\/wp-content\/uploads\/2017\/10\/Capture-2017-10-23-\u00e0-10.07.05.png 320w\" sizes=\"auto, (max-width: 247px) 85vw, 247px\" \/><\/p>\n<p>Ou tout autre circuit dans un rayon de 30km <strong>et<\/strong> de 30mn de vol<br \/>\n<img loading=\"lazy\" decoding=\"async\" class=\"alignnone size-medium wp-image-167\" src=\"http:\/\/www.aeroclub-avranches.org\/wp2\/wp-content\/uploads\/2017\/10\/Capture-2017-10-23-\u00e0-10.04.38-286x300.png\" alt=\"\" width=\"286\" height=\"300\" srcset=\"https:\/\/www.aeroclub-avranches.org\/wp2\/wp-content\/uploads\/2017\/10\/Capture-2017-10-23-\u00e0-10.04.38-286x300.png 286w, https:\/\/www.aeroclub-avranches.org\/wp2\/wp-content\/uploads\/2017\/10\/Capture-2017-10-23-\u00e0-10.04.38.png 309w\" sizes=\"auto, (max-width: 286px) 85vw, 286px\" \/><\/p>\n","protected":false},"featured_media":175,"template":"","meta":[],"product_brand":[],"product_cat":[27],"product_tag":[],"class_list":{"0":"post-125","1":"product","2":"type-product","3":"status-publish","4":"has-post-thumbnail","6":"product_cat-vol-decouverte-type-bapteme","8":"first","9":"instock","10":"shipping-taxable","11":"purchasable","12":"product-type-simple"},"yoast_head":"<!-- This site is optimized with the Yoast SEO plugin v27.3 - https:\/\/yoast.com\/product\/yoast-seo-wordpress\/ -->\n<title>Vol D\u00e9couverte \/ Bapt\u00eame 1 personne, 30mn - A\u00e9roclub des gr\u00e8ves du Mont Saint Michel<\/title>\n<meta name=\"robots\" content=\"index, follow, max-snippet:-1, max-image-preview:large, max-video-preview:-1\" \/>\n<link rel=\"canonical\" href=\"https:\/\/www.aeroclub-avranches.org\/wp2\/produit\/bapteme-30mn-1-personne\/\" \/>\n<meta property=\"og:locale\" content=\"fr_FR\" \/>\n<meta property=\"og:type\" content=\"article\" \/>\n<meta property=\"og:title\" content=\"Vol D\u00e9couverte \/ Bapt\u00eame 1 personne, 30mn - A\u00e9roclub des gr\u00e8ves du Mont Saint Michel\" \/>\n<meta property=\"og:description\" content=\"Circuit vers Cancale   Circuit vers Granville    Ou tout autre circuit dans un rayon de 30km et de 30mn de vol\" \/>\n<meta property=\"og:url\" content=\"https:\/\/www.aeroclub-avranches.org\/wp2\/produit\/bapteme-30mn-1-personne\/\" \/>\n<meta property=\"og:site_name\" content=\"A\u00e9roclub des gr\u00e8ves du Mont Saint Michel\" \/>\n<meta property=\"article:publisher\" content=\"https:\/\/www.facebook.com\/people\/Aro-club-des-Grves-du-Mont-Saint-Michel\/100064930290598\/\" \/>\n<meta property=\"article:modified_time\" content=\"2024-06-28T10:46:28+00:00\" \/>\n<meta property=\"og:image\" content=\"https:\/\/www.aeroclub-avranches.org\/wp2\/wp-content\/uploads\/2017\/10\/Capture-2017-10-23-\u00e0-10.36.41.png\" \/>\n\t<meta property=\"og:image:width\" content=\"872\" \/>\n\t<meta property=\"og:image:height\" content=\"496\" \/>\n\t<meta property=\"og:image:type\" content=\"image\/png\" \/>\n<meta name=\"twitter:card\" content=\"summary_large_image\" \/>\n<script type=\"application\/ld+json\" class=\"yoast-schema-graph\">{\"@context\":\"https:\\\/\\\/schema.org\",\"@graph\":[{\"@type\":\"WebPage\",\"@id\":\"https:\\\/\\\/www.aeroclub-avranches.org\\\/wp2\\\/produit\\\/bapteme-30mn-1-personne\\\/\",\"url\":\"https:\\\/\\\/www.aeroclub-avranches.org\\\/wp2\\\/produit\\\/bapteme-30mn-1-personne\\\/\",\"name\":\"Vol D\u00e9couverte \\\/ Bapt\u00eame 1 personne, 30mn - A\u00e9roclub des gr\u00e8ves du Mont Saint Michel\",\"isPartOf\":{\"@id\":\"https:\\\/\\\/www.aeroclub-avranches.org\\\/wp2\\\/#website\"},\"primaryImageOfPage\":{\"@id\":\"https:\\\/\\\/www.aeroclub-avranches.org\\\/wp2\\\/produit\\\/bapteme-30mn-1-personne\\\/#primaryimage\"},\"image\":{\"@id\":\"https:\\\/\\\/www.aeroclub-avranches.org\\\/wp2\\\/produit\\\/bapteme-30mn-1-personne\\\/#primaryimage\"},\"thumbnailUrl\":\"https:\\\/\\\/www.aeroclub-avranches.org\\\/wp2\\\/wp-content\\\/uploads\\\/2017\\\/10\\\/Capture-2017-10-23-\u00e0-10.36.41.png\",\"datePublished\":\"2017-10-23T06:53:28+00:00\",\"dateModified\":\"2024-06-28T10:46:28+00:00\",\"breadcrumb\":{\"@id\":\"https:\\\/\\\/www.aeroclub-avranches.org\\\/wp2\\\/produit\\\/bapteme-30mn-1-personne\\\/#breadcrumb\"},\"inLanguage\":\"fr-FR\",\"potentialAction\":[{\"@type\":\"ReadAction\",\"target\":[\"https:\\\/\\\/www.aeroclub-avranches.org\\\/wp2\\\/produit\\\/bapteme-30mn-1-personne\\\/\"]}]},{\"@type\":\"ImageObject\",\"inLanguage\":\"fr-FR\",\"@id\":\"https:\\\/\\\/www.aeroclub-avranches.org\\\/wp2\\\/produit\\\/bapteme-30mn-1-personne\\\/#primaryimage\",\"url\":\"https:\\\/\\\/www.aeroclub-avranches.org\\\/wp2\\\/wp-content\\\/uploads\\\/2017\\\/10\\\/Capture-2017-10-23-\u00e0-10.36.41.png\",\"contentUrl\":\"https:\\\/\\\/www.aeroclub-avranches.org\\\/wp2\\\/wp-content\\\/uploads\\\/2017\\\/10\\\/Capture-2017-10-23-\u00e0-10.36.41.png\",\"width\":872,\"height\":496},{\"@type\":\"BreadcrumbList\",\"@id\":\"https:\\\/\\\/www.aeroclub-avranches.org\\\/wp2\\\/produit\\\/bapteme-30mn-1-personne\\\/#breadcrumb\",\"itemListElement\":[{\"@type\":\"ListItem\",\"position\":1,\"name\":\"Accueil\",\"item\":\"https:\\\/\\\/www.aeroclub-avranches.org\\\/wp2\\\/\"},{\"@type\":\"ListItem\",\"position\":2,\"name\":\"Boutique\",\"item\":\"https:\\\/\\\/www.aeroclub-avranches.org\\\/wp2\\\/boutique\\\/\"},{\"@type\":\"ListItem\",\"position\":3,\"name\":\"Vol D\u00e9couverte \\\/ Bapt\u00eame 1 personne, 30mn\"}]},{\"@type\":\"WebSite\",\"@id\":\"https:\\\/\\\/www.aeroclub-avranches.org\\\/wp2\\\/#website\",\"url\":\"https:\\\/\\\/www.aeroclub-avranches.org\\\/wp2\\\/\",\"name\":\"A\u00e9roclub des gr\u00e8ves du Mont Saint Michel\",\"description\":\"\",\"publisher\":{\"@id\":\"https:\\\/\\\/www.aeroclub-avranches.org\\\/wp2\\\/#organization\"},\"potentialAction\":[{\"@type\":\"SearchAction\",\"target\":{\"@type\":\"EntryPoint\",\"urlTemplate\":\"https:\\\/\\\/www.aeroclub-avranches.org\\\/wp2\\\/?s={search_term_string}\"},\"query-input\":{\"@type\":\"PropertyValueSpecification\",\"valueRequired\":true,\"valueName\":\"search_term_string\"}}],\"inLanguage\":\"fr-FR\"},{\"@type\":\"Organization\",\"@id\":\"https:\\\/\\\/www.aeroclub-avranches.org\\\/wp2\\\/#organization\",\"name\":\"A\u00e9roclub des gr\u00e8ves du Mont Saint Michel\",\"url\":\"https:\\\/\\\/www.aeroclub-avranches.org\\\/wp2\\\/\",\"logo\":{\"@type\":\"ImageObject\",\"inLanguage\":\"fr-FR\",\"@id\":\"https:\\\/\\\/www.aeroclub-avranches.org\\\/wp2\\\/#\\\/schema\\\/logo\\\/image\\\/\",\"url\":\"https:\\\/\\\/www.aeroclub-avranches.org\\\/wp2\\\/wp-content\\\/uploads\\\/2018\\\/03\\\/Logo-ae\u0301roclub_280x280-1-e1542033573298.jpg\",\"contentUrl\":\"https:\\\/\\\/www.aeroclub-avranches.org\\\/wp2\\\/wp-content\\\/uploads\\\/2018\\\/03\\\/Logo-ae\u0301roclub_280x280-1-e1542033573298.jpg\",\"width\":100,\"height\":99,\"caption\":\"A\u00e9roclub des gr\u00e8ves du Mont Saint Michel\"},\"image\":{\"@id\":\"https:\\\/\\\/www.aeroclub-avranches.org\\\/wp2\\\/#\\\/schema\\\/logo\\\/image\\\/\"},\"sameAs\":[\"https:\\\/\\\/www.facebook.com\\\/people\\\/Aro-club-des-Grves-du-Mont-Saint-Michel\\\/100064930290598\\\/\"]}]}<\/script>\n<!-- \/ Yoast SEO plugin. -->","yoast_head_json":{"title":"Vol D\u00e9couverte \/ Bapt\u00eame 1 personne, 30mn - A\u00e9roclub des gr\u00e8ves du Mont Saint Michel","robots":{"index":"index","follow":"follow","max-snippet":"max-snippet:-1","max-image-preview":"max-image-preview:large","max-video-preview":"max-video-preview:-1"},"canonical":"https:\/\/www.aeroclub-avranches.org\/wp2\/produit\/bapteme-30mn-1-personne\/","og_locale":"fr_FR","og_type":"article","og_title":"Vol D\u00e9couverte \/ Bapt\u00eame 1 personne, 30mn - A\u00e9roclub des gr\u00e8ves du Mont Saint Michel","og_description":"Circuit vers Cancale   Circuit vers Granville    Ou tout autre circuit dans un rayon de 30km et de 30mn de vol","og_url":"https:\/\/www.aeroclub-avranches.org\/wp2\/produit\/bapteme-30mn-1-personne\/","og_site_name":"A\u00e9roclub des gr\u00e8ves du Mont Saint Michel","article_publisher":"https:\/\/www.facebook.com\/people\/Aro-club-des-Grves-du-Mont-Saint-Michel\/100064930290598\/","article_modified_time":"2024-06-28T10:46:28+00:00","og_image":[{"width":872,"height":496,"url":"https:\/\/www.aeroclub-avranches.org\/wp2\/wp-content\/uploads\/2017\/10\/Capture-2017-10-23-\u00e0-10.36.41.png","type":"image\/png"}],"twitter_card":"summary_large_image","schema":{"@context":"https:\/\/schema.org","@graph":[{"@type":"WebPage","@id":"https:\/\/www.aeroclub-avranches.org\/wp2\/produit\/bapteme-30mn-1-personne\/","url":"https:\/\/www.aeroclub-avranches.org\/wp2\/produit\/bapteme-30mn-1-personne\/","name":"Vol D\u00e9couverte \/ Bapt\u00eame 1 personne, 30mn - A\u00e9roclub des gr\u00e8ves du Mont Saint Michel","isPartOf":{"@id":"https:\/\/www.aeroclub-avranches.org\/wp2\/#website"},"primaryImageOfPage":{"@id":"https:\/\/www.aeroclub-avranches.org\/wp2\/produit\/bapteme-30mn-1-personne\/#primaryimage"},"image":{"@id":"https:\/\/www.aeroclub-avranches.org\/wp2\/produit\/bapteme-30mn-1-personne\/#primaryimage"},"thumbnailUrl":"https:\/\/www.aeroclub-avranches.org\/wp2\/wp-content\/uploads\/2017\/10\/Capture-2017-10-23-\u00e0-10.36.41.png","datePublished":"2017-10-23T06:53:28+00:00","dateModified":"2024-06-28T10:46:28+00:00","breadcrumb":{"@id":"https:\/\/www.aeroclub-avranches.org\/wp2\/produit\/bapteme-30mn-1-personne\/#breadcrumb"},"inLanguage":"fr-FR","potentialAction":[{"@type":"ReadAction","target":["https:\/\/www.aeroclub-avranches.org\/wp2\/produit\/bapteme-30mn-1-personne\/"]}]},{"@type":"ImageObject","inLanguage":"fr-FR","@id":"https:\/\/www.aeroclub-avranches.org\/wp2\/produit\/bapteme-30mn-1-personne\/#primaryimage","url":"https:\/\/www.aeroclub-avranches.org\/wp2\/wp-content\/uploads\/2017\/10\/Capture-2017-10-23-\u00e0-10.36.41.png","contentUrl":"https:\/\/www.aeroclub-avranches.org\/wp2\/wp-content\/uploads\/2017\/10\/Capture-2017-10-23-\u00e0-10.36.41.png","width":872,"height":496},{"@type":"BreadcrumbList","@id":"https:\/\/www.aeroclub-avranches.org\/wp2\/produit\/bapteme-30mn-1-personne\/#breadcrumb","itemListElement":[{"@type":"ListItem","position":1,"name":"Accueil","item":"https:\/\/www.aeroclub-avranches.org\/wp2\/"},{"@type":"ListItem","position":2,"name":"Boutique","item":"https:\/\/www.aeroclub-avranches.org\/wp2\/boutique\/"},{"@type":"ListItem","position":3,"name":"Vol D\u00e9couverte \/ Bapt\u00eame 1 personne, 30mn"}]},{"@type":"WebSite","@id":"https:\/\/www.aeroclub-avranches.org\/wp2\/#website","url":"https:\/\/www.aeroclub-avranches.org\/wp2\/","name":"A\u00e9roclub des gr\u00e8ves du Mont Saint Michel","description":"","publisher":{"@id":"https:\/\/www.aeroclub-avranches.org\/wp2\/#organization"},"potentialAction":[{"@type":"SearchAction","target":{"@type":"EntryPoint","urlTemplate":"https:\/\/www.aeroclub-avranches.org\/wp2\/?s={search_term_string}"},"query-input":{"@type":"PropertyValueSpecification","valueRequired":true,"valueName":"search_term_string"}}],"inLanguage":"fr-FR"},{"@type":"Organization","@id":"https:\/\/www.aeroclub-avranches.org\/wp2\/#organization","name":"A\u00e9roclub des gr\u00e8ves du Mont Saint Michel","url":"https:\/\/www.aeroclub-avranches.org\/wp2\/","logo":{"@type":"ImageObject","inLanguage":"fr-FR","@id":"https:\/\/www.aeroclub-avranches.org\/wp2\/#\/schema\/logo\/image\/","url":"https:\/\/www.aeroclub-avranches.org\/wp2\/wp-content\/uploads\/2018\/03\/Logo-ae\u0301roclub_280x280-1-e1542033573298.jpg","contentUrl":"https:\/\/www.aeroclub-avranches.org\/wp2\/wp-content\/uploads\/2018\/03\/Logo-ae\u0301roclub_280x280-1-e1542033573298.jpg","width":100,"height":99,"caption":"A\u00e9roclub des gr\u00e8ves du Mont Saint Michel"},"image":{"@id":"https:\/\/www.aeroclub-avranches.org\/wp2\/#\/schema\/logo\/image\/"},"sameAs":["https:\/\/www.facebook.com\/people\/Aro-club-des-Grves-du-Mont-Saint-Michel\/100064930290598\/"]}]}},"_links":{"self":[{"href":"https:\/\/www.aeroclub-avranches.org\/wp2\/wp-json\/wp\/v2\/product\/125","targetHints":{"allow":["GET"]}}],"collection":[{"href":"https:\/\/www.aeroclub-avranches.org\/wp2\/wp-json\/wp\/v2\/product"}],"about":[{"href":"https:\/\/www.aeroclub-avranches.org\/wp2\/wp-json\/wp\/v2\/types\/product"}],"wp:featuredmedia":[{"embeddable":true,"href":"https:\/\/www.aeroclub-avranches.org\/wp2\/wp-json\/wp\/v2\/media\/175"}],"wp:attachment":[{"href":"https:\/\/www.aeroclub-avranches.org\/wp2\/wp-json\/wp\/v2\/media?parent=125"}],"wp:term":[{"taxonomy":"product_brand","embeddable":true,"href":"https:\/\/www.aeroclub-avranches.org\/wp2\/wp-json\/wp\/v2\/product_brand?post=125"},{"taxonomy":"product_cat","embeddable":true,"href":"https:\/\/www.aeroclub-avranches.org\/wp2\/wp-json\/wp\/v2\/product_cat?post=125"},{"taxonomy":"product_tag","embeddable":true,"href":"https:\/\/www.aeroclub-avranches.org\/wp2\/wp-json\/wp\/v2\/product_tag?post=125"}],"curies":[{"name":"wp","href":"https:\/\/api.w.org\/{rel}","templated":true}]}}