{"id":128,"date":"2017-10-23T08:56:52","date_gmt":"2017-10-23T06:56:52","guid":{"rendered":"http:\/\/www.aeroclub-avranches.org\/wp2\/?post_type=product&#038;p=128"},"modified":"2023-04-15T09:35:56","modified_gmt":"2023-04-15T07:35:56","slug":"bapteme-15mn-3-personnes","status":"publish","type":"product","link":"https:\/\/www.aeroclub-avranches.org\/wp2\/produit\/bapteme-15mn-3-personnes\/","title":{"rendered":"Vol D\u00e9couverte \/ Bapt\u00eame 3 personnes, 15mn"},"content":{"rendered":"<p>D\u00e9couvrez la baie du Mont Saint Michel<\/p>\n<p><img loading=\"lazy\" decoding=\"async\" class=\"alignnone size-medium wp-image-166\" src=\"http:\/\/www.aeroclub-avranches.org\/wp2\/wp-content\/uploads\/2017\/10\/Capture-2017-10-23-\u00e0-10.02.51-300x164.png\" alt=\"\" width=\"300\" height=\"164\" srcset=\"https:\/\/www.aeroclub-avranches.org\/wp2\/wp-content\/uploads\/2017\/10\/Capture-2017-10-23-\u00e0-10.02.51-300x164.png 300w, https:\/\/www.aeroclub-avranches.org\/wp2\/wp-content\/uploads\/2017\/10\/Capture-2017-10-23-\u00e0-10.02.51-400x218.png 400w, https:\/\/www.aeroclub-avranches.org\/wp2\/wp-content\/uploads\/2017\/10\/Capture-2017-10-23-\u00e0-10.02.51.png 467w\" sizes=\"auto, (max-width: 300px) 85vw, 300px\" \/><\/p>\n","protected":false},"excerpt":{"rendered":"<p>D\u00e9couvrez la baie du Mont Saint Michel<\/p>\n","protected":false},"featured_media":148,"template":"","meta":[],"product_brand":[],"product_cat":[27],"product_tag":[],"class_list":{"0":"post-128","1":"product","2":"type-product","3":"status-publish","4":"has-post-thumbnail","6":"product_cat-vol-decouverte-type-bapteme","8":"first","9":"instock","10":"shipping-taxable","11":"purchasable","12":"product-type-simple"},"yoast_head":"<!-- This site is optimized with the Yoast SEO plugin v27.3 - https:\/\/yoast.com\/product\/yoast-seo-wordpress\/ -->\n<title>Vol D\u00e9couverte \/ Bapt\u00eame 3 personnes, 15mn - A\u00e9roclub des gr\u00e8ves du Mont Saint Michel<\/title>\n<meta name=\"robots\" content=\"index, follow, max-snippet:-1, max-image-preview:large, max-video-preview:-1\" \/>\n<link rel=\"canonical\" href=\"https:\/\/www.aeroclub-avranches.org\/wp2\/produit\/bapteme-15mn-3-personnes\/\" \/>\n<meta property=\"og:locale\" content=\"fr_FR\" \/>\n<meta property=\"og:type\" content=\"article\" \/>\n<meta property=\"og:title\" content=\"Vol D\u00e9couverte \/ Bapt\u00eame 3 personnes, 15mn - A\u00e9roclub des gr\u00e8ves du Mont Saint Michel\" \/>\n<meta property=\"og:description\" content=\"D\u00e9couvrez la baie du Mont Saint Michel\" \/>\n<meta property=\"og:url\" content=\"https:\/\/www.aeroclub-avranches.org\/wp2\/produit\/bapteme-15mn-3-personnes\/\" \/>\n<meta property=\"og:site_name\" content=\"A\u00e9roclub des gr\u00e8ves du Mont Saint Michel\" \/>\n<meta property=\"article:publisher\" content=\"https:\/\/www.facebook.com\/people\/Aro-club-des-Grves-du-Mont-Saint-Michel\/100064930290598\/\" \/>\n<meta property=\"article:modified_time\" content=\"2023-04-15T07:35:56+00:00\" \/>\n<meta property=\"og:image\" content=\"https:\/\/www.aeroclub-avranches.org\/wp2\/wp-content\/uploads\/2017\/10\/Capture-2016-05-07-\u00e0-14.32.21-300x163.png\" \/>\n\t<meta property=\"og:image:width\" content=\"300\" \/>\n\t<meta property=\"og:image:height\" content=\"163\" \/>\n\t<meta property=\"og:image:type\" content=\"image\/png\" \/>\n<meta name=\"twitter:card\" content=\"summary_large_image\" \/>\n<script type=\"application\/ld+json\" class=\"yoast-schema-graph\">{\"@context\":\"https:\\\/\\\/schema.org\",\"@graph\":[{\"@type\":\"WebPage\",\"@id\":\"https:\\\/\\\/www.aeroclub-avranches.org\\\/wp2\\\/produit\\\/bapteme-15mn-3-personnes\\\/\",\"url\":\"https:\\\/\\\/www.aeroclub-avranches.org\\\/wp2\\\/produit\\\/bapteme-15mn-3-personnes\\\/\",\"name\":\"Vol D\u00e9couverte \\\/ Bapt\u00eame 3 personnes, 15mn - A\u00e9roclub des gr\u00e8ves du Mont Saint Michel\",\"isPartOf\":{\"@id\":\"https:\\\/\\\/www.aeroclub-avranches.org\\\/wp2\\\/#website\"},\"primaryImageOfPage\":{\"@id\":\"https:\\\/\\\/www.aeroclub-avranches.org\\\/wp2\\\/produit\\\/bapteme-15mn-3-personnes\\\/#primaryimage\"},\"image\":{\"@id\":\"https:\\\/\\\/www.aeroclub-avranches.org\\\/wp2\\\/produit\\\/bapteme-15mn-3-personnes\\\/#primaryimage\"},\"thumbnailUrl\":\"https:\\\/\\\/www.aeroclub-avranches.org\\\/wp2\\\/wp-content\\\/uploads\\\/2017\\\/10\\\/Capture-2016-05-07-\u00e0-14.32.21-300x163.png\",\"datePublished\":\"2017-10-23T06:56:52+00:00\",\"dateModified\":\"2023-04-15T07:35:56+00:00\",\"breadcrumb\":{\"@id\":\"https:\\\/\\\/www.aeroclub-avranches.org\\\/wp2\\\/produit\\\/bapteme-15mn-3-personnes\\\/#breadcrumb\"},\"inLanguage\":\"fr-FR\",\"potentialAction\":[{\"@type\":\"ReadAction\",\"target\":[\"https:\\\/\\\/www.aeroclub-avranches.org\\\/wp2\\\/produit\\\/bapteme-15mn-3-personnes\\\/\"]}]},{\"@type\":\"ImageObject\",\"inLanguage\":\"fr-FR\",\"@id\":\"https:\\\/\\\/www.aeroclub-avranches.org\\\/wp2\\\/produit\\\/bapteme-15mn-3-personnes\\\/#primaryimage\",\"url\":\"https:\\\/\\\/www.aeroclub-avranches.org\\\/wp2\\\/wp-content\\\/uploads\\\/2017\\\/10\\\/Capture-2016-05-07-\u00e0-14.32.21-300x163.png\",\"contentUrl\":\"https:\\\/\\\/www.aeroclub-avranches.org\\\/wp2\\\/wp-content\\\/uploads\\\/2017\\\/10\\\/Capture-2016-05-07-\u00e0-14.32.21-300x163.png\",\"width\":300,\"height\":163},{\"@type\":\"BreadcrumbList\",\"@id\":\"https:\\\/\\\/www.aeroclub-avranches.org\\\/wp2\\\/produit\\\/bapteme-15mn-3-personnes\\\/#breadcrumb\",\"itemListElement\":[{\"@type\":\"ListItem\",\"position\":1,\"name\":\"Accueil\",\"item\":\"https:\\\/\\\/www.aeroclub-avranches.org\\\/wp2\\\/\"},{\"@type\":\"ListItem\",\"position\":2,\"name\":\"Boutique\",\"item\":\"https:\\\/\\\/www.aeroclub-avranches.org\\\/wp2\\\/boutique\\\/\"},{\"@type\":\"ListItem\",\"position\":3,\"name\":\"Vol D\u00e9couverte \\\/ Bapt\u00eame 3 personnes, 15mn\"}]},{\"@type\":\"WebSite\",\"@id\":\"https:\\\/\\\/www.aeroclub-avranches.org\\\/wp2\\\/#website\",\"url\":\"https:\\\/\\\/www.aeroclub-avranches.org\\\/wp2\\\/\",\"name\":\"A\u00e9roclub des gr\u00e8ves du Mont Saint Michel\",\"description\":\"\",\"publisher\":{\"@id\":\"https:\\\/\\\/www.aeroclub-avranches.org\\\/wp2\\\/#organization\"},\"potentialAction\":[{\"@type\":\"SearchAction\",\"target\":{\"@type\":\"EntryPoint\",\"urlTemplate\":\"https:\\\/\\\/www.aeroclub-avranches.org\\\/wp2\\\/?s={search_term_string}\"},\"query-input\":{\"@type\":\"PropertyValueSpecification\",\"valueRequired\":true,\"valueName\":\"search_term_string\"}}],\"inLanguage\":\"fr-FR\"},{\"@type\":\"Organization\",\"@id\":\"https:\\\/\\\/www.aeroclub-avranches.org\\\/wp2\\\/#organization\",\"name\":\"A\u00e9roclub des gr\u00e8ves du Mont Saint Michel\",\"url\":\"https:\\\/\\\/www.aeroclub-avranches.org\\\/wp2\\\/\",\"logo\":{\"@type\":\"ImageObject\",\"inLanguage\":\"fr-FR\",\"@id\":\"https:\\\/\\\/www.aeroclub-avranches.org\\\/wp2\\\/#\\\/schema\\\/logo\\\/image\\\/\",\"url\":\"https:\\\/\\\/www.aeroclub-avranches.org\\\/wp2\\\/wp-content\\\/uploads\\\/2018\\\/03\\\/Logo-ae\u0301roclub_280x280-1-e1542033573298.jpg\",\"contentUrl\":\"https:\\\/\\\/www.aeroclub-avranches.org\\\/wp2\\\/wp-content\\\/uploads\\\/2018\\\/03\\\/Logo-ae\u0301roclub_280x280-1-e1542033573298.jpg\",\"width\":100,\"height\":99,\"caption\":\"A\u00e9roclub des gr\u00e8ves du Mont Saint Michel\"},\"image\":{\"@id\":\"https:\\\/\\\/www.aeroclub-avranches.org\\\/wp2\\\/#\\\/schema\\\/logo\\\/image\\\/\"},\"sameAs\":[\"https:\\\/\\\/www.facebook.com\\\/people\\\/Aro-club-des-Grves-du-Mont-Saint-Michel\\\/100064930290598\\\/\"]}]}<\/script>\n<!-- \/ Yoast SEO plugin. -->","yoast_head_json":{"title":"Vol D\u00e9couverte \/ Bapt\u00eame 3 personnes, 15mn - A\u00e9roclub des gr\u00e8ves du Mont Saint Michel","robots":{"index":"index","follow":"follow","max-snippet":"max-snippet:-1","max-image-preview":"max-image-preview:large","max-video-preview":"max-video-preview:-1"},"canonical":"https:\/\/www.aeroclub-avranches.org\/wp2\/produit\/bapteme-15mn-3-personnes\/","og_locale":"fr_FR","og_type":"article","og_title":"Vol D\u00e9couverte \/ Bapt\u00eame 3 personnes, 15mn - A\u00e9roclub des gr\u00e8ves du Mont Saint Michel","og_description":"D\u00e9couvrez la baie du Mont Saint Michel","og_url":"https:\/\/www.aeroclub-avranches.org\/wp2\/produit\/bapteme-15mn-3-personnes\/","og_site_name":"A\u00e9roclub des gr\u00e8ves du Mont Saint Michel","article_publisher":"https:\/\/www.facebook.com\/people\/Aro-club-des-Grves-du-Mont-Saint-Michel\/100064930290598\/","article_modified_time":"2023-04-15T07:35:56+00:00","og_image":[{"width":300,"height":163,"url":"https:\/\/www.aeroclub-avranches.org\/wp2\/wp-content\/uploads\/2017\/10\/Capture-2016-05-07-\u00e0-14.32.21-300x163.png","type":"image\/png"}],"twitter_card":"summary_large_image","schema":{"@context":"https:\/\/schema.org","@graph":[{"@type":"WebPage","@id":"https:\/\/www.aeroclub-avranches.org\/wp2\/produit\/bapteme-15mn-3-personnes\/","url":"https:\/\/www.aeroclub-avranches.org\/wp2\/produit\/bapteme-15mn-3-personnes\/","name":"Vol D\u00e9couverte \/ Bapt\u00eame 3 personnes, 15mn - A\u00e9roclub des gr\u00e8ves du Mont Saint Michel","isPartOf":{"@id":"https:\/\/www.aeroclub-avranches.org\/wp2\/#website"},"primaryImageOfPage":{"@id":"https:\/\/www.aeroclub-avranches.org\/wp2\/produit\/bapteme-15mn-3-personnes\/#primaryimage"},"image":{"@id":"https:\/\/www.aeroclub-avranches.org\/wp2\/produit\/bapteme-15mn-3-personnes\/#primaryimage"},"thumbnailUrl":"https:\/\/www.aeroclub-avranches.org\/wp2\/wp-content\/uploads\/2017\/10\/Capture-2016-05-07-\u00e0-14.32.21-300x163.png","datePublished":"2017-10-23T06:56:52+00:00","dateModified":"2023-04-15T07:35:56+00:00","breadcrumb":{"@id":"https:\/\/www.aeroclub-avranches.org\/wp2\/produit\/bapteme-15mn-3-personnes\/#breadcrumb"},"inLanguage":"fr-FR","potentialAction":[{"@type":"ReadAction","target":["https:\/\/www.aeroclub-avranches.org\/wp2\/produit\/bapteme-15mn-3-personnes\/"]}]},{"@type":"ImageObject","inLanguage":"fr-FR","@id":"https:\/\/www.aeroclub-avranches.org\/wp2\/produit\/bapteme-15mn-3-personnes\/#primaryimage","url":"https:\/\/www.aeroclub-avranches.org\/wp2\/wp-content\/uploads\/2017\/10\/Capture-2016-05-07-\u00e0-14.32.21-300x163.png","contentUrl":"https:\/\/www.aeroclub-avranches.org\/wp2\/wp-content\/uploads\/2017\/10\/Capture-2016-05-07-\u00e0-14.32.21-300x163.png","width":300,"height":163},{"@type":"BreadcrumbList","@id":"https:\/\/www.aeroclub-avranches.org\/wp2\/produit\/bapteme-15mn-3-personnes\/#breadcrumb","itemListElement":[{"@type":"ListItem","position":1,"name":"Accueil","item":"https:\/\/www.aeroclub-avranches.org\/wp2\/"},{"@type":"ListItem","position":2,"name":"Boutique","item":"https:\/\/www.aeroclub-avranches.org\/wp2\/boutique\/"},{"@type":"ListItem","position":3,"name":"Vol D\u00e9couverte \/ Bapt\u00eame 3 personnes, 15mn"}]},{"@type":"WebSite","@id":"https:\/\/www.aeroclub-avranches.org\/wp2\/#website","url":"https:\/\/www.aeroclub-avranches.org\/wp2\/","name":"A\u00e9roclub des gr\u00e8ves du Mont Saint Michel","description":"","publisher":{"@id":"https:\/\/www.aeroclub-avranches.org\/wp2\/#organization"},"potentialAction":[{"@type":"SearchAction","target":{"@type":"EntryPoint","urlTemplate":"https:\/\/www.aeroclub-avranches.org\/wp2\/?s={search_term_string}"},"query-input":{"@type":"PropertyValueSpecification","valueRequired":true,"valueName":"search_term_string"}}],"inLanguage":"fr-FR"},{"@type":"Organization","@id":"https:\/\/www.aeroclub-avranches.org\/wp2\/#organization","name":"A\u00e9roclub des gr\u00e8ves du Mont Saint Michel","url":"https:\/\/www.aeroclub-avranches.org\/wp2\/","logo":{"@type":"ImageObject","inLanguage":"fr-FR","@id":"https:\/\/www.aeroclub-avranches.org\/wp2\/#\/schema\/logo\/image\/","url":"https:\/\/www.aeroclub-avranches.org\/wp2\/wp-content\/uploads\/2018\/03\/Logo-ae\u0301roclub_280x280-1-e1542033573298.jpg","contentUrl":"https:\/\/www.aeroclub-avranches.org\/wp2\/wp-content\/uploads\/2018\/03\/Logo-ae\u0301roclub_280x280-1-e1542033573298.jpg","width":100,"height":99,"caption":"A\u00e9roclub des gr\u00e8ves du Mont Saint Michel"},"image":{"@id":"https:\/\/www.aeroclub-avranches.org\/wp2\/#\/schema\/logo\/image\/"},"sameAs":["https:\/\/www.facebook.com\/people\/Aro-club-des-Grves-du-Mont-Saint-Michel\/100064930290598\/"]}]}},"_links":{"self":[{"href":"https:\/\/www.aeroclub-avranches.org\/wp2\/wp-json\/wp\/v2\/product\/128","targetHints":{"allow":["GET"]}}],"collection":[{"href":"https:\/\/www.aeroclub-avranches.org\/wp2\/wp-json\/wp\/v2\/product"}],"about":[{"href":"https:\/\/www.aeroclub-avranches.org\/wp2\/wp-json\/wp\/v2\/types\/product"}],"wp:featuredmedia":[{"embeddable":true,"href":"https:\/\/www.aeroclub-avranches.org\/wp2\/wp-json\/wp\/v2\/media\/148"}],"wp:attachment":[{"href":"https:\/\/www.aeroclub-avranches.org\/wp2\/wp-json\/wp\/v2\/media?parent=128"}],"wp:term":[{"taxonomy":"product_brand","embeddable":true,"href":"https:\/\/www.aeroclub-avranches.org\/wp2\/wp-json\/wp\/v2\/product_brand?post=128"},{"taxonomy":"product_cat","embeddable":true,"href":"https:\/\/www.aeroclub-avranches.org\/wp2\/wp-json\/wp\/v2\/product_cat?post=128"},{"taxonomy":"product_tag","embeddable":true,"href":"https:\/\/www.aeroclub-avranches.org\/wp2\/wp-json\/wp\/v2\/product_tag?post=128"}],"curies":[{"name":"wp","href":"https:\/\/api.w.org\/{rel}","templated":true}]}}